{"id":9519,"date":"2025-08-19T11:34:54","date_gmt":"2025-08-19T03:34:54","guid":{"rendered":"https:\/\/www.hvbio.com\/?post_type=product&#038;p=9519"},"modified":"2025-08-19T11:42:43","modified_gmt":"2025-08-19T03:42:43","slug":"ellagic-acid-90","status":"publish","type":"product","link":"https:\/\/www.hvbio.com\/pt\/produto\/ellagic-acid-90\/","title":{"rendered":"\u00c1cido el\u00e1gico 90%"},"content":{"rendered":"<table>\n<tbody>\n<tr>\n<td><strong>Nome do produto<\/strong><\/td>\n<td>\u00c1cido el\u00e1gico 90%<\/td>\n<\/tr>\n<tr>\n<td><strong>Fonte<\/strong><\/td>\n<td>Este produto \u00e9 feito de cascas de rom\u00e3 secas ao sol, coletadas ap\u00f3s o amadurecimento no outono.<\/td>\n<\/tr>\n<tr>\n<td><strong>Especifica\u00e7\u00f5es<\/strong><\/td>\n<td>\u00c1cido el\u00e1gico 90% de cascas de rom\u00e3. Entre em contato com o atendimento ao cliente para obter outras especifica\u00e7\u00f5es.<\/td>\n<\/tr>\n<tr>\n<td><strong>Apar\u00eancia<\/strong><\/td>\n<td>P\u00f3 fino cinza terroso<\/td>\n<\/tr>\n<tr>\n<td><strong>M\u00e9todo de teste<\/strong><\/td>\n<td>HPLC<\/td>\n<\/tr>\n<tr>\n<td><strong>Prazo de validade<\/strong><\/td>\n<td>2 anos<\/td>\n<\/tr>\n<tr>\n<td><strong>Armazenar<\/strong><\/td>\n<td>Conservar em local fresco e seco, longe da luz e de altas temperaturas.<\/td>\n<\/tr>\n<tr>\n<td><strong>Embalagem<\/strong><\/td>\n<td>Sacos de papel alum\u00ednio de 1 kg a 5 kg; tambores de papel\u00e3o de 25 kg ou mais<\/td>\n<\/tr>\n<\/tbody>\n<\/table>","protected":false},"excerpt":{"rendered":"<table>\n<tbody>\n<tr>\n<td><strong>Nome do produto<\/strong><\/td>\n<td>\u00c1cido el\u00e1gico 90%<\/td>\n<\/tr>\n<tr>\n<td><strong>Fonte<\/strong><\/td>\n<td>Este produto \u00e9 feito de cascas de rom\u00e3 secas ao sol, coletadas ap\u00f3s o amadurecimento no outono.<\/td>\n<\/tr>\n<tr>\n<td><strong>Especifica\u00e7\u00f5es<\/strong><\/td>\n<td>\u00c1cido el\u00e1gico 90% de cascas de rom\u00e3. Entre em contato com o atendimento ao cliente para obter outras especifica\u00e7\u00f5es.<\/td>\n<\/tr>\n<tr>\n<td><strong>Apar\u00eancia<\/strong><\/td>\n<td>P\u00f3 fino cinza terroso<\/td>\n<\/tr>\n<tr>\n<td><strong>M\u00e9todo de teste<\/strong><\/td>\n<td>HPLC<\/td>\n<\/tr>\n<tr>\n<td><strong>Prazo de validade<\/strong><\/td>\n<td>2 anos<\/td>\n<\/tr>\n<tr>\n<td><strong>Armazenar<\/strong><\/td>\n<td>Conservar em local fresco e seco, longe da luz e de altas temperaturas.<\/td>\n<\/tr>\n<tr>\n<td><strong>Embalagem<\/strong><\/td>\n<td>Sacos de papel alum\u00ednio de 1 kg a 5 kg; tambores de papel\u00e3o de 25 kg ou mais<\/td>\n<\/tr>\n<\/tbody>\n<\/table>","protected":false},"featured_media":9523,"comment_status":"closed","ping_status":"closed","template":"","meta":[],"product_brand":[],"product_cat":[23],"product_tag":[],"class_list":{"0":"post-9519","1":"product","2":"type-product","3":"status-publish","4":"has-post-thumbnail","6":"product_cat-standard-extract","8":"first","9":"instock","10":"shipping-taxable","11":"product-type-simple"},"_links":{"self":[{"href":"https:\/\/www.hvbio.com\/pt\/wp-json\/wp\/v2\/product\/9519","targetHints":{"allow":["GET"]}}],"collection":[{"href":"https:\/\/www.hvbio.com\/pt\/wp-json\/wp\/v2\/product"}],"about":[{"href":"https:\/\/www.hvbio.com\/pt\/wp-json\/wp\/v2\/types\/product"}],"replies":[{"embeddable":true,"href":"https:\/\/www.hvbio.com\/pt\/wp-json\/wp\/v2\/comments?post=9519"}],"wp:featuredmedia":[{"embeddable":true,"href":"https:\/\/www.hvbio.com\/pt\/wp-json\/wp\/v2\/media\/9523"}],"wp:attachment":[{"href":"https:\/\/www.hvbio.com\/pt\/wp-json\/wp\/v2\/media?parent=9519"}],"wp:term":[{"taxonomy":"product_brand","embeddable":true,"href":"https:\/\/www.hvbio.com\/pt\/wp-json\/wp\/v2\/product_brand?post=9519"},{"taxonomy":"product_cat","embeddable":true,"href":"https:\/\/www.hvbio.com\/pt\/wp-json\/wp\/v2\/product_cat?post=9519"},{"taxonomy":"product_tag","embeddable":true,"href":"https:\/\/www.hvbio.com\/pt\/wp-json\/wp\/v2\/product_tag?post=9519"}],"curies":[{"name":"wp","href":"https:\/\/api.w.org\/{rel}","templated":true}]}}