{"id":9530,"date":"2025-08-19T11:54:41","date_gmt":"2025-08-19T03:54:41","guid":{"rendered":"https:\/\/www.hvbio.com\/?post_type=product&#038;p=9530"},"modified":"2025-08-19T11:55:30","modified_gmt":"2025-08-19T03:55:30","slug":"freeze-dried-grapefruit-powder","status":"publish","type":"product","link":"https:\/\/www.hvbio.com\/pt\/produto\/freeze-dried-grapefruit-powder\/","title":{"rendered":"P\u00f3 de toranja liofilizada"},"content":{"rendered":"<table>\n<tbody>\n<tr>\n<td><strong>Nome do produto<\/strong><\/td>\n<td>P\u00f3 de toranja liofilizada<\/td>\n<\/tr>\n<tr>\n<td><strong>Introdu\u00e7\u00e3o ao produto<\/strong><\/td>\n<td>O P\u00f3 de Toranja Liofilizado produzido por nossa empresa \u00e9 feito a partir da toranja como mat\u00e9ria-prima, utilizando a mais avan\u00e7ada tecnologia de liofiliza\u00e7\u00e3o. Ele ret\u00e9m o sabor original da toranja e cont\u00e9m uma variedade de nutrientes. \u00c9 um p\u00f3 com sabor agrad\u00e1vel, boa solubilidade em \u00e1gua e f\u00e1cil armazenamento.<\/td>\n<\/tr>\n<tr>\n<td><strong>Pe\u00e7a usada<\/strong><\/td>\n<td>Toranja<\/td>\n<\/tr>\n<tr>\n<td><strong>Caracter\u00edsticas<\/strong><\/td>\n<td>P\u00f3 amarelo claro<\/td>\n<\/tr>\n<tr>\n<td><strong>M\u00e9todo de teste<\/strong><\/td>\n<td>TLC (Cromatografia em Camada Delgada)<\/td>\n<\/tr>\n<tr>\n<td><strong>Tamanho da malha do produto<\/strong><\/td>\n<td>98% passa por uma peneira de 80 malhas<\/td>\n<\/tr>\n<tr>\n<td><strong>M\u00e9todo de embalagem<\/strong><\/td>\n<td>25 kg por tambor de papel\u00e3o ou saco de papel alum\u00ednio<\/td>\n<\/tr>\n<tr>\n<td><strong>Condi\u00e7\u00f5es de armazenamento<\/strong><\/td>\n<td>Deve ser selado e protegido da luz, armazenado em local seco, fresco e bem ventilado<\/td>\n<\/tr>\n<tr>\n<td><strong>Prazo de validade<\/strong><\/td>\n<td>24 meses<\/td>\n<\/tr>\n<tr>\n<td><strong>Expresso e Log\u00edstica<\/strong><\/td>\n<td>Entrega expressa ou log\u00edstica. A entrega expressa dom\u00e9stica geralmente chega em at\u00e9 3 dias, e a log\u00edstica, em at\u00e9 5 dias. Os or\u00e7amentos geralmente incluem os custos de transporte dom\u00e9stico.<\/td>\n<\/tr>\n<tr>\n<td><strong>Provis\u00e3o de amostra<\/strong><\/td>\n<td>Geralmente, amostras de 5-20 g s\u00e3o fornecidas para os produtos; taxas de amostra s\u00e3o cobradas para alguns produtos.<\/td>\n<\/tr>\n<tr>\n<td><strong>Embalagem do produto<\/strong><\/td>\n<td>Embalado em tambores de papel\u00e3o ou sacos de papel alum\u00ednio (embalagem personaliz\u00e1vel dispon\u00edvel mediante solicita\u00e7\u00e3o do cliente)<\/td>\n<\/tr>\n<\/tbody>\n<\/table>","protected":false},"excerpt":{"rendered":"<table>\n<tbody>\n<tr>\n<td><strong>Nome do produto<\/strong><\/td>\n<td>P\u00f3 de toranja liofilizada<\/td>\n<\/tr>\n<tr>\n<td><strong>Introdu\u00e7\u00e3o ao produto<\/strong><\/td>\n<td>O P\u00f3 de Toranja Liofilizado produzido por nossa empresa \u00e9 feito a partir da toranja como mat\u00e9ria-prima, utilizando a mais avan\u00e7ada tecnologia de liofiliza\u00e7\u00e3o. Ele ret\u00e9m o sabor original da toranja e cont\u00e9m uma variedade de nutrientes. \u00c9 um p\u00f3 com sabor agrad\u00e1vel, boa solubilidade em \u00e1gua e f\u00e1cil armazenamento.<\/td>\n<\/tr>\n<tr>\n<td><strong>Pe\u00e7a usada<\/strong><\/td>\n<td>Toranja<\/td>\n<\/tr>\n<tr>\n<td><strong>Caracter\u00edsticas<\/strong><\/td>\n<td>P\u00f3 amarelo claro<\/td>\n<\/tr>\n<tr>\n<td><strong>M\u00e9todo de teste<\/strong><\/td>\n<td>TLC (Cromatografia em Camada Delgada)<\/td>\n<\/tr>\n<tr>\n<td><strong>Tamanho da malha do produto<\/strong><\/td>\n<td>98% passa por uma peneira de 80 malhas<\/td>\n<\/tr>\n<tr>\n<td><strong>M\u00e9todo de embalagem<\/strong><\/td>\n<td>25 kg por tambor de papel\u00e3o ou saco de papel alum\u00ednio<\/td>\n<\/tr>\n<tr>\n<td><strong>Condi\u00e7\u00f5es de armazenamento<\/strong><\/td>\n<td>Deve ser selado e protegido da luz, armazenado em local seco, fresco e bem ventilado<\/td>\n<\/tr>\n<tr>\n<td><strong>Prazo de validade<\/strong><\/td>\n<td>24 meses<\/td>\n<\/tr>\n<tr>\n<td><strong>Expresso e Log\u00edstica<\/strong><\/td>\n<td>Entrega expressa ou log\u00edstica. A entrega expressa dom\u00e9stica geralmente chega em at\u00e9 3 dias, e a log\u00edstica, em at\u00e9 5 dias. Os or\u00e7amentos geralmente incluem os custos de transporte dom\u00e9stico.<\/td>\n<\/tr>\n<tr>\n<td><strong>Provis\u00e3o de amostra<\/strong><\/td>\n<td>Geralmente, amostras de 5-20 g s\u00e3o fornecidas para os produtos; taxas de amostra s\u00e3o cobradas para alguns produtos.<\/td>\n<\/tr>\n<tr>\n<td><strong>Embalagem do produto<\/strong><\/td>\n<td>Embalado em tambores de papel\u00e3o ou sacos de papel alum\u00ednio (embalagem personaliz\u00e1vel dispon\u00edvel mediante solicita\u00e7\u00e3o do cliente)<\/td>\n<\/tr>\n<\/tbody>\n<\/table>","protected":false},"featured_media":9534,"comment_status":"closed","ping_status":"closed","template":"","meta":[],"product_brand":[],"product_cat":[18,21],"product_tag":[],"class_list":{"0":"post-9530","1":"product","2":"type-product","3":"status-publish","4":"has-post-thumbnail","6":"product_cat-fruit-and-vegetable-powder","7":"product_cat-lyophilized-powder","9":"first","10":"instock","11":"shipping-taxable","12":"product-type-simple"},"_links":{"self":[{"href":"https:\/\/www.hvbio.com\/pt\/wp-json\/wp\/v2\/product\/9530","targetHints":{"allow":["GET"]}}],"collection":[{"href":"https:\/\/www.hvbio.com\/pt\/wp-json\/wp\/v2\/product"}],"about":[{"href":"https:\/\/www.hvbio.com\/pt\/wp-json\/wp\/v2\/types\/product"}],"replies":[{"embeddable":true,"href":"https:\/\/www.hvbio.com\/pt\/wp-json\/wp\/v2\/comments?post=9530"}],"wp:featuredmedia":[{"embeddable":true,"href":"https:\/\/www.hvbio.com\/pt\/wp-json\/wp\/v2\/media\/9534"}],"wp:attachment":[{"href":"https:\/\/www.hvbio.com\/pt\/wp-json\/wp\/v2\/media?parent=9530"}],"wp:term":[{"taxonomy":"product_brand","embeddable":true,"href":"https:\/\/www.hvbio.com\/pt\/wp-json\/wp\/v2\/product_brand?post=9530"},{"taxonomy":"product_cat","embeddable":true,"href":"https:\/\/www.hvbio.com\/pt\/wp-json\/wp\/v2\/product_cat?post=9530"},{"taxonomy":"product_tag","embeddable":true,"href":"https:\/\/www.hvbio.com\/pt\/wp-json\/wp\/v2\/product_tag?post=9530"}],"curies":[{"name":"wp","href":"https:\/\/api.w.org\/{rel}","templated":true}]}}