{"id":9537,"date":"2025-08-19T12:02:14","date_gmt":"2025-08-19T04:02:14","guid":{"rendered":"https:\/\/www.hvbio.com\/?post_type=product&#038;p=9537"},"modified":"2025-08-19T12:02:14","modified_gmt":"2025-08-19T04:02:14","slug":"fulvic-acid-50","status":"publish","type":"product","link":"https:\/\/www.hvbio.com\/pt\/produto\/fulvic-acid-50\/","title":{"rendered":"\u00c1cido F\u00falvico 50%"},"content":{"rendered":"<table>\n<tbody>\n<tr>\n<td><strong>Nome do produto<\/strong><\/td>\n<td>\u00c1cido F\u00falvico 50%<\/td>\n<\/tr>\n<tr>\n<td><strong>Pseud\u00f4nimo<\/strong><\/td>\n<td>\u00c1cido f\u00falvico (derivado de Shilajit); Extrato de Shilajit (teor de \u00e1cido f\u00falvico: 50%)<\/td>\n<\/tr>\n<tr>\n<td><strong>Solvente de Extra\u00e7\u00e3o<\/strong><\/td>\n<td>Solventes polares, como \u00e1gua e \u00e1lcool dilu\u00eddo (por exemplo, solu\u00e7\u00e3o de etanol), s\u00e3o geralmente usados para extra\u00e7\u00e3o<\/td>\n<\/tr>\n<tr>\n<td><strong>Pe\u00e7a usada<\/strong><\/td>\n<td>Shilajit (um complexo mineral-vegetal natural, proveniente principalmente de exsudatos rochosos em regi\u00f5es como o Himalaia)<\/td>\n<\/tr>\n<tr>\n<td><strong>Propriedade F\u00edsica<\/strong><\/td>\n<td>P\u00f3 ou l\u00edquido predominantemente marrom-escuro a marrom-escuro; possui certa higroscopicidade; facilmente sol\u00favel em \u00e1gua ou \u00e1lcool dilu\u00eddo<\/td>\n<\/tr>\n<tr>\n<td><strong>M\u00e9todo de teste<\/strong><\/td>\n<td>Detec\u00e7\u00e3o UV<\/td>\n<\/tr>\n<tr>\n<td><strong>Condi\u00e7\u00e3o de armazenamento<\/strong><\/td>\n<td>Sele e guarde em local fresco, seco e protegido da luz.<\/td>\n<\/tr>\n<\/tbody>\n<\/table>","protected":false},"excerpt":{"rendered":"<table>\n<tbody>\n<tr>\n<td><strong>Nome do produto<\/strong><\/td>\n<td>\u00c1cido F\u00falvico 50%<\/td>\n<\/tr>\n<tr>\n<td><strong>Pseud\u00f4nimo<\/strong><\/td>\n<td>\u00c1cido f\u00falvico (derivado de Shilajit); Extrato de Shilajit (teor de \u00e1cido f\u00falvico: 50%)<\/td>\n<\/tr>\n<tr>\n<td><strong>Solvente de Extra\u00e7\u00e3o<\/strong><\/td>\n<td>Solventes polares, como \u00e1gua e \u00e1lcool dilu\u00eddo (por exemplo, solu\u00e7\u00e3o de etanol), s\u00e3o geralmente usados para extra\u00e7\u00e3o<\/td>\n<\/tr>\n<tr>\n<td><strong>Pe\u00e7a usada<\/strong><\/td>\n<td>Shilajit (um complexo mineral-vegetal natural, proveniente principalmente de exsudatos rochosos em regi\u00f5es como o Himalaia)<\/td>\n<\/tr>\n<tr>\n<td><strong>Propriedade F\u00edsica<\/strong><\/td>\n<td>P\u00f3 ou l\u00edquido predominantemente marrom-escuro a marrom-escuro; possui certa higroscopicidade; facilmente sol\u00favel em \u00e1gua ou \u00e1lcool dilu\u00eddo<\/td>\n<\/tr>\n<tr>\n<td><strong>M\u00e9todo de teste<\/strong><\/td>\n<td>Detec\u00e7\u00e3o UV<\/td>\n<\/tr>\n<tr>\n<td><strong>Condi\u00e7\u00e3o de armazenamento<\/strong><\/td>\n<td>Sele e guarde em local fresco, seco e protegido da luz.<\/td>\n<\/tr>\n<\/tbody>\n<\/table>","protected":false},"featured_media":9541,"comment_status":"closed","ping_status":"closed","template":"","meta":[],"product_brand":[],"product_cat":[23],"product_tag":[],"class_list":{"0":"post-9537","1":"product","2":"type-product","3":"status-publish","4":"has-post-thumbnail","6":"product_cat-standard-extract","8":"first","9":"instock","10":"shipping-taxable","11":"product-type-simple"},"_links":{"self":[{"href":"https:\/\/www.hvbio.com\/pt\/wp-json\/wp\/v2\/product\/9537","targetHints":{"allow":["GET"]}}],"collection":[{"href":"https:\/\/www.hvbio.com\/pt\/wp-json\/wp\/v2\/product"}],"about":[{"href":"https:\/\/www.hvbio.com\/pt\/wp-json\/wp\/v2\/types\/product"}],"replies":[{"embeddable":true,"href":"https:\/\/www.hvbio.com\/pt\/wp-json\/wp\/v2\/comments?post=9537"}],"wp:featuredmedia":[{"embeddable":true,"href":"https:\/\/www.hvbio.com\/pt\/wp-json\/wp\/v2\/media\/9541"}],"wp:attachment":[{"href":"https:\/\/www.hvbio.com\/pt\/wp-json\/wp\/v2\/media?parent=9537"}],"wp:term":[{"taxonomy":"product_brand","embeddable":true,"href":"https:\/\/www.hvbio.com\/pt\/wp-json\/wp\/v2\/product_brand?post=9537"},{"taxonomy":"product_cat","embeddable":true,"href":"https:\/\/www.hvbio.com\/pt\/wp-json\/wp\/v2\/product_cat?post=9537"},{"taxonomy":"product_tag","embeddable":true,"href":"https:\/\/www.hvbio.com\/pt\/wp-json\/wp\/v2\/product_tag?post=9537"}],"curies":[{"name":"wp","href":"https:\/\/api.w.org\/{rel}","templated":true}]}}