{"id":9550,"date":"2025-08-19T14:13:15","date_gmt":"2025-08-19T06:13:15","guid":{"rendered":"https:\/\/www.hvbio.com\/?post_type=product&#038;p=9550"},"modified":"2025-08-19T14:13:15","modified_gmt":"2025-08-19T06:13:15","slug":"grape-seed-proanthocyanidins-95","status":"publish","type":"product","link":"https:\/\/www.hvbio.com\/pt\/produto\/grape-seed-proanthocyanidins-95\/","title":{"rendered":"Proantocianidinas de Semente de Uva 95%"},"content":{"rendered":"<table>\n<tbody>\n<tr>\n<td><strong>Nome do produto<\/strong><\/td>\n<td>Proantocianidinas de Semente de Uva 95%<\/td>\n<\/tr>\n<tr>\n<td><strong>Caracter\u00edstica do produto<\/strong><\/td>\n<td>P\u00f3 marrom-avermelhado<\/td>\n<\/tr>\n<tr>\n<td><strong>M\u00e9todo de teste<\/strong><\/td>\n<td>UV<\/td>\n<\/tr>\n<tr>\n<td><strong>Ingrediente ativo<\/strong><\/td>\n<td>Proantocianidinas<\/td>\n<\/tr>\n<tr>\n<td><strong>Tamanho da malha do produto<\/strong><\/td>\n<td>80-100 malhas<\/td>\n<\/tr>\n<tr>\n<td><strong>Aplica\u00e7\u00f5es<\/strong><\/td>\n<td>Bebidas s\u00f3lidas, vinhos saud\u00e1veis, doces em comprimidos, cosm\u00e9ticos<\/td>\n<\/tr>\n<tr>\n<td><strong>Especifica\u00e7\u00e3o<\/strong><\/td>\n<td>95%. Para outras especifica\u00e7\u00f5es, entre em contato com o atendimento ao cliente para consulta.<\/td>\n<\/tr>\n<tr>\n<td><strong>M\u00e9todo de embalagem<\/strong><\/td>\n<td>25 kg\/tambor de papel\u00e3o ou saco de papel alum\u00ednio<\/td>\n<\/tr>\n<tr>\n<td><strong>Condi\u00e7\u00f5es de armazenamento<\/strong><\/td>\n<td>Deve ser selado e protegido da luz; armazenado em local seco, fresco e bem ventilado<\/td>\n<\/tr>\n<tr>\n<td><strong>Prazo de validade<\/strong><\/td>\n<td>24 meses<\/td>\n<\/tr>\n<tr>\n<td><strong>Expresso\/Log\u00edstica<\/strong><\/td>\n<td>Expresso ou log\u00edstica. O expresso dom\u00e9stico geralmente chega em 3 dias, e o log\u00edstico em 5 dias. Os or\u00e7amentos geralmente incluem os custos de transporte dom\u00e9stico.<\/td>\n<\/tr>\n<\/tbody>\n<\/table>","protected":false},"excerpt":{"rendered":"<table>\n<tbody>\n<tr>\n<td><strong>Nome do produto<\/strong><\/td>\n<td>Proantocianidinas de Semente de Uva 95%<\/td>\n<\/tr>\n<tr>\n<td><strong>Caracter\u00edstica do produto<\/strong><\/td>\n<td>P\u00f3 marrom-avermelhado<\/td>\n<\/tr>\n<tr>\n<td><strong>M\u00e9todo de teste<\/strong><\/td>\n<td>UV<\/td>\n<\/tr>\n<tr>\n<td><strong>Ingrediente ativo<\/strong><\/td>\n<td>Proantocianidinas<\/td>\n<\/tr>\n<tr>\n<td><strong>Tamanho da malha do produto<\/strong><\/td>\n<td>80-100 malhas<\/td>\n<\/tr>\n<tr>\n<td><strong>Aplica\u00e7\u00f5es<\/strong><\/td>\n<td>Bebidas s\u00f3lidas, vinhos saud\u00e1veis, doces em comprimidos, cosm\u00e9ticos<\/td>\n<\/tr>\n<tr>\n<td><strong>Especifica\u00e7\u00e3o<\/strong><\/td>\n<td>95%. Para outras especifica\u00e7\u00f5es, entre em contato com o atendimento ao cliente para consulta.<\/td>\n<\/tr>\n<tr>\n<td><strong>M\u00e9todo de embalagem<\/strong><\/td>\n<td>25 kg\/tambor de papel\u00e3o ou saco de papel alum\u00ednio<\/td>\n<\/tr>\n<tr>\n<td><strong>Condi\u00e7\u00f5es de armazenamento<\/strong><\/td>\n<td>Deve ser selado e protegido da luz; armazenado em local seco, fresco e bem ventilado<\/td>\n<\/tr>\n<tr>\n<td><strong>Prazo de validade<\/strong><\/td>\n<td>24 meses<\/td>\n<\/tr>\n<tr>\n<td><strong>Expresso\/Log\u00edstica<\/strong><\/td>\n<td>Expresso ou log\u00edstica. O expresso dom\u00e9stico geralmente chega em 3 dias, e o log\u00edstico em 5 dias. Os or\u00e7amentos geralmente incluem os custos de transporte dom\u00e9stico.<\/td>\n<\/tr>\n<\/tbody>\n<\/table>","protected":false},"featured_media":9554,"comment_status":"closed","ping_status":"closed","template":"","meta":[],"product_brand":[],"product_cat":[23,17],"product_tag":[],"class_list":{"0":"post-9550","1":"product","2":"type-product","3":"status-publish","4":"has-post-thumbnail","6":"product_cat-standard-extract","7":"product_cat-plant-extract","9":"first","10":"instock","11":"shipping-taxable","12":"product-type-simple"},"_links":{"self":[{"href":"https:\/\/www.hvbio.com\/pt\/wp-json\/wp\/v2\/product\/9550","targetHints":{"allow":["GET"]}}],"collection":[{"href":"https:\/\/www.hvbio.com\/pt\/wp-json\/wp\/v2\/product"}],"about":[{"href":"https:\/\/www.hvbio.com\/pt\/wp-json\/wp\/v2\/types\/product"}],"replies":[{"embeddable":true,"href":"https:\/\/www.hvbio.com\/pt\/wp-json\/wp\/v2\/comments?post=9550"}],"wp:featuredmedia":[{"embeddable":true,"href":"https:\/\/www.hvbio.com\/pt\/wp-json\/wp\/v2\/media\/9554"}],"wp:attachment":[{"href":"https:\/\/www.hvbio.com\/pt\/wp-json\/wp\/v2\/media?parent=9550"}],"wp:term":[{"taxonomy":"product_brand","embeddable":true,"href":"https:\/\/www.hvbio.com\/pt\/wp-json\/wp\/v2\/product_brand?post=9550"},{"taxonomy":"product_cat","embeddable":true,"href":"https:\/\/www.hvbio.com\/pt\/wp-json\/wp\/v2\/product_cat?post=9550"},{"taxonomy":"product_tag","embeddable":true,"href":"https:\/\/www.hvbio.com\/pt\/wp-json\/wp\/v2\/product_tag?post=9550"}],"curies":[{"name":"wp","href":"https:\/\/api.w.org\/{rel}","templated":true}]}}