{"id":9556,"date":"2025-08-19T14:17:47","date_gmt":"2025-08-19T06:17:47","guid":{"rendered":"https:\/\/www.hvbio.com\/?post_type=product&#038;p=9556"},"modified":"2025-08-19T14:17:48","modified_gmt":"2025-08-19T06:17:48","slug":"kiwi-powder","status":"publish","type":"product","link":"https:\/\/www.hvbio.com\/pt\/produto\/kiwi-powder\/","title":{"rendered":"P\u00f3 de kiwi"},"content":{"rendered":"<table>\n<tbody>\n<tr>\n<td><strong>Nome do produto<\/strong><\/td>\n<td>P\u00f3 de kiwi<\/td>\n<\/tr>\n<tr>\n<td><strong>Nomes Alternativos<\/strong><\/td>\n<td>Rei das Frutas, Rei das Frutas, Rei da Vitamina C, Yangtao, Maoli, Kiwi<\/td>\n<\/tr>\n<tr>\n<td><strong>Introdu\u00e7\u00e3o<\/strong><\/td>\n<td>Kiwi (nome cient\u00edfico:\u00a0<em>Actinidia chinensis<\/em>\u00a0Planch), tamb\u00e9m conhecido como Huli Tao (P\u00eassego Raposa), Tengli (Pera-de-Vinha), Yangtao, Muzi, Maomuguo, Kiwi, Matengguo, etc. Seu fruto \u00e9 geralmente oval, com apar\u00eancia marrom-esverdeada e uma densa camada de penugem na casca (n\u00e3o comest\u00edvel). No interior, cont\u00e9m polpa verde-brilhante e uma fileira de sementes pretas. \u00c9 chamado de &quot;kiwi&quot; porque os kiwis gostam de com\u00ea-lo ou porque sua casca felpuda lembra um kiwi. \u00c9 uma fruta de qualidade fresca, rica em nutrientes e sabor delicioso.<\/td>\n<\/tr>\n<tr>\n<td><strong>Origem da mat\u00e9ria-prima<\/strong><\/td>\n<td>A origem mundial do kiwi \u00e9 a cidade de Wuduhe, distrito de Yiling, cidade de Yichang, prov\u00edncia de Hubei. Tamb\u00e9m \u00e9 cultivado em outras prov\u00edncias da China.<\/td>\n<\/tr>\n<tr>\n<td><strong>Caracter\u00edstica do produto<\/strong><\/td>\n<td>P\u00f3 marrom, testado por TLC (Cromatografia em Camada Delgada).<\/td>\n<\/tr>\n<tr>\n<td><strong>Especifica\u00e7\u00e3o do produto<\/strong><\/td>\n<td>Este produto \u00e9 extrato de kiwi na propor\u00e7\u00e3o de 1:1 (entre em contato com o atendimento ao cliente para obter outras especifica\u00e7\u00f5es, se necess\u00e1rio).<\/td>\n<\/tr>\n<tr>\n<td><strong>Tamanho da malha do produto<\/strong><\/td>\n<td>98% passa por uma peneira de 80 malhas.<\/td>\n<\/tr>\n<tr>\n<td><strong>M\u00e9todo de embalagem<\/strong><\/td>\n<td>Tambor de papel\u00e3o de 25 kg ou saco de papel alum\u00ednio.<\/td>\n<\/tr>\n<tr>\n<td><strong>Condi\u00e7\u00f5es de armazenamento<\/strong><\/td>\n<td>Deve ser selado e protegido da luz, armazenado em local seco, fresco e bem ventilado.<\/td>\n<\/tr>\n<tr>\n<td><strong>Prazo de validade<\/strong><\/td>\n<td>24 meses.<\/td>\n<\/tr>\n<tr>\n<td><strong>Expresso e Log\u00edstica<\/strong><\/td>\n<td>Entrega expressa ou log\u00edstica. A entrega expressa dom\u00e9stica geralmente chega em at\u00e9 3 dias, e a log\u00edstica geralmente chega em at\u00e9 5 dias. Os or\u00e7amentos geralmente incluem os custos de transporte dom\u00e9stico.<\/td>\n<\/tr>\n<tr>\n<td><strong>Provis\u00e3o de amostra<\/strong><\/td>\n<td>Geralmente, s\u00e3o fornecidas amostras de 5 a 20 g do produto; uma taxa de amostra \u00e9 cobrada para alguns produtos.<\/td>\n<\/tr>\n<tr>\n<td><strong>Embalagem do produto<\/strong><\/td>\n<td>Embalado em tambores de papel\u00e3o ou sacos de papel alum\u00ednio (embalagem personaliz\u00e1vel dispon\u00edvel mediante solicita\u00e7\u00e3o do cliente).<\/td>\n<\/tr>\n<\/tbody>\n<\/table>","protected":false},"excerpt":{"rendered":"<table>\n<tbody>\n<tr>\n<td><strong>Nome do produto<\/strong><\/td>\n<td>P\u00f3 de kiwi<\/td>\n<\/tr>\n<tr>\n<td><strong>Nomes Alternativos<\/strong><\/td>\n<td>Rei das Frutas, Rei das Frutas, Rei da Vitamina C, Yangtao, Maoli, Kiwi<\/td>\n<\/tr>\n<tr>\n<td><strong>Introdu\u00e7\u00e3o<\/strong><\/td>\n<td>Kiwi (nome cient\u00edfico:\u00a0<em>Actinidia chinensis<\/em>\u00a0Planch), tamb\u00e9m conhecido como Huli Tao (P\u00eassego Raposa), Tengli (Pera-de-Vinha), Yangtao, Muzi, Maomuguo, Kiwi, Matengguo, etc. Seu fruto \u00e9 geralmente oval, com apar\u00eancia marrom-esverdeada e uma densa camada de penugem na casca (n\u00e3o comest\u00edvel). No interior, cont\u00e9m polpa verde-brilhante e uma fileira de sementes pretas. \u00c9 chamado de &quot;kiwi&quot; porque os kiwis gostam de com\u00ea-lo ou porque sua casca felpuda lembra um kiwi. \u00c9 uma fruta de qualidade fresca, rica em nutrientes e sabor delicioso.<\/td>\n<\/tr>\n<tr>\n<td><strong>Origem da mat\u00e9ria-prima<\/strong><\/td>\n<td>A origem mundial do kiwi \u00e9 a cidade de Wuduhe, distrito de Yiling, cidade de Yichang, prov\u00edncia de Hubei. Tamb\u00e9m \u00e9 cultivado em outras prov\u00edncias da China.<\/td>\n<\/tr>\n<tr>\n<td><strong>Caracter\u00edstica do produto<\/strong><\/td>\n<td>P\u00f3 marrom, testado por TLC (Cromatografia em Camada Delgada).<\/td>\n<\/tr>\n<tr>\n<td><strong>Especifica\u00e7\u00e3o do produto<\/strong><\/td>\n<td>Este produto \u00e9 extrato de kiwi na propor\u00e7\u00e3o de 1:1 (entre em contato com o atendimento ao cliente para obter outras especifica\u00e7\u00f5es, se necess\u00e1rio).<\/td>\n<\/tr>\n<tr>\n<td><strong>Tamanho da malha do produto<\/strong><\/td>\n<td>98% passa por uma peneira de 80 malhas.<\/td>\n<\/tr>\n<tr>\n<td><strong>M\u00e9todo de embalagem<\/strong><\/td>\n<td>Tambor de papel\u00e3o de 25 kg ou saco de papel alum\u00ednio.<\/td>\n<\/tr>\n<tr>\n<td><strong>Condi\u00e7\u00f5es de armazenamento<\/strong><\/td>\n<td>Deve ser selado e protegido da luz, armazenado em local seco, fresco e bem ventilado.<\/td>\n<\/tr>\n<tr>\n<td><strong>Prazo de validade<\/strong><\/td>\n<td>24 meses.<\/td>\n<\/tr>\n<tr>\n<td><strong>Expresso e Log\u00edstica<\/strong><\/td>\n<td>Entrega expressa ou log\u00edstica. A entrega expressa dom\u00e9stica geralmente chega em at\u00e9 3 dias, e a log\u00edstica geralmente chega em at\u00e9 5 dias. Os or\u00e7amentos geralmente incluem os custos de transporte dom\u00e9stico.<\/td>\n<\/tr>\n<tr>\n<td><strong>Provis\u00e3o de amostra<\/strong><\/td>\n<td>Geralmente, s\u00e3o fornecidas amostras de 5 a 20 g do produto; uma taxa de amostra \u00e9 cobrada para alguns produtos.<\/td>\n<\/tr>\n<tr>\n<td><strong>Embalagem do produto<\/strong><\/td>\n<td>Embalado em tambores de papel\u00e3o ou sacos de papel alum\u00ednio (embalagem personaliz\u00e1vel dispon\u00edvel mediante solicita\u00e7\u00e3o do cliente).<\/td>\n<\/tr>\n<\/tbody>\n<\/table>","protected":false},"featured_media":9560,"comment_status":"closed","ping_status":"closed","template":"","meta":[],"product_brand":[],"product_cat":[20],"product_tag":[],"class_list":{"0":"post-9556","1":"product","2":"type-product","3":"status-publish","4":"has-post-thumbnail","6":"product_cat-fruit-powder","8":"first","9":"instock","10":"shipping-taxable","11":"product-type-simple"},"_links":{"self":[{"href":"https:\/\/www.hvbio.com\/pt\/wp-json\/wp\/v2\/product\/9556","targetHints":{"allow":["GET"]}}],"collection":[{"href":"https:\/\/www.hvbio.com\/pt\/wp-json\/wp\/v2\/product"}],"about":[{"href":"https:\/\/www.hvbio.com\/pt\/wp-json\/wp\/v2\/types\/product"}],"replies":[{"embeddable":true,"href":"https:\/\/www.hvbio.com\/pt\/wp-json\/wp\/v2\/comments?post=9556"}],"wp:featuredmedia":[{"embeddable":true,"href":"https:\/\/www.hvbio.com\/pt\/wp-json\/wp\/v2\/media\/9560"}],"wp:attachment":[{"href":"https:\/\/www.hvbio.com\/pt\/wp-json\/wp\/v2\/media?parent=9556"}],"wp:term":[{"taxonomy":"product_brand","embeddable":true,"href":"https:\/\/www.hvbio.com\/pt\/wp-json\/wp\/v2\/product_brand?post=9556"},{"taxonomy":"product_cat","embeddable":true,"href":"https:\/\/www.hvbio.com\/pt\/wp-json\/wp\/v2\/product_cat?post=9556"},{"taxonomy":"product_tag","embeddable":true,"href":"https:\/\/www.hvbio.com\/pt\/wp-json\/wp\/v2\/product_tag?post=9556"}],"curies":[{"name":"wp","href":"https:\/\/api.w.org\/{rel}","templated":true}]}}