{"id":9561,"date":"2025-08-19T14:28:35","date_gmt":"2025-08-19T06:28:35","guid":{"rendered":"https:\/\/www.hvbio.com\/?post_type=product&#038;p=9561"},"modified":"2025-08-19T14:28:36","modified_gmt":"2025-08-19T06:28:36","slug":"blueberry-powder","status":"publish","type":"product","link":"https:\/\/www.hvbio.com\/pt\/produto\/blueberry-powder\/","title":{"rendered":"P\u00f3 de mirtilo"},"content":{"rendered":"<div class=\"inter-jQQQ8P\">\n<div class=\"container-PrUkKo\">\n<div class=\"item-hGGxLi\">\n<div class=\"container-arOxqB chrome70-container\">\n<div class=\"inner-FyM8gE inner-item-swzCut\" data-target-id=\"message-box-target-id\" data-testid=\"union_message\">\n<div class=\"message-block-container-aFugD6\" data-testid=\"message-block-container\">\n<div class=\"flex flex-row w-full w-full max-w-full s-font-base text-s-color-text-secondary p-0 rounded-s-radius-s bg-transparent group data-[attr=select-mode]:-mt-10 data-[attr=select-mode]:py-10 data-[attr=select-mode]:px-16 data-[attr=select-mode]:sm:p-10 data-[attr=select-mode]:hover:bg-s-color-bg-base data-[attr=select-mode]:hover:rounded-s-radius-xs data-[attr=select-mode]:has-[:checked]:bg-s-color-bg-trans data-[attr=select-mode]:has-[:checked]:rounded-s-radius-xs data-[attr=select-mode]:pointer-events-none\" data-testid=\"receive_message\">\n<div class=\"flex flex-col flex-grow max-w-full min-w-0\">\n<div class=\"flex flex-row w-full\" data-testid=\"message_content\" data-message-id=\"16929216466051586\">\n<div class=\"w-full\" data-plugin-identifier=\"Symbol(receive-simple-search-content)\">\n<div class=\"container-ZYIsnH flow-markdown-body theme-samantha-Nbr9UN\" dir=\"ltr\" data-testid=\"message_text_content\" data-show-indicator=\"false\">\n<div class=\"auto-hide-last-sibling-br mdbox-table-root table-container-GhL7Lo\" data-scroll-inline-overflow=\"false\" data-scroll-inline-at-start=\"true\" data-scroll-inline-start-overflow=\"false\" data-scroll-inline-at-end=\"true\" data-scroll-inline-end-overflow=\"false\">\n<div class=\"table-scroll-container-hgHkfW mdbox-table-scroll-container\">\n<table style=\"height: 350px;\" width=\"1329\">\n<thead>\n<tr>\n<th><strong>Item<\/strong><\/th>\n<th><strong>Detalhes<\/strong><\/th>\n<\/tr>\n<\/thead>\n<tbody>\n<tr>\n<td><strong>Nome do produto<\/strong><\/td>\n<td>P\u00f3 de mirtilo<\/td>\n<\/tr>\n<tr>\n<td><strong>Outros nomes<\/strong><\/td>\n<td>P\u00f3 de mirtilo, extrato de mirtilo<\/td>\n<\/tr>\n<tr>\n<td><strong>Solvente de extra\u00e7\u00e3o e parte usada<\/strong><\/td>\n<td>&#8211;\u00a0<strong>Parte usada<\/strong>:Principalmente frutas de mirtilo<br class=\"container-utlnW2 wrapper-d0Cc1k undefined\" \/>&#8211;\u00a0<strong>Solvente de Extra\u00e7\u00e3o<\/strong>:A \u00e1gua \u00e9 um solvente de extra\u00e7\u00e3o seguro, e alguns processos de extra\u00e7\u00e3o de p\u00f3 de mirtilo adotam \u00e1gua como solvente.<\/td>\n<\/tr>\n<tr>\n<td><strong>Apar\u00eancia<\/strong><\/td>\n<td>P\u00f3 rosa<\/td>\n<\/tr>\n<tr>\n<td><strong>M\u00e9todo de detec\u00e7\u00e3o<\/strong><\/td>\n<td>Cromatografia em Camada Delgada (TLC)<\/td>\n<\/tr>\n<tr>\n<td><strong>Armazenar<\/strong><\/td>\n<td>Conservar em recipiente fechado, em local fresco, seco e ao abrigo da luz, longe de fontes de calor e ambientes \u00famidos.<\/td>\n<\/tr>\n<tr>\n<td><strong>Prazo de validade<\/strong><\/td>\n<td>dois anos<\/td>\n<\/tr>\n<\/tbody>\n<\/table>\n<\/div>\n<\/div>\n<\/div>\n<\/div>\n<\/div>\n<\/div>\n<\/div>\n<\/div>\n<\/div>\n<\/div>\n<\/div>\n<\/div>\n<\/div>","protected":false},"excerpt":{"rendered":"<div class=\"inter-jQQQ8P\">\n<div class=\"container-PrUkKo\">\n<div class=\"item-hGGxLi\">\n<div class=\"container-arOxqB chrome70-container\">\n<div class=\"inner-FyM8gE inner-item-swzCut\" data-target-id=\"message-box-target-id\" data-testid=\"union_message\">\n<div class=\"message-block-container-aFugD6\" data-testid=\"message-block-container\">\n<div class=\"flex flex-row w-full w-full max-w-full s-font-base text-s-color-text-secondary p-0 rounded-s-radius-s bg-transparent group data-[attr=select-mode]:-mt-10 data-[attr=select-mode]:py-10 data-[attr=select-mode]:px-16 data-[attr=select-mode]:sm:p-10 data-[attr=select-mode]:hover:bg-s-color-bg-base data-[attr=select-mode]:hover:rounded-s-radius-xs data-[attr=select-mode]:has-[:checked]:bg-s-color-bg-trans data-[attr=select-mode]:has-[:checked]:rounded-s-radius-xs data-[attr=select-mode]:pointer-events-none\" data-testid=\"receive_message\">\n<div class=\"flex flex-col flex-grow max-w-full min-w-0\">\n<div class=\"flex flex-row w-full\" data-testid=\"message_content\" data-message-id=\"16930919657678594\">\n<div class=\"w-full\" data-plugin-identifier=\"Symbol(infra:receive-message-box:text)\">\n<div class=\"container-ZYIsnH flow-markdown-body theme-samantha-Nbr9UN\" dir=\"ltr\" data-testid=\"message_text_content\" data-show-indicator=\"false\">\n<h1 class=\"header-vfC6AV auto-hide-last-sibling-br\">Detalhes do produto<\/h1>\n<ul class=\"auto-hide-last-sibling-br\">\n<li><strong>Nome do produto<\/strong>: P\u00f3 de mirtilo<\/li>\n<li><strong>Outros nomes<\/strong>: P\u00f3 de mirtilo, extrato de mirtilo<\/li>\n<li><strong>Solvente de Extra\u00e7\u00e3o e Parte Usada<\/strong>: O principal componente utilizado na extra\u00e7\u00e3o do p\u00f3 de mirtilo \u00e9 o fruto do mirtilo. A \u00e1gua \u00e9 um solvente de extra\u00e7\u00e3o seguro, e alguns processos de extra\u00e7\u00e3o do p\u00f3 de mirtilo utilizam \u00e1gua como solvente.<\/li>\n<li><strong>Apar\u00eancia<\/strong>: P\u00f3 rosa<\/li>\n<li><strong>Quantidade de adi\u00e7\u00e3o recomendada<\/strong>: Bebidas s\u00f3lidas (5%), bebidas (5%), alimentos de lazer (3-5%)<\/li>\n<li><strong>\u00c2mbito de aplica\u00e7\u00e3o<\/strong>: Bebidas s\u00f3lidas, latic\u00ednios, alimentos de conveni\u00eancia, alimentos expandidos, condimentos, alimentos para idosos, alimentos assados, alimentos de lazer, alimentos frios e bebidas frias, etc.<\/li>\n<\/ul>\n<h1 class=\"header-vfC6AV auto-hide-last-sibling-br\">Instru\u00e7\u00f5es de compra<\/h1>\n<ul class=\"auto-hide-last-sibling-br\">\n<li><strong>M\u00e9todo de embalagem<\/strong>: 25 kg\/tambor de papel\u00e3o ou saco de papel alum\u00ednio<\/li>\n<li><strong>Condi\u00e7\u00f5es de armazenamento<\/strong>: Deve ser selado e protegido da luz, armazenado em local seco, fresco e bem ventilado<\/li>\n<li><strong>Prazo de validade<\/strong>: 2 anos<\/li>\n<li><strong>Disponibilidade de amostra<\/strong>: Geralmente, amostras de 5-20 g s\u00e3o fornecidas para os produtos; alguns produtos cobram uma taxa de amostra.<\/li>\n<li><strong>Embalagem do produto<\/strong>: Embalado em tambores de papel\u00e3o ou sacos de papel alum\u00ednio (personaliz\u00e1vel de acordo com as necessidades do cliente)<\/li>\n<li><strong>Prazo de entrega<\/strong>: Produtos n\u00e3o personalizados s\u00e3o enviados em at\u00e9 48 horas; o prazo de entrega de produtos personalizados \u00e9 ajustado de acordo com as necessidades reais.<\/li>\n<li><strong>M\u00e9todo de transporte<\/strong>:Log\u00edstica expressa nacional; o or\u00e7amento inclui custos de transporte.<\/li>\n<\/ul>\n<\/div>\n<\/div>\n<\/div>\n<div class=\"answer-action-bar-pgm2JD answer-action-bar flex flex-col justify-end\" data-testid=\"message_action_bar\">\n<div class=\"container-rxM4SW flex flex-row items-start w-full self-center\" data-message-action-bar=\"1\"><\/div>\n<\/div>\n<\/div>\n<\/div>\n<\/div>\n<\/div>\n<\/div>\n<\/div>\n<\/div>\n<\/div>","protected":false},"featured_media":9562,"comment_status":"closed","ping_status":"closed","template":"","meta":[],"product_brand":[],"product_cat":[18,20],"product_tag":[],"class_list":{"0":"post-9561","1":"product","2":"type-product","3":"status-publish","4":"has-post-thumbnail","6":"product_cat-fruit-and-vegetable-powder","7":"product_cat-fruit-powder","9":"first","10":"instock","11":"shipping-taxable","12":"product-type-simple"},"_links":{"self":[{"href":"https:\/\/www.hvbio.com\/pt\/wp-json\/wp\/v2\/product\/9561","targetHints":{"allow":["GET"]}}],"collection":[{"href":"https:\/\/www.hvbio.com\/pt\/wp-json\/wp\/v2\/product"}],"about":[{"href":"https:\/\/www.hvbio.com\/pt\/wp-json\/wp\/v2\/types\/product"}],"replies":[{"embeddable":true,"href":"https:\/\/www.hvbio.com\/pt\/wp-json\/wp\/v2\/comments?post=9561"}],"wp:featuredmedia":[{"embeddable":true,"href":"https:\/\/www.hvbio.com\/pt\/wp-json\/wp\/v2\/media\/9562"}],"wp:attachment":[{"href":"https:\/\/www.hvbio.com\/pt\/wp-json\/wp\/v2\/media?parent=9561"}],"wp:term":[{"taxonomy":"product_brand","embeddable":true,"href":"https:\/\/www.hvbio.com\/pt\/wp-json\/wp\/v2\/product_brand?post=9561"},{"taxonomy":"product_cat","embeddable":true,"href":"https:\/\/www.hvbio.com\/pt\/wp-json\/wp\/v2\/product_cat?post=9561"},{"taxonomy":"product_tag","embeddable":true,"href":"https:\/\/www.hvbio.com\/pt\/wp-json\/wp\/v2\/product_tag?post=9561"}],"curies":[{"name":"wp","href":"https:\/\/api.w.org\/{rel}","templated":true}]}}