{"id":9567,"date":"2025-08-19T14:20:39","date_gmt":"2025-08-19T06:20:39","guid":{"rendered":"https:\/\/www.hvbio.com\/?post_type=product&#038;p=9567"},"modified":"2025-08-19T14:27:33","modified_gmt":"2025-08-19T06:27:33","slug":"strawberry-powder-2","status":"publish","type":"product","link":"https:\/\/www.hvbio.com\/pt\/produto\/strawberry-powder-2\/","title":{"rendered":"P\u00f3 de Morango"},"content":{"rendered":"<table>\n<tbody>\n<tr>\n<td><strong>Nome do produto<\/strong><\/td>\n<td>P\u00f3 de Morango<\/td>\n<\/tr>\n<tr>\n<td><strong>Descri\u00e7\u00e3o do produto<\/strong><\/td>\n<td>O p\u00f3 de morango produzido por nossa empresa \u00e9 feito de morangos e processado utilizando a tecnologia de secagem por atomiza\u00e7\u00e3o relativamente avan\u00e7ada. Ele ret\u00e9m ao m\u00e1ximo o sabor original dos morangos e cont\u00e9m diversas vitaminas. Apresenta-se em p\u00f3 com boa fluidez, sabor refinado, f\u00e1cil dissolu\u00e7\u00e3o e conserva\u00e7\u00e3o.<\/td>\n<\/tr>\n<tr>\n<td><strong>Pe\u00e7a usada<\/strong><\/td>\n<td>Fruta<\/td>\n<\/tr>\n<tr>\n<td><strong>Caracter\u00edsticas<\/strong><\/td>\n<td>P\u00f3 rosa, testado por TLC (Cromatografia em Camada Delgada)<\/td>\n<\/tr>\n<tr>\n<td><strong>Tamanho da malha do produto<\/strong><\/td>\n<td>98% passa por peneira de 80 malhas<\/td>\n<\/tr>\n<tr>\n<td><strong>M\u00e9todo de embalagem<\/strong><\/td>\n<td>25 kg por tambor de papel ou saco de papel alum\u00ednio<\/td>\n<\/tr>\n<tr>\n<td><strong>Condi\u00e7\u00f5es de armazenamento<\/strong><\/td>\n<td>Deve ser selado e protegido da luz, armazenado em local seco, fresco e bem ventilado<\/td>\n<\/tr>\n<tr>\n<td><strong>Prazo de validade<\/strong><\/td>\n<td>24 meses<\/td>\n<\/tr>\n<tr>\n<td><strong>Expresso e Log\u00edstica<\/strong><\/td>\n<td>Entrega expressa ou log\u00edstica. A entrega expressa dom\u00e9stica geralmente chega em at\u00e9 3 dias, e a log\u00edstica geralmente chega em at\u00e9 5 dias. Os or\u00e7amentos geralmente incluem os custos de transporte dom\u00e9stico.<\/td>\n<\/tr>\n<tr>\n<td><strong>Provis\u00e3o de amostra<\/strong><\/td>\n<td>Geralmente, s\u00e3o fornecidas pequenas amostras de 5 a 20 g dos produtos; taxas de amostra s\u00e3o cobradas para alguns produtos.<\/td>\n<\/tr>\n<tr>\n<td><strong>Embalagem do produto<\/strong><\/td>\n<td>Embalado em tambores de papel ou sacos de papel alum\u00ednio (embalagem personaliz\u00e1vel dispon\u00edvel conforme as necessidades do cliente)<\/td>\n<\/tr>\n<\/tbody>\n<\/table>","protected":false},"excerpt":{"rendered":"<table>\n<tbody>\n<tr>\n<td><strong>Nome do produto<\/strong><\/td>\n<td>P\u00f3 de Morango<\/td>\n<\/tr>\n<tr>\n<td><strong>Descri\u00e7\u00e3o do produto<\/strong><\/td>\n<td>O p\u00f3 de morango produzido por nossa empresa \u00e9 feito de morangos e processado utilizando a tecnologia de secagem por atomiza\u00e7\u00e3o relativamente avan\u00e7ada. Ele ret\u00e9m ao m\u00e1ximo o sabor original dos morangos e cont\u00e9m diversas vitaminas. Apresenta-se em p\u00f3 com boa fluidez, sabor refinado, f\u00e1cil dissolu\u00e7\u00e3o e conserva\u00e7\u00e3o.<\/td>\n<\/tr>\n<tr>\n<td><strong>Pe\u00e7a usada<\/strong><\/td>\n<td>Fruta<\/td>\n<\/tr>\n<tr>\n<td><strong>Caracter\u00edsticas<\/strong><\/td>\n<td>P\u00f3 rosa, testado por TLC (Cromatografia em Camada Delgada)<\/td>\n<\/tr>\n<tr>\n<td><strong>Tamanho da malha do produto<\/strong><\/td>\n<td>98% passa por peneira de 80 malhas<\/td>\n<\/tr>\n<tr>\n<td><strong>M\u00e9todo de embalagem<\/strong><\/td>\n<td>25 kg por tambor de papel ou saco de papel alum\u00ednio<\/td>\n<\/tr>\n<tr>\n<td><strong>Condi\u00e7\u00f5es de armazenamento<\/strong><\/td>\n<td>Deve ser selado e protegido da luz, armazenado em local seco, fresco e bem ventilado<\/td>\n<\/tr>\n<tr>\n<td><strong>Prazo de validade<\/strong><\/td>\n<td>24 meses<\/td>\n<\/tr>\n<tr>\n<td><strong>Expresso e Log\u00edstica<\/strong><\/td>\n<td>Entrega expressa ou log\u00edstica. A entrega expressa dom\u00e9stica geralmente chega em at\u00e9 3 dias, e a log\u00edstica geralmente chega em at\u00e9 5 dias. Os or\u00e7amentos geralmente incluem os custos de transporte dom\u00e9stico.<\/td>\n<\/tr>\n<tr>\n<td><strong>Provis\u00e3o de amostra<\/strong><\/td>\n<td>Geralmente, s\u00e3o fornecidas pequenas amostras de 5 a 20 g dos produtos; taxas de amostra s\u00e3o cobradas para alguns produtos.<\/td>\n<\/tr>\n<tr>\n<td><strong>Embalagem do produto<\/strong><\/td>\n<td>Embalado em tambores de papel ou sacos de papel alum\u00ednio (embalagem personaliz\u00e1vel dispon\u00edvel conforme as necessidades do cliente)<\/td>\n<\/tr>\n<\/tbody>\n<\/table>","protected":false},"featured_media":9571,"comment_status":"closed","ping_status":"closed","template":"","meta":[],"product_brand":[],"product_cat":[20],"product_tag":[],"class_list":{"0":"post-9567","1":"product","2":"type-product","3":"status-publish","4":"has-post-thumbnail","6":"product_cat-fruit-powder","8":"first","9":"instock","10":"shipping-taxable","11":"product-type-simple"},"_links":{"self":[{"href":"https:\/\/www.hvbio.com\/pt\/wp-json\/wp\/v2\/product\/9567","targetHints":{"allow":["GET"]}}],"collection":[{"href":"https:\/\/www.hvbio.com\/pt\/wp-json\/wp\/v2\/product"}],"about":[{"href":"https:\/\/www.hvbio.com\/pt\/wp-json\/wp\/v2\/types\/product"}],"replies":[{"embeddable":true,"href":"https:\/\/www.hvbio.com\/pt\/wp-json\/wp\/v2\/comments?post=9567"}],"wp:featuredmedia":[{"embeddable":true,"href":"https:\/\/www.hvbio.com\/pt\/wp-json\/wp\/v2\/media\/9571"}],"wp:attachment":[{"href":"https:\/\/www.hvbio.com\/pt\/wp-json\/wp\/v2\/media?parent=9567"}],"wp:term":[{"taxonomy":"product_brand","embeddable":true,"href":"https:\/\/www.hvbio.com\/pt\/wp-json\/wp\/v2\/product_brand?post=9567"},{"taxonomy":"product_cat","embeddable":true,"href":"https:\/\/www.hvbio.com\/pt\/wp-json\/wp\/v2\/product_cat?post=9567"},{"taxonomy":"product_tag","embeddable":true,"href":"https:\/\/www.hvbio.com\/pt\/wp-json\/wp\/v2\/product_tag?post=9567"}],"curies":[{"name":"wp","href":"https:\/\/api.w.org\/{rel}","templated":true}]}}