{"id":9581,"date":"2025-08-19T14:45:25","date_gmt":"2025-08-19T06:45:25","guid":{"rendered":"https:\/\/www.hvbio.com\/?post_type=product&#038;p=9581"},"modified":"2025-08-19T14:45:25","modified_gmt":"2025-08-19T06:45:25","slug":"cassia-seed-extract","status":"publish","type":"product","link":"https:\/\/www.hvbio.com\/pt\/produto\/cassia-seed-extract\/","title":{"rendered":"Extrato de semente de c\u00e1ssia"},"content":{"rendered":"<table style=\"height: 379px;\" width=\"1493\">\n<thead>\n<tr>\n<th><strong>Item<\/strong><\/th>\n<th><strong>Detalhes<\/strong><\/th>\n<\/tr>\n<\/thead>\n<tbody>\n<tr>\n<td>Nome do produto<\/td>\n<td>Extrato de semente de c\u00e1ssia<\/td>\n<\/tr>\n<tr>\n<td>Outros nomes<\/td>\n<td>Caojieming (C\u00e1ssia-de-grama), Malujieming (C\u00e1ssia-de-estrada), Jialvdou (Feij\u00e3o-mungo falso), Huantongzi (Semente restauradora da vis\u00e3o), Matijieming (C\u00e1ssia-de-mat)<\/td>\n<\/tr>\n<tr>\n<td>Solvente de Extra\u00e7\u00e3o e Parte Utilizada<\/td>\n<td>A parte de extra\u00e7\u00e3o s\u00e3o as sementes maduras secas das plantas leguminosas\u00a0<em>C\u00e1ssia obtusifolia<\/em>\u00a0ou\u00a0<em>C\u00e1ssia tora<\/em>. Solventes de extra\u00e7\u00e3o comuns incluem solu\u00e7\u00e3o aquosa de etanol.<\/td>\n<\/tr>\n<tr>\n<td>Apar\u00eancia<\/td>\n<td>P\u00f3 amarelo-acastanhado<\/td>\n<\/tr>\n<tr>\n<td>M\u00e9todo de detec\u00e7\u00e3o<\/td>\n<td>HPLC (Cromatografia L\u00edquida de Alta Efici\u00eancia)<\/td>\n<\/tr>\n<tr>\n<td>Armazenar<\/td>\n<td>Armazene em recipiente fechado, em local fresco, seco e escuro, longe de fontes de calor e ambientes \u00famidos.<\/td>\n<\/tr>\n<tr>\n<td>Prazo de validade<\/td>\n<td>Dois anos<\/td>\n<\/tr>\n<\/tbody>\n<\/table>","protected":false},"excerpt":{"rendered":"<div class=\"inter-rWzItm\">\n<div class=\"message-list-V8qfyv table-spillover-FGChQM slide-up-DojkpW opacity-0 transition-opacity duration-400 opacity-100\" data-table-spillover=\"true\">\n<div class=\"scroll-view-XcV8YY container-kbJd0r reverse-l21piI\" data-testid=\"scroll_view\">\n<div class=\"content-t1_P48\">\n<div class=\"scrollable-LNO7hx reverse-R2hqfx show-scrollbar-ghFI1k\" data-testid=\"message-list\">\n<div class=\"inter-jQQQ8P\">\n<div class=\"container-PrUkKo\">\n<div class=\"item-hGGxLi\">\n<div class=\"container-arOxqB chrome70-container\">\n<div class=\"inner-FyM8gE inner-item-swzCut\" data-target-id=\"message-box-target-id\" data-testid=\"union_message\">\n<div class=\"message-block-container-aFugD6\" data-testid=\"message-block-container\">\n<div class=\"flex flex-row w-full w-full max-w-full s-font-base text-s-color-text-secondary p-0 rounded-s-radius-s bg-transparent group data-[attr=select-mode]:-mt-10 data-[attr=select-mode]:py-10 data-[attr=select-mode]:px-16 data-[attr=select-mode]:sm:p-10 data-[attr=select-mode]:hover:bg-s-color-bg-base data-[attr=select-mode]:hover:rounded-s-radius-xs data-[attr=select-mode]:has-[:checked]:bg-s-color-bg-trans data-[attr=select-mode]:has-[:checked]:rounded-s-radius-xs data-[attr=select-mode]:pointer-events-none\" data-testid=\"receive_message\">\n<div class=\"flex flex-col flex-grow max-w-full min-w-0\">\n<div class=\"flex flex-row w-full\" data-testid=\"message_content\" data-message-id=\"16932964332797698\">\n<div class=\"w-full\" data-plugin-identifier=\"Symbol(infra:receive-message-box:text)\">\n<div class=\"container-ZYIsnH flow-markdown-body theme-samantha-Nbr9UN\" dir=\"ltr\" data-testid=\"message_text_content\" data-show-indicator=\"false\">\n<h1 class=\"header-vfC6AV auto-hide-last-sibling-br\">Detalhes do produto<\/h1>\n<div class=\"auto-hide-last-sibling-br paragraph-JOTKXA paragraph-element br-paragraph-space\">\u3010Nome do produto\u3011: Extrato de semente de c\u00e1ssia<br class=\"container-utlnW2 wrapper-d0Cc1k undefined\" \/>\u3010Outros nomes\u3011: C\u00e1ssia de s\u00eamen, C\u00e1ssia de grama, C\u00e1ssia de estrada, Feij\u00e3o mungo falso, Huitongzi (semente restauradora da vis\u00e3o), C\u00e1ssia ferradura<br class=\"container-utlnW2 wrapper-d0Cc1k undefined\" \/>\u3010Solvente de extra\u00e7\u00e3o e parte usada\u3011: A parte de extra\u00e7\u00e3o do extrato de semente de c\u00e1ssia s\u00e3o as sementes maduras secas de\u00a0<em>C\u00e1ssia obtusifolia<\/em>\u00a0L. ou\u00a0<em>C\u00e1ssia tora<\/em>\u00a0L. (leguminosas). Existem diversos solventes de extra\u00e7\u00e3o para o extrato de semente de c\u00e1ssia, sendo a solu\u00e7\u00e3o aquosa de etanol o mais comum.<br class=\"container-utlnW2 wrapper-d0Cc1k undefined\" \/>\u3010Apar\u00eancia\u3011: P\u00f3 marrom<br class=\"container-utlnW2 wrapper-d0Cc1k undefined\" \/>\u3010M\u00e9todo de teste\u3011: HPLC (Cromatografia l\u00edquida de alta efici\u00eancia)<\/div>\n<h1 class=\"header-vfC6AV auto-hide-last-sibling-br\">Instru\u00e7\u00f5es de compra<\/h1>\n<div class=\"auto-hide-last-sibling-br paragraph-JOTKXA paragraph-element br-paragraph-space\">\u3010M\u00e9todo de embalagem\u3011: 25 kg\/tambor de papel\u00e3o ou saco de papel alum\u00ednio<br class=\"container-utlnW2 wrapper-d0Cc1k undefined\" \/>\u3010Condi\u00e7\u00f5es de armazenamento\u3011: Deve ser selado e protegido da luz, armazenado em local seco, fresco e bem ventilado<br class=\"container-utlnW2 wrapper-d0Cc1k undefined\" \/>\u3010Validade\u3011: 2 anos<br class=\"container-utlnW2 wrapper-d0Cc1k undefined\" \/>\u3010Fornecimento de amostra\u3011: Geralmente, amostras de 5-20 g s\u00e3o fornecidas para a maioria dos produtos; taxas de amostra s\u00e3o cobradas para alguns produtos.<br class=\"container-utlnW2 wrapper-d0Cc1k undefined\" \/>\u3010Embalagem do produto\u3011: Embalagem em tambor de papel\u00e3o ou saco de papel alum\u00ednio (personaliz\u00e1vel de acordo com as necessidades do cliente)<br class=\"container-utlnW2 wrapper-d0Cc1k undefined\" \/>\u3010Prazo de entrega\u3011: Produtos n\u00e3o personalizados ser\u00e3o enviados em at\u00e9 48 horas; o prazo de entrega para produtos personalizados ser\u00e1 ajustado com base nas necessidades reais.<br class=\"container-utlnW2 wrapper-d0Cc1k undefined\" \/>\u3010M\u00e9todo de embalagem\u3011: 25 kg\/tambor de papel\u00e3o ou saco de papel alum\u00ednio; a embalagem pode ser ajustada de acordo com as condi\u00e7\u00f5es reais.<br class=\"container-utlnW2 wrapper-d0Cc1k undefined\" \/>\u3010M\u00e9todo de transporte\u3011: Log\u00edstica expressa dom\u00e9stica; o or\u00e7amento inclui custos de transporte.<br class=\"container-utlnW2 wrapper-d0Cc1k undefined\" \/>\u3010Condi\u00e7\u00f5es de armazenamento\u3011: Selado e protegido da luz, armazenado em local seco, fresco e bem ventilado<\/div>\n<\/div>\n<\/div>\n<\/div>\n<div class=\"answer-action-bar-pgm2JD answer-action-bar flex flex-col justify-end\" data-testid=\"message_action_bar\">\n<div class=\"container-rxM4SW flex flex-row items-start w-full self-center\" data-message-action-bar=\"1\">\n<div class=\"left-Y7jNAM\">\n<div class=\"bp5-overflow-list container-i9_9R9 align-start-BRJcKo inner-K6EVuU\"><button class=\"semi-button semi-button-primary semi-button-light container-ESWhjk size-small-jTps3E background-white-v4rjV_ color-grey-deep-pHDbUa semi-button-with-icon semi-button-with-icon-only\" tabindex=\"0\" type=\"button\" data-testid=\"message_action_copy\" aria-disabled=\"false\" aria-describedby=\"hhiosmx\" data-popupid=\"hhiosmx\">\u00a0<\/button><\/div>\n<\/div>\n<\/div>\n<\/div>\n<\/div>\n<\/div>\n<\/div>\n<\/div>\n<\/div>\n<\/div>\n<\/div>\n<\/div>\n<\/div>\n<\/div>\n<\/div>\n<\/div>\n<\/div>","protected":false},"featured_media":9582,"comment_status":"closed","ping_status":"closed","template":"","meta":[],"product_brand":[],"product_cat":[17,24],"product_tag":[],"class_list":{"0":"post-9581","1":"product","2":"type-product","3":"status-publish","4":"has-post-thumbnail","6":"product_cat-plant-extract","7":"product_cat-ratio-extract","9":"first","10":"instock","11":"shipping-taxable","12":"product-type-simple"},"_links":{"self":[{"href":"https:\/\/www.hvbio.com\/pt\/wp-json\/wp\/v2\/product\/9581","targetHints":{"allow":["GET"]}}],"collection":[{"href":"https:\/\/www.hvbio.com\/pt\/wp-json\/wp\/v2\/product"}],"about":[{"href":"https:\/\/www.hvbio.com\/pt\/wp-json\/wp\/v2\/types\/product"}],"replies":[{"embeddable":true,"href":"https:\/\/www.hvbio.com\/pt\/wp-json\/wp\/v2\/comments?post=9581"}],"wp:featuredmedia":[{"embeddable":true,"href":"https:\/\/www.hvbio.com\/pt\/wp-json\/wp\/v2\/media\/9582"}],"wp:attachment":[{"href":"https:\/\/www.hvbio.com\/pt\/wp-json\/wp\/v2\/media?parent=9581"}],"wp:term":[{"taxonomy":"product_brand","embeddable":true,"href":"https:\/\/www.hvbio.com\/pt\/wp-json\/wp\/v2\/product_brand?post=9581"},{"taxonomy":"product_cat","embeddable":true,"href":"https:\/\/www.hvbio.com\/pt\/wp-json\/wp\/v2\/product_cat?post=9581"},{"taxonomy":"product_tag","embeddable":true,"href":"https:\/\/www.hvbio.com\/pt\/wp-json\/wp\/v2\/product_tag?post=9581"}],"curies":[{"name":"wp","href":"https:\/\/api.w.org\/{rel}","templated":true}]}}