{"id":9587,"date":"2025-08-19T15:03:42","date_gmt":"2025-08-19T07:03:42","guid":{"rendered":"https:\/\/www.hvbio.com\/?post_type=product&#038;p=9587"},"modified":"2025-08-20T11:03:28","modified_gmt":"2025-08-20T03:03:28","slug":"chocolate-powder","status":"publish","type":"product","link":"https:\/\/www.hvbio.com\/pt\/produto\/chocolate-powder\/","title":{"rendered":"Chocolate em p\u00f3"},"content":{"rendered":"<table>\n<tbody>\n<tr>\n<td><strong>Nome do produto<\/strong><\/td>\n<td>Chocolate em p\u00f3<\/td>\n<\/tr>\n<tr>\n<td><strong>Outros nomes<\/strong><\/td>\n<td>Cacau em p\u00f3, chocolate em p\u00f3 (Nota: \u201c\u5de7\u514b\u529b\u201d \u00e9 a translitera\u00e7\u00e3o chinesa de \u201cChocolate\u201d, ent\u00e3o o nome em ingl\u00eas correspondente continua sendo \u201cChocolate em p\u00f3\u201d)<\/td>\n<\/tr>\n<tr>\n<td><strong>Solvente de Extra\u00e7\u00e3o e Parte Usada<\/strong><\/td>\n<td>O principal componente do chocolate em p\u00f3 \u00e9 o cacau em p\u00f3. A parte utilizada s\u00e3o os gr\u00e3os de cacau extra\u00eddos dos frutos do cacaueiro.<br class=\"container-utlnW2 wrapper-d0Cc1k undefined\" \/><br class=\"container-utlnW2 wrapper-d0Cc1k undefined\" \/><strong>Processo de produ\u00e7\u00e3o de cacau em p\u00f3<\/strong>:<br class=\"container-utlnW2 wrapper-d0Cc1k undefined\" \/>1. Limpe, peneire, torre e descasque os gr\u00e3os de cacau para obter o licor de cacau.<br class=\"container-utlnW2 wrapper-d0Cc1k undefined\" \/>2. Pressione o licor de cacau para separar a manteiga de cacau.<br class=\"container-utlnW2 wrapper-d0Cc1k undefined\" \/>3. Triture o restante do bolo de cacau at\u00e9 obter cacau em p\u00f3.<\/td>\n<\/tr>\n<tr>\n<td><strong>M\u00e9todo de teste<\/strong><\/td>\n<td>TLC (Cromatografia em Camada Delgada)<\/td>\n<\/tr>\n<tr>\n<td><strong>Armazenar<\/strong><\/td>\n<td>Armazene em um recipiente fechado, coloque em local fresco, seco e sem luz, e mantenha longe de fontes de calor e ambientes \u00famidos.<\/td>\n<\/tr>\n<tr>\n<td><strong>Prazo de validade<\/strong><\/td>\n<td>2 anos<\/td>\n<\/tr>\n<\/tbody>\n<\/table>","protected":false},"excerpt":{"rendered":"<table>\n<tbody>\n<tr>\n<td><strong>Nome do produto<\/strong><\/td>\n<td>Chocolate em p\u00f3<\/td>\n<\/tr>\n<tr>\n<td><strong>Outros nomes<\/strong><\/td>\n<td>Cacau em p\u00f3, chocolate em p\u00f3 (Nota: \u201c\u5de7\u514b\u529b\u201d \u00e9 a translitera\u00e7\u00e3o chinesa de \u201cChocolate\u201d, ent\u00e3o o nome em ingl\u00eas correspondente continua sendo \u201cChocolate em p\u00f3\u201d)<\/td>\n<\/tr>\n<tr>\n<td><strong>Solvente de Extra\u00e7\u00e3o e Parte Usada<\/strong><\/td>\n<td>O principal componente do chocolate em p\u00f3 \u00e9 o cacau em p\u00f3. A parte utilizada s\u00e3o os gr\u00e3os de cacau extra\u00eddos dos frutos do cacaueiro.<br class=\"container-utlnW2 wrapper-d0Cc1k undefined\" \/><br class=\"container-utlnW2 wrapper-d0Cc1k undefined\" \/><strong>Processo de produ\u00e7\u00e3o de cacau em p\u00f3<\/strong>:<br class=\"container-utlnW2 wrapper-d0Cc1k undefined\" \/>1. Limpe, peneire, torre e descasque os gr\u00e3os de cacau para obter o licor de cacau.<br class=\"container-utlnW2 wrapper-d0Cc1k undefined\" \/>2. Pressione o licor de cacau para separar a manteiga de cacau.<br class=\"container-utlnW2 wrapper-d0Cc1k undefined\" \/>3. Triture o restante do bolo de cacau at\u00e9 obter cacau em p\u00f3.<\/td>\n<\/tr>\n<tr>\n<td><strong>M\u00e9todo de teste<\/strong><\/td>\n<td>TLC (Cromatografia em Camada Delgada)<\/td>\n<\/tr>\n<tr>\n<td><strong>Armazenar<\/strong><\/td>\n<td>Armazene em um recipiente fechado, coloque em local fresco, seco e sem luz, e mantenha longe de fontes de calor e ambientes \u00famidos.<\/td>\n<\/tr>\n<tr>\n<td><strong>Prazo de validade<\/strong><\/td>\n<td>2 anos<\/td>\n<\/tr>\n<\/tbody>\n<\/table>","protected":false},"featured_media":9588,"comment_status":"closed","ping_status":"closed","template":"","meta":[],"product_brand":[],"product_cat":[20],"product_tag":[],"class_list":{"0":"post-9587","1":"product","2":"type-product","3":"status-publish","4":"has-post-thumbnail","6":"product_cat-fruit-powder","8":"first","9":"instock","10":"shipping-taxable","11":"product-type-simple"},"_links":{"self":[{"href":"https:\/\/www.hvbio.com\/pt\/wp-json\/wp\/v2\/product\/9587","targetHints":{"allow":["GET"]}}],"collection":[{"href":"https:\/\/www.hvbio.com\/pt\/wp-json\/wp\/v2\/product"}],"about":[{"href":"https:\/\/www.hvbio.com\/pt\/wp-json\/wp\/v2\/types\/product"}],"replies":[{"embeddable":true,"href":"https:\/\/www.hvbio.com\/pt\/wp-json\/wp\/v2\/comments?post=9587"}],"wp:featuredmedia":[{"embeddable":true,"href":"https:\/\/www.hvbio.com\/pt\/wp-json\/wp\/v2\/media\/9588"}],"wp:attachment":[{"href":"https:\/\/www.hvbio.com\/pt\/wp-json\/wp\/v2\/media?parent=9587"}],"wp:term":[{"taxonomy":"product_brand","embeddable":true,"href":"https:\/\/www.hvbio.com\/pt\/wp-json\/wp\/v2\/product_brand?post=9587"},{"taxonomy":"product_cat","embeddable":true,"href":"https:\/\/www.hvbio.com\/pt\/wp-json\/wp\/v2\/product_cat?post=9587"},{"taxonomy":"product_tag","embeddable":true,"href":"https:\/\/www.hvbio.com\/pt\/wp-json\/wp\/v2\/product_tag?post=9587"}],"curies":[{"name":"wp","href":"https:\/\/api.w.org\/{rel}","templated":true}]}}