{"id":9593,"date":"2025-08-20T11:12:52","date_gmt":"2025-08-20T03:12:52","guid":{"rendered":"https:\/\/www.hvbio.com\/?post_type=product&#038;p=9593"},"modified":"2025-08-20T11:12:52","modified_gmt":"2025-08-20T03:12:52","slug":"blueberry-freeze-dried-powder-2","status":"publish","type":"product","link":"https:\/\/www.hvbio.com\/pt\/produto\/blueberry-freeze-dried-powder-2\/","title":{"rendered":"P\u00f3 liofilizado de mirtilo"},"content":{"rendered":"<div class=\"inter-jQQQ8P\">\n<div class=\"container-PrUkKo\">\n<div class=\"item-hGGxLi\">\n<div class=\"container-arOxqB chrome70-container\">\n<div class=\"inner-FyM8gE inner-item-swzCut\" data-target-id=\"message-box-target-id\" data-testid=\"union_message\">\n<div class=\"message-block-container-aFugD6\" data-testid=\"message-block-container\">\n<div class=\"flex flex-row w-full w-full max-w-full s-font-base text-s-color-text-secondary p-0 rounded-s-radius-s bg-transparent group data-[attr=select-mode]:-mt-10 data-[attr=select-mode]:py-10 data-[attr=select-mode]:px-16 data-[attr=select-mode]:sm:p-10 data-[attr=select-mode]:hover:bg-s-color-bg-base data-[attr=select-mode]:hover:rounded-s-radius-xs data-[attr=select-mode]:has-[:checked]:bg-s-color-bg-trans data-[attr=select-mode]:has-[:checked]:rounded-s-radius-xs data-[attr=select-mode]:pointer-events-none\" data-testid=\"receive_message\">\n<div class=\"flex flex-col flex-grow max-w-full min-w-0\">\n<div class=\"flex flex-row w-full\" data-testid=\"message_content\" data-message-id=\"17041864147062786\">\n<div class=\"w-full\" data-plugin-identifier=\"Symbol(infra:receive-message-box:text)\">\n<div class=\"container-ZYIsnH flow-markdown-body theme-samantha-Nbr9UN\" dir=\"ltr\" data-testid=\"message_text_content\" data-show-indicator=\"false\">\n<div class=\"auto-hide-last-sibling-br mdbox-table-root table-container-GhL7Lo\" data-scroll-inline-overflow=\"false\" data-scroll-inline-at-start=\"true\" data-scroll-inline-start-overflow=\"false\" data-scroll-inline-at-end=\"true\" data-scroll-inline-end-overflow=\"false\">\n<div class=\"table-scroll-container-hgHkfW mdbox-table-scroll-container\">\n<table style=\"height: 382px;\" width=\"1562\">\n<thead>\n<tr>\n<th><strong>Item<\/strong><\/th>\n<th><strong>Detalhes<\/strong><\/th>\n<\/tr>\n<\/thead>\n<tbody>\n<tr>\n<td>Nome do produto<\/td>\n<td>P\u00f3 liofilizado de mirtilo<\/td>\n<\/tr>\n<tr>\n<td>Other Name<\/td>\n<td>Blueberry Freeze-Drying<\/td>\n<\/tr>\n<tr>\n<td>Solvente de Extra\u00e7\u00e3o e Parte Usada<\/td>\n<td>&#8211; Used Part: Whole berries of blueberry<br class=\"container-utlnW2 wrapper-d0Cc1k undefined\" \/>&#8211; Extraction Solvent: No common extraction solvents (such as ethanol, water, acetone) are used; the blueberry freeze-dried powder is prepared by direct freeze-drying of blueberries.<\/td>\n<\/tr>\n<tr>\n<td>Apar\u00eancia<\/td>\n<td>Dark purple powder<\/td>\n<\/tr>\n<tr>\n<td>M\u00e9todo de detec\u00e7\u00e3o<\/td>\n<td>TLC (Cromatografia em Camada Delgada)<\/td>\n<\/tr>\n<tr>\n<td>Condi\u00e7\u00f5es de armazenamento<\/td>\n<td>Store in a sealed container, in a cool, dry and dark place, away from heat sources and humid environments.<\/td>\n<\/tr>\n<tr>\n<td>Prazo de validade<\/td>\n<td>Dois anos<\/td>\n<\/tr>\n<\/tbody>\n<\/table>\n<\/div>\n<\/div>\n<\/div>\n<\/div>\n<\/div>\n<div class=\"answer-action-bar-pgm2JD answer-action-bar flex flex-col justify-end\" data-testid=\"message_action_bar\">\n<div class=\"container-rxM4SW flex flex-row items-start w-full self-center\" data-message-action-bar=\"1\">\n<div class=\"left-Y7jNAM\">\n<div class=\"bp5-overflow-list container-i9_9R9 align-start-BRJcKo inner-K6EVuU\"><button class=\"semi-button semi-button-primary semi-button-light container-ESWhjk size-small-jTps3E background-white-v4rjV_ color-grey-deep-pHDbUa semi-button-with-icon semi-button-with-icon-only\" tabindex=\"0\" type=\"button\" data-testid=\"message_action_copy\" aria-disabled=\"false\" aria-describedby=\"f8upjou\" data-popupid=\"f8upjou\">\u00a0<\/button><\/div>\n<\/div>\n<\/div>\n<\/div>\n<\/div>\n<\/div>\n<\/div>\n<\/div>\n<\/div>\n<\/div>\n<\/div>\n<\/div>","protected":false},"excerpt":{"rendered":"<p>Product Name: Blueberry Freeze-Dried Powder<\/p>\n<div class=\"auto-hide-last-sibling-br paragraph-JOTKXA paragraph-element br-paragraph-space\">Other Names: Blueberry Freeze-Drying<\/div>\n<pre class=\"header-vfC6AV auto-hide-last-sibling-br\">Solvente de extra\u00e7\u00e3o e parte usada:<\/pre>\n<ul class=\"auto-hide-last-sibling-br\">\n<li>Used part: The complete berries of blueberries.<\/li>\n<li>Preparation process of blueberry freeze-dried powder: Directly freeze-dry blueberries, without using common extraction solvents such as ethanol, water, acetone, etc.<\/li>\n<\/ul>\n<pre class=\"header-vfC6AV auto-hide-last-sibling-br\">Appearance: Dark purple powder\r\n\r\nDetection Method: TLC\r\n\r\nPurchase Instructions<\/pre>\n<ul class=\"auto-hide-last-sibling-br\">\n<li><strong>M\u00e9todo de embalagem<\/strong>: 25 kg\/tambor de papel\u00e3o ou saco de papel alum\u00ednio<\/li>\n<li><strong>Condi\u00e7\u00f5es de armazenamento<\/strong>: Deve ser selado e protegido da luz, armazenado em local seco, fresco e bem ventilado<\/li>\n<li><strong>Prazo de validade<\/strong>: 2 anos<\/li>\n<li><strong>Provis\u00e3o de amostra<\/strong>: Generally, 5-20g samples are provided for most products; a sample fee is charged for some products.<\/li>\n<li><strong>Embalagem do produto<\/strong>: Embalado em tambores de papel\u00e3o ou sacos de papel alum\u00ednio (embalagem personaliz\u00e1vel dispon\u00edvel mediante solicita\u00e7\u00e3o do cliente)<\/li>\n<li><strong>Prazo de entrega<\/strong>: Produtos n\u00e3o personalizados s\u00e3o enviados em at\u00e9 48 horas; o prazo de entrega para produtos personalizados \u00e9 ajustado com base nas necessidades reais.<\/li>\n<li><strong>M\u00e9todo de transporte<\/strong>:Log\u00edstica expressa nacional; o pre\u00e7o cotado inclui custos de transporte.<\/li>\n<\/ul>","protected":false},"featured_media":9594,"comment_status":"closed","ping_status":"closed","template":"","meta":[],"product_brand":[],"product_cat":[18,21],"product_tag":[],"class_list":{"0":"post-9593","1":"product","2":"type-product","3":"status-publish","4":"has-post-thumbnail","6":"product_cat-fruit-and-vegetable-powder","7":"product_cat-lyophilized-powder","9":"first","10":"instock","11":"shipping-taxable","12":"product-type-simple"},"_links":{"self":[{"href":"https:\/\/www.hvbio.com\/pt\/wp-json\/wp\/v2\/product\/9593","targetHints":{"allow":["GET"]}}],"collection":[{"href":"https:\/\/www.hvbio.com\/pt\/wp-json\/wp\/v2\/product"}],"about":[{"href":"https:\/\/www.hvbio.com\/pt\/wp-json\/wp\/v2\/types\/product"}],"replies":[{"embeddable":true,"href":"https:\/\/www.hvbio.com\/pt\/wp-json\/wp\/v2\/comments?post=9593"}],"wp:featuredmedia":[{"embeddable":true,"href":"https:\/\/www.hvbio.com\/pt\/wp-json\/wp\/v2\/media\/9594"}],"wp:attachment":[{"href":"https:\/\/www.hvbio.com\/pt\/wp-json\/wp\/v2\/media?parent=9593"}],"wp:term":[{"taxonomy":"product_brand","embeddable":true,"href":"https:\/\/www.hvbio.com\/pt\/wp-json\/wp\/v2\/product_brand?post=9593"},{"taxonomy":"product_cat","embeddable":true,"href":"https:\/\/www.hvbio.com\/pt\/wp-json\/wp\/v2\/product_cat?post=9593"},{"taxonomy":"product_tag","embeddable":true,"href":"https:\/\/www.hvbio.com\/pt\/wp-json\/wp\/v2\/product_tag?post=9593"}],"curies":[{"name":"wp","href":"https:\/\/api.w.org\/{rel}","templated":true}]}}