{"id":9624,"date":"2025-08-20T11:21:03","date_gmt":"2025-08-20T03:21:03","guid":{"rendered":"https:\/\/www.hvbio.com\/?post_type=product&#038;p=9624"},"modified":"2025-08-20T11:21:04","modified_gmt":"2025-08-20T03:21:04","slug":"oyster-freeze-dried-powder","status":"publish","type":"product","link":"https:\/\/www.hvbio.com\/pt\/produto\/oyster-freeze-dried-powder\/","title":{"rendered":"P\u00f3 liofilizado de ostra"},"content":{"rendered":"<table>\n<tbody>\n<tr>\n<td><strong>Nome do produto<\/strong><\/td>\n<td>P\u00f3 liofilizado de ostra<\/td>\n<\/tr>\n<tr>\n<td><strong>Nome latino<\/strong><\/td>\n<td>Cistanche deserticola Ma<\/td>\n<\/tr>\n<tr>\n<td><strong>Aliases de produtos<\/strong><\/td>\n<td>Concha de ostra, concha de ostra marinha, concha esquerda, ostra esquerda, am\u00eaijoa ostra<\/td>\n<\/tr>\n<tr>\n<td><strong>N\u00ba CAS.<\/strong><\/td>\n<td>94465-79-9<\/td>\n<\/tr>\n<tr>\n<td><strong>Fonte de uso<\/strong><\/td>\n<td>Carne de ostra de esp\u00e9cies de ostras como\u00a0<em>Crassostrea rivularis<\/em>,\u00a0<em>Crassostrea gigas<\/em>\u00a0ou\u00a0<em>Crassostrea talienwhanensis<\/em>\u00a0da fam\u00edlia Ostreidae<\/td>\n<\/tr>\n<tr>\n<td><strong>Componentes Qu\u00edmicos<\/strong><\/td>\n<td>Prote\u00edna, Amino\u00e1cidos<\/td>\n<\/tr>\n<tr>\n<td><strong>Especifica\u00e7\u00e3o do produto<\/strong><\/td>\n<td>P\u00f3 liofilizado<\/td>\n<\/tr>\n<tr>\n<td><strong>Tamanho da malha do produto<\/strong><\/td>\n<td>100% atrav\u00e9s de peneira de 30 malhas<\/td>\n<\/tr>\n<tr>\n<td><strong>Propriedades do produto<\/strong><\/td>\n<td>P\u00f3 marrom-amarelado, testado por TLC (Cromatografia em Camada Delgada)<\/td>\n<\/tr>\n<tr>\n<td><strong>Origem da mat\u00e9ria-prima<\/strong><\/td>\n<td>Produzido principalmente em \u00e1reas costeiras como as prov\u00edncias de Jiangsu, Fujian, Guangdong, Zhejiang, Liaoning e Shandong<\/td>\n<\/tr>\n<tr>\n<td><strong>Prazo de validade<\/strong><\/td>\n<td>24 meses<\/td>\n<\/tr>\n<tr>\n<td><strong>Expresso\/Log\u00edstica<\/strong><\/td>\n<td>Entrega expressa ou servi\u00e7o de log\u00edstica<br class=\"container-utlnW2 wrapper-d0Cc1k undefined\" \/>O expresso dom\u00e9stico geralmente chega em 3 dias; o log\u00edstico geralmente chega em 5 dias<br class=\"container-utlnW2 wrapper-d0Cc1k undefined\" \/>As cota\u00e7\u00f5es geralmente incluem custos de transporte dom\u00e9stico<\/td>\n<\/tr>\n<\/tbody>\n<\/table>","protected":false},"excerpt":{"rendered":"<table>\n<tbody>\n<tr>\n<td><strong>Nome do produto<\/strong><\/td>\n<td>P\u00f3 liofilizado de ostra<\/td>\n<\/tr>\n<tr>\n<td><strong>Nome latino<\/strong><\/td>\n<td>Cistanche deserticola Ma<\/td>\n<\/tr>\n<tr>\n<td><strong>Aliases de produtos<\/strong><\/td>\n<td>Concha de ostra, concha de ostra marinha, concha esquerda, ostra esquerda, am\u00eaijoa ostra<\/td>\n<\/tr>\n<tr>\n<td><strong>N\u00ba CAS.<\/strong><\/td>\n<td>94465-79-9<\/td>\n<\/tr>\n<tr>\n<td><strong>Fonte de uso<\/strong><\/td>\n<td>Carne de ostra de esp\u00e9cies de ostras como\u00a0<em>Crassostrea rivularis<\/em>,\u00a0<em>Crassostrea gigas<\/em>\u00a0ou\u00a0<em>Crassostrea talienwhanensis<\/em>\u00a0da fam\u00edlia Ostreidae<\/td>\n<\/tr>\n<tr>\n<td><strong>Componentes Qu\u00edmicos<\/strong><\/td>\n<td>Prote\u00edna, Amino\u00e1cidos<\/td>\n<\/tr>\n<tr>\n<td><strong>Especifica\u00e7\u00e3o do produto<\/strong><\/td>\n<td>P\u00f3 liofilizado<\/td>\n<\/tr>\n<tr>\n<td><strong>Tamanho da malha do produto<\/strong><\/td>\n<td>100% atrav\u00e9s de peneira de 30 malhas<\/td>\n<\/tr>\n<tr>\n<td><strong>Propriedades do produto<\/strong><\/td>\n<td>P\u00f3 marrom-amarelado, testado por TLC (Cromatografia em Camada Delgada)<\/td>\n<\/tr>\n<tr>\n<td><strong>Origem da mat\u00e9ria-prima<\/strong><\/td>\n<td>Produzido principalmente em \u00e1reas costeiras como as prov\u00edncias de Jiangsu, Fujian, Guangdong, Zhejiang, Liaoning e Shandong<\/td>\n<\/tr>\n<tr>\n<td><strong>Prazo de validade<\/strong><\/td>\n<td>24 meses<\/td>\n<\/tr>\n<tr>\n<td><strong>Expresso\/Log\u00edstica<\/strong><\/td>\n<td>Entrega expressa ou servi\u00e7o de log\u00edstica<br class=\"container-utlnW2 wrapper-d0Cc1k undefined\" \/>O expresso dom\u00e9stico geralmente chega em 3 dias; o log\u00edstico geralmente chega em 5 dias<br class=\"container-utlnW2 wrapper-d0Cc1k undefined\" \/>As cota\u00e7\u00f5es geralmente incluem custos de transporte dom\u00e9stico<\/td>\n<\/tr>\n<\/tbody>\n<\/table>","protected":false},"featured_media":9633,"comment_status":"closed","ping_status":"closed","template":"","meta":[],"product_brand":[],"product_cat":[21,18],"product_tag":[],"class_list":{"0":"post-9624","1":"product","2":"type-product","3":"status-publish","4":"has-post-thumbnail","6":"product_cat-lyophilized-powder","7":"product_cat-fruit-and-vegetable-powder","9":"first","10":"instock","11":"shipping-taxable","12":"product-type-simple"},"_links":{"self":[{"href":"https:\/\/www.hvbio.com\/pt\/wp-json\/wp\/v2\/product\/9624","targetHints":{"allow":["GET"]}}],"collection":[{"href":"https:\/\/www.hvbio.com\/pt\/wp-json\/wp\/v2\/product"}],"about":[{"href":"https:\/\/www.hvbio.com\/pt\/wp-json\/wp\/v2\/types\/product"}],"replies":[{"embeddable":true,"href":"https:\/\/www.hvbio.com\/pt\/wp-json\/wp\/v2\/comments?post=9624"}],"wp:featuredmedia":[{"embeddable":true,"href":"https:\/\/www.hvbio.com\/pt\/wp-json\/wp\/v2\/media\/9633"}],"wp:attachment":[{"href":"https:\/\/www.hvbio.com\/pt\/wp-json\/wp\/v2\/media?parent=9624"}],"wp:term":[{"taxonomy":"product_brand","embeddable":true,"href":"https:\/\/www.hvbio.com\/pt\/wp-json\/wp\/v2\/product_brand?post=9624"},{"taxonomy":"product_cat","embeddable":true,"href":"https:\/\/www.hvbio.com\/pt\/wp-json\/wp\/v2\/product_cat?post=9624"},{"taxonomy":"product_tag","embeddable":true,"href":"https:\/\/www.hvbio.com\/pt\/wp-json\/wp\/v2\/product_tag?post=9624"}],"curies":[{"name":"wp","href":"https:\/\/api.w.org\/{rel}","templated":true}]}}