{"id":9625,"date":"2025-08-20T11:28:07","date_gmt":"2025-08-20T03:28:07","guid":{"rendered":"https:\/\/www.hvbio.com\/?post_type=product&#038;p=9625"},"modified":"2025-08-20T11:41:11","modified_gmt":"2025-08-20T03:41:11","slug":"broccoli-powder","status":"publish","type":"product","link":"https:\/\/www.hvbio.com\/pt\/produto\/broccoli-powder\/","title":{"rendered":"P\u00f3 de br\u00f3colis"},"content":{"rendered":"<table style=\"height: 358px;\" width=\"1360\">\n<thead>\n<tr>\n<th><strong>Item<\/strong><\/th>\n<th><strong>Detalhes<\/strong><\/th>\n<\/tr>\n<\/thead>\n<tbody>\n<tr>\n<td><strong>Nome do produto<\/strong><\/td>\n<td>P\u00f3 de br\u00f3colis<\/td>\n<\/tr>\n<tr>\n<td><strong>Outros nomes<\/strong><\/td>\n<td>P\u00f3 de couve-flor, p\u00f3 de couve-flor verde, p\u00f3 de p\u00f3len de vegetais verdes, p\u00f3 de br\u00f3colis azul, p\u00f3 de br\u00f3colis verde<\/td>\n<\/tr>\n<tr>\n<td><strong>Solvente de extra\u00e7\u00e3o e parte usada<\/strong><\/td>\n<td>&#8211;\u00a0<strong>Parte usada<\/strong>: Fruta<br class=\"container-utlnW2 wrapper-d0Cc1k undefined\" \/>&#8211;\u00a0<strong>Solventes de Extra\u00e7\u00e3o<\/strong>: Etanol e \u00e1gua (para extrato de br\u00f3colis)<\/td>\n<\/tr>\n<tr>\n<td><strong>Apar\u00eancia<\/strong><\/td>\n<td>p\u00f3 verde<\/td>\n<\/tr>\n<tr>\n<td><strong>M\u00e9todo de detec\u00e7\u00e3o<\/strong><\/td>\n<td>TLC (Cromatografia em Camada Delgada)<\/td>\n<\/tr>\n<tr>\n<td><strong>Armazenar<\/strong><\/td>\n<td>Conservar em recipiente fechado, em local fresco, seco e escuro, longe de fontes de calor e ambientes \u00famidos.<\/td>\n<\/tr>\n<tr>\n<td><strong>Prazo de validade<\/strong><\/td>\n<td>Dois anos<\/td>\n<\/tr>\n<\/tbody>\n<\/table>","protected":false},"excerpt":{"rendered":"<h5 class=\"header-vfC6AV auto-hide-last-sibling-br\">Nome do produto: Br\u00f3colis em p\u00f3<\/h5>\n<div class=\"auto-hide-last-sibling-br paragraph-JOTKXA paragraph-element br-paragraph-space\">Outros nomes: P\u00f3 de couve-flor, p\u00f3 de br\u00f3colis verde, p\u00f3len de vegetais verdes, p\u00f3 de br\u00f3colis azul, p\u00f3 de couve-flor verde<br class=\"container-utlnW2 wrapper-d0Cc1k undefined\" \/>Solvente de extra\u00e7\u00e3o e parte usada: A parte de extra\u00e7\u00e3o do p\u00f3 de br\u00f3colis \u00e9 a fruta; etanol e \u00e1gua podem ser usados como solventes para o extrato de br\u00f3colis.<br class=\"container-utlnW2 wrapper-d0Cc1k undefined\" \/>Apar\u00eancia: p\u00f3 verde<br class=\"container-utlnW2 wrapper-d0Cc1k undefined\" \/>M\u00e9todo de detec\u00e7\u00e3o: TLC<\/div>\n<h5 class=\"header-vfC6AV auto-hide-last-sibling-br\">Instru\u00e7\u00f5es de compra<\/h5>\n<ul class=\"auto-hide-last-sibling-br\">\n<li>\u3010M\u00e9todo de embalagem\u301125 kg\/tambor de papel\u00e3o ou saco de papel alum\u00ednio<\/li>\n<li>\u3010Condi\u00e7\u00f5es de armazenamento\u3011Deve ser selado e protegido da luz, armazenado em local seco, fresco e bem ventilado<\/li>\n<li>\u3010Validade\u3011Dois anos<\/li>\n<li>\u3010Amostra\u3011Geralmente, amostras de 5-20 g s\u00e3o fornecidas para a maioria dos produtos; alguns produtos cobram uma taxa de amostra.<\/li>\n<li>\u3010Embalagem do produto\u3011Embalado em tambores de papel\u00e3o ou sacos de papel alum\u00ednio (embalagem personaliz\u00e1vel dispon\u00edvel mediante solicita\u00e7\u00e3o do cliente)<\/li>\n<li>\u3010Prazo de entrega\u3011Produtos n\u00e3o personalizados ser\u00e3o enviados em at\u00e9 48 horas; o prazo de entrega para produtos personalizados ser\u00e1 ajustado com base nas necessidades reais.<\/li>\n<li>\u3010M\u00e9todo de embalagem\u3011Tambor de papel\u00e3o de 25 kg ou saco de papel alum\u00ednio; a embalagem pode ser ajustada de acordo com as condi\u00e7\u00f5es reais.<\/li>\n<li>\u3010M\u00e9todo de transporte\u3011Log\u00edstica expressa nacional; o or\u00e7amento inclui custos de transporte.<\/li>\n<li>\u3010Condi\u00e7\u00f5es de armazenamento\u3011Selado e protegido da luz, armazenado em local seco, fresco e bem ventilado.<\/li>\n<\/ul>","protected":false},"featured_media":9629,"comment_status":"closed","ping_status":"closed","template":"","meta":[],"product_brand":[],"product_cat":[18,19],"product_tag":[],"class_list":{"0":"post-9625","1":"product","2":"type-product","3":"status-publish","4":"has-post-thumbnail","6":"product_cat-fruit-and-vegetable-powder","7":"product_cat-vegetable-powders","9":"first","10":"instock","11":"shipping-taxable","12":"product-type-simple"},"_links":{"self":[{"href":"https:\/\/www.hvbio.com\/pt\/wp-json\/wp\/v2\/product\/9625","targetHints":{"allow":["GET"]}}],"collection":[{"href":"https:\/\/www.hvbio.com\/pt\/wp-json\/wp\/v2\/product"}],"about":[{"href":"https:\/\/www.hvbio.com\/pt\/wp-json\/wp\/v2\/types\/product"}],"replies":[{"embeddable":true,"href":"https:\/\/www.hvbio.com\/pt\/wp-json\/wp\/v2\/comments?post=9625"}],"wp:featuredmedia":[{"embeddable":true,"href":"https:\/\/www.hvbio.com\/pt\/wp-json\/wp\/v2\/media\/9629"}],"wp:attachment":[{"href":"https:\/\/www.hvbio.com\/pt\/wp-json\/wp\/v2\/media?parent=9625"}],"wp:term":[{"taxonomy":"product_brand","embeddable":true,"href":"https:\/\/www.hvbio.com\/pt\/wp-json\/wp\/v2\/product_brand?post=9625"},{"taxonomy":"product_cat","embeddable":true,"href":"https:\/\/www.hvbio.com\/pt\/wp-json\/wp\/v2\/product_cat?post=9625"},{"taxonomy":"product_tag","embeddable":true,"href":"https:\/\/www.hvbio.com\/pt\/wp-json\/wp\/v2\/product_tag?post=9625"}],"curies":[{"name":"wp","href":"https:\/\/api.w.org\/{rel}","templated":true}]}}