{"id":9645,"date":"2025-08-20T11:39:05","date_gmt":"2025-08-20T03:39:05","guid":{"rendered":"https:\/\/www.hvbio.com\/?post_type=product&#038;p=9645"},"modified":"2025-08-20T11:49:46","modified_gmt":"2025-08-20T03:49:46","slug":"freeze-dried-dragon-fruit-powder","status":"publish","type":"product","link":"https:\/\/www.hvbio.com\/pt\/produto\/freeze-dried-dragon-fruit-powder\/","title":{"rendered":"P\u00f3 liofilizado de fruta do drag\u00e3o"},"content":{"rendered":"<table style=\"height: 360px;\" width=\"1163\">\n<thead>\n<tr>\n<th>Item<\/th>\n<th>Detalhes<\/th>\n<\/tr>\n<\/thead>\n<tbody>\n<tr>\n<td>Nome do produto<\/td>\n<td>P\u00f3 liofilizado de fruta do drag\u00e3o<\/td>\n<\/tr>\n<tr>\n<td>Outros nomes<\/td>\n<td>Dragon Fruit Extract, Red Dragon Fruit Powder<\/td>\n<\/tr>\n<tr>\n<td>Solvente de Extra\u00e7\u00e3o e Parte Utilizada<\/td>\n<td>The commonly used extraction solvent is ethanol, and the main extraction part is the pulp of dragon fruit.<\/td>\n<\/tr>\n<tr>\n<td>Apar\u00eancia<\/td>\n<td>Purple-Red Powder<\/td>\n<\/tr>\n<tr>\n<td>M\u00e9todo de teste<\/td>\n<td>TLC (Cromatografia em Camada Delgada)<\/td>\n<\/tr>\n<tr>\n<td>Armazenar<\/td>\n<td>Store in a sealed container in a cool, dry, and dark place, away from heat sources and humid environments.<\/td>\n<\/tr>\n<tr>\n<td>Prazo de validade<\/td>\n<td>Dois anos<\/td>\n<\/tr>\n<\/tbody>\n<\/table>","protected":false},"excerpt":{"rendered":"<h5 class=\"header-vfC6AV auto-hide-last-sibling-br\">Product Name: Dragon Fruit Freeze &#8211; Dried Powder<\/h5>\n<div class=\"auto-hide-last-sibling-br paragraph-JOTKXA paragraph-element br-paragraph-space\">Other Names: Dragon Fruit Extract, Red-Pitaya Fruit Powder<br class=\"container-utlnW2 wrapper-d0Cc1k undefined\" \/>Extraction Solvent &amp; Used Part: The commonly used extraction solvent is ethanol, and the main extraction part is the flesh of dragon fruit.<br class=\"container-utlnW2 wrapper-d0Cc1k undefined\" \/>Appearance: Fuchsia powder<br class=\"container-utlnW2 wrapper-d0Cc1k undefined\" \/>M\u00e9todo de detec\u00e7\u00e3o: TLC<\/div>\n<h5 class=\"header-vfC6AV auto-hide-last-sibling-br\">Instru\u00e7\u00f5es de compra<\/h5>\n<ul class=\"auto-hide-last-sibling-br\">\n<li><strong>M\u00e9todo de embalagem<\/strong>: 25 kg\/tambor de papel\u00e3o ou saco de papel alum\u00ednio<\/li>\n<li><strong>Condi\u00e7\u00f5es de armazenamento<\/strong>: Deve ser selado e protegido da luz, armazenado em local seco, fresco e bem ventilado<\/li>\n<li><strong>Prazo de validade<\/strong>: 2 anos<\/li>\n<li><strong>Provis\u00e3o de amostra<\/strong>: Generally, 5-20g samples are provided for most products; a sample fee is charged for some products.<\/li>\n<li><strong>Embalagem do produto<\/strong>: Embalado em tambores de papel\u00e3o ou sacos de papel alum\u00ednio (embalagem personaliz\u00e1vel dispon\u00edvel mediante solicita\u00e7\u00e3o do cliente)<\/li>\n<li><strong>Prazo de entrega<\/strong>: Produtos n\u00e3o personalizados ser\u00e3o enviados em at\u00e9 48 horas; o prazo de entrega para produtos personalizados ser\u00e1 ajustado com base nas necessidades reais.<\/li>\n<li><strong>M\u00e9todo de transporte<\/strong>:Log\u00edstica expressa nacional; o pre\u00e7o cotado inclui custos de transporte.<\/li>\n<\/ul>","protected":false},"featured_media":9646,"comment_status":"closed","ping_status":"closed","template":"","meta":[],"product_brand":[],"product_cat":[18,21],"product_tag":[],"class_list":{"0":"post-9645","1":"product","2":"type-product","3":"status-publish","4":"has-post-thumbnail","6":"product_cat-fruit-and-vegetable-powder","7":"product_cat-lyophilized-powder","9":"first","10":"instock","11":"shipping-taxable","12":"product-type-simple"},"_links":{"self":[{"href":"https:\/\/www.hvbio.com\/pt\/wp-json\/wp\/v2\/product\/9645","targetHints":{"allow":["GET"]}}],"collection":[{"href":"https:\/\/www.hvbio.com\/pt\/wp-json\/wp\/v2\/product"}],"about":[{"href":"https:\/\/www.hvbio.com\/pt\/wp-json\/wp\/v2\/types\/product"}],"replies":[{"embeddable":true,"href":"https:\/\/www.hvbio.com\/pt\/wp-json\/wp\/v2\/comments?post=9645"}],"wp:featuredmedia":[{"embeddable":true,"href":"https:\/\/www.hvbio.com\/pt\/wp-json\/wp\/v2\/media\/9646"}],"wp:attachment":[{"href":"https:\/\/www.hvbio.com\/pt\/wp-json\/wp\/v2\/media?parent=9645"}],"wp:term":[{"taxonomy":"product_brand","embeddable":true,"href":"https:\/\/www.hvbio.com\/pt\/wp-json\/wp\/v2\/product_brand?post=9645"},{"taxonomy":"product_cat","embeddable":true,"href":"https:\/\/www.hvbio.com\/pt\/wp-json\/wp\/v2\/product_cat?post=9645"},{"taxonomy":"product_tag","embeddable":true,"href":"https:\/\/www.hvbio.com\/pt\/wp-json\/wp\/v2\/product_tag?post=9645"}],"curies":[{"name":"wp","href":"https:\/\/api.w.org\/{rel}","templated":true}]}}