{"id":9685,"date":"2025-08-20T14:28:13","date_gmt":"2025-08-20T06:28:13","guid":{"rendered":"https:\/\/www.hvbio.com\/?post_type=product&#038;p=9685"},"modified":"2025-08-20T14:30:22","modified_gmt":"2025-08-20T06:30:22","slug":"gymnemic-acid-25","status":"publish","type":"product","link":"https:\/\/www.hvbio.com\/pt\/produto\/gymnemic-acid-25\/","title":{"rendered":"\u00c1cido Gin\u00eamico 25%"},"content":{"rendered":"<table style=\"height: 342px;\" width=\"1154\">\n<thead>\n<tr>\n<th><strong>Item<\/strong><\/th>\n<th><strong>Detalhes<\/strong><\/th>\n<\/tr>\n<\/thead>\n<tbody>\n<tr>\n<td>Nome do produto<\/td>\n<td>\u00c1cido Gin\u00eamico 25%<\/td>\n<\/tr>\n<tr>\n<td>Outros nomes<\/td>\n<td>\u00c1cido Gin\u00eamico 25%<\/td>\n<\/tr>\n<tr>\n<td>Solvente de Extra\u00e7\u00e3o e Parte Usada<\/td>\n<td>&#8211; Extraction Solvents: Usually ethanol, water, etc.<br class=\"container-utlnW2 wrapper-d0Cc1k undefined\" \/>&#8211; Used Part: Mainly the leaves of Gymnema sylvestre<\/td>\n<\/tr>\n<tr>\n<td>Apar\u00eancia<\/td>\n<td>P\u00f3 marrom escuro<\/td>\n<\/tr>\n<tr>\n<td>M\u00e9todo de detec\u00e7\u00e3o<\/td>\n<td>HPLC (Cromatografia L\u00edquida de Alta Efici\u00eancia)<\/td>\n<\/tr>\n<tr>\n<td>Condi\u00e7\u00f5es de armazenamento<\/td>\n<td>Conservar em recipiente fechado, em local fresco, seco e escuro, longe de fontes de calor e ambientes \u00famidos.<\/td>\n<\/tr>\n<tr>\n<td>Prazo de validade<\/td>\n<td>Dois anos<\/td>\n<\/tr>\n<\/tbody>\n<\/table>","protected":false},"excerpt":{"rendered":"<div class=\"inter-jQQQ8P\">\n<div class=\"container-PrUkKo\">\n<div class=\"item-hGGxLi\">\n<div class=\"container-arOxqB chrome70-container\">\n<div class=\"inner-FyM8gE inner-item-swzCut\" data-target-id=\"message-box-target-id\" data-testid=\"union_message\">\n<div class=\"message-block-container-aFugD6\" data-testid=\"message-block-container\">\n<div class=\"flex flex-row w-full w-full max-w-full s-font-base text-s-color-text-secondary p-0 rounded-s-radius-s bg-transparent group data-[attr=select-mode]:-mt-10 data-[attr=select-mode]:py-10 data-[attr=select-mode]:px-16 data-[attr=select-mode]:sm:p-10 data-[attr=select-mode]:hover:bg-s-color-bg-base data-[attr=select-mode]:hover:rounded-s-radius-xs data-[attr=select-mode]:has-[:checked]:bg-s-color-bg-trans data-[attr=select-mode]:has-[:checked]:rounded-s-radius-xs data-[attr=select-mode]:pointer-events-none\" data-attr=\"\" data-testid=\"receive_message\">\n<div class=\"flex flex-col flex-grow max-w-full min-w-0\">\n<div class=\"flex flex-row w-full\" data-testid=\"message_content\" data-message-id=\"17052827374854658\">\n<div class=\"w-full\" data-plugin-identifier=\"Symbol(infra:receive-message-box:text)\">\n<div class=\"container-ZYIsnH flow-markdown-body theme-samantha-Nbr9UN\" dir=\"ltr\" data-testid=\"message_text_content\" data-show-indicator=\"false\">\n<h4 class=\"header-vfC6AV auto-hide-last-sibling-br\">Product Name: Gymnemic Acid 25%<\/h4>\n<h4 class=\"auto-hide-last-sibling-br paragraph-JOTKXA paragraph-element br-paragraph-space\">Other Names: Gymnemic Acid 25%<\/h4>\n<h4 class=\"header-vfC6AV auto-hide-last-sibling-br\">Solvente de Extra\u00e7\u00e3o e Parte Usada<\/h4>\n<ul class=\"auto-hide-last-sibling-br\">\n<li>\n<h4><strong>Solvente de Extra\u00e7\u00e3o<\/strong>: Common solvents for extracting Gymnemic Acid 25% include ethanol, water, etc.<\/h4>\n<\/li>\n<li>\n<h4><strong>Pe\u00e7a usada<\/strong>: Mainly the leaves of Gymnema sylvestre.<\/h4>\n<\/li>\n<\/ul>\n<h4 class=\"header-vfC6AV auto-hide-last-sibling-br\">Apar\u00eancia: P\u00f3 marrom escuro<\/h4>\n<h4 class=\"header-vfC6AV auto-hide-last-sibling-br\">M\u00e9todo de detec\u00e7\u00e3o: HPLC<\/h4>\n<h4 class=\"header-vfC6AV auto-hide-last-sibling-br\">Notas de compra<\/h4>\n<ul class=\"auto-hide-last-sibling-br\">\n<li><strong>M\u00e9todo de embalagem<\/strong>: 25 kg\/tambor de papel\u00e3o ou saco de papel alum\u00ednio<\/li>\n<li><strong>Condi\u00e7\u00f5es de armazenamento<\/strong>: Deve ser selado e protegido da luz, armazenado em local seco, fresco e bem ventilado<\/li>\n<li><strong>Prazo de validade<\/strong>: 2 anos<\/li>\n<li><strong>Disponibilidade de amostra<\/strong>: Geralmente, amostras de 5-20 g s\u00e3o fornecidas para a maioria dos produtos; taxas de amostra podem ser aplicadas a alguns produtos.<\/li>\n<li><strong>Embalagem do produto<\/strong>: Packaged in cardboard drums or aluminum foil bags (customizable per customer requirements)<\/li>\n<li><strong>Prazo de entrega<\/strong>: Produtos n\u00e3o personalizados ser\u00e3o enviados em at\u00e9 48 horas; o prazo de entrega para produtos personalizados ser\u00e1 ajustado com base nas necessidades reais.<\/li>\n<li><strong>M\u00e9todo de transporte<\/strong>:Log\u00edstica expressa nacional; o or\u00e7amento inclui custos de transporte.<\/li>\n<\/ul>\n<\/div>\n<\/div>\n<\/div>\n<div class=\"answer-action-bar-pgm2JD answer-action-bar flex flex-col justify-end\" data-testid=\"message_action_bar\">\n<div class=\"container-rxM4SW flex flex-row items-start w-full self-center\" data-message-action-bar=\"1\"><\/div>\n<\/div>\n<\/div>\n<\/div>\n<\/div>\n<\/div>\n<\/div>\n<\/div>\n<\/div>\n<\/div>","protected":false},"featured_media":9686,"comment_status":"closed","ping_status":"closed","template":"","meta":[],"product_brand":[],"product_cat":[17,23],"product_tag":[],"class_list":{"0":"post-9685","1":"product","2":"type-product","3":"status-publish","4":"has-post-thumbnail","6":"product_cat-plant-extract","7":"product_cat-standard-extract","9":"first","10":"instock","11":"shipping-taxable","12":"product-type-simple"},"_links":{"self":[{"href":"https:\/\/www.hvbio.com\/pt\/wp-json\/wp\/v2\/product\/9685","targetHints":{"allow":["GET"]}}],"collection":[{"href":"https:\/\/www.hvbio.com\/pt\/wp-json\/wp\/v2\/product"}],"about":[{"href":"https:\/\/www.hvbio.com\/pt\/wp-json\/wp\/v2\/types\/product"}],"replies":[{"embeddable":true,"href":"https:\/\/www.hvbio.com\/pt\/wp-json\/wp\/v2\/comments?post=9685"}],"wp:featuredmedia":[{"embeddable":true,"href":"https:\/\/www.hvbio.com\/pt\/wp-json\/wp\/v2\/media\/9686"}],"wp:attachment":[{"href":"https:\/\/www.hvbio.com\/pt\/wp-json\/wp\/v2\/media?parent=9685"}],"wp:term":[{"taxonomy":"product_brand","embeddable":true,"href":"https:\/\/www.hvbio.com\/pt\/wp-json\/wp\/v2\/product_brand?post=9685"},{"taxonomy":"product_cat","embeddable":true,"href":"https:\/\/www.hvbio.com\/pt\/wp-json\/wp\/v2\/product_cat?post=9685"},{"taxonomy":"product_tag","embeddable":true,"href":"https:\/\/www.hvbio.com\/pt\/wp-json\/wp\/v2\/product_tag?post=9685"}],"curies":[{"name":"wp","href":"https:\/\/api.w.org\/{rel}","templated":true}]}}