{"id":9691,"date":"2025-08-21T11:43:24","date_gmt":"2025-08-21T03:43:24","guid":{"rendered":"https:\/\/www.hvbio.com\/?post_type=product&#038;p=9691"},"modified":"2025-08-21T11:55:26","modified_gmt":"2025-08-21T03:55:26","slug":"valeric-acid-0-8","status":"publish","type":"product","link":"https:\/\/www.hvbio.com\/pt\/produto\/valeric-acid-0-8\/","title":{"rendered":"\u00c1cido Val\u00e9rico 0,8%"},"content":{"rendered":"<div class=\"inter-jQQQ8P\">\n<div class=\"container-PrUkKo\">\n<div class=\"item-hGGxLi\">\n<div class=\"container-arOxqB chrome70-container\">\n<div class=\"inner-FyM8gE inner-item-swzCut\" data-target-id=\"message-box-target-id\" data-testid=\"union_message\">\n<div class=\"message-block-container-aFugD6\" data-testid=\"message-block-container\">\n<div class=\"flex flex-row w-full w-full max-w-full s-font-base text-s-color-text-secondary p-0 rounded-s-radius-s bg-transparent group data-[attr=select-mode]:-mt-10 data-[attr=select-mode]:py-10 data-[attr=select-mode]:px-16 data-[attr=select-mode]:sm:p-10 data-[attr=select-mode]:hover:bg-s-color-bg-base data-[attr=select-mode]:hover:rounded-s-radius-xs data-[attr=select-mode]:has-[:checked]:bg-s-color-bg-trans data-[attr=select-mode]:has-[:checked]:rounded-s-radius-xs data-[attr=select-mode]:pointer-events-none\" data-testid=\"receive_message\">\n<div class=\"flex flex-col flex-grow max-w-full min-w-0\">\n<div class=\"flex flex-row w-full\" data-testid=\"message_content\" data-message-id=\"17188356160536578\">\n<div class=\"w-full\" data-plugin-identifier=\"Symbol(infra:receive-message-box:text)\">\n<div class=\"container-ZYIsnH flow-markdown-body theme-samantha-Nbr9UN\" dir=\"ltr\" data-testid=\"message_text_content\" data-show-indicator=\"false\">\n<div class=\"auto-hide-last-sibling-br mdbox-table-root table-container-GhL7Lo\" data-scroll-inline-overflow=\"false\" data-scroll-inline-at-start=\"true\" data-scroll-inline-start-overflow=\"false\" data-scroll-inline-at-end=\"true\" data-scroll-inline-end-overflow=\"false\">\n<div class=\"table-scroll-container-hgHkfW mdbox-table-scroll-container\">\n<table>\n<thead>\n<tr>\n<th>Item<\/th>\n<th>Detalhes<\/th>\n<\/tr>\n<\/thead>\n<tbody>\n<tr>\n<td>Nome do produto<\/td>\n<td>\u00c1cido Val\u00e9rico 0,8%<\/td>\n<\/tr>\n<tr>\n<td>Nome em ingl\u00eas<\/td>\n<td>\u00c1cido Val\u00e9rico 0,8%<\/td>\n<\/tr>\n<tr>\n<td>Pseud\u00f4nimos chineses<\/td>\n<td>(W\u00f9 Su\u0101n), (B\u01d0ngj\u012b Y\u01d0 Su\u0101n)<\/td>\n<\/tr>\n<tr>\n<td>N\u00ba CAS.<\/td>\n<td>109-52-4<\/td>\n<\/tr>\n<tr>\n<td>F\u00f3rmula molecular<\/td>\n<td>C\u2085H\u2081\u2080O\u2082<\/td>\n<\/tr>\n<tr>\n<td>Fonte de mat\u00e9ria-prima<\/td>\n<td>Ra\u00edzes e rizomas secos de Valeriana officinalis L. (Valeriana, uma planta da fam\u00edlia Caprifoliaceae)<\/td>\n<\/tr>\n<tr>\n<td>Parte de Extra\u00e7\u00e3o<\/td>\n<td>Ra\u00edzes<\/td>\n<\/tr>\n<tr>\n<td>Especifica\u00e7\u00e3o do produto<\/td>\n<td>O pre\u00e7o listado \u00e9 para \u00e1cido val\u00e9rico com teor de 0,8%; para outras especifica\u00e7\u00f5es, entre em contato com o atendimento ao cliente.<\/td>\n<\/tr>\n<tr>\n<td>M\u00e9todo de detec\u00e7\u00e3o<\/td>\n<td>GC (Cromatografia Gasosa)<\/td>\n<\/tr>\n<tr>\n<td>Caracter\u00edstica do produto<\/td>\n<td>P\u00f3 acastanhado<\/td>\n<\/tr>\n<tr>\n<td>Especifica\u00e7\u00e3o de embalagem<\/td>\n<td>25 kg por caixa (interno: saco pl\u00e1stico; externo: tambor de papel\u00e3o)<\/td>\n<\/tr>\n<tr>\n<td>Condi\u00e7\u00f5es de armazenamento<\/td>\n<td>Conservar em local fresco e seco, protegido da luz e de altas temperaturas.<\/td>\n<\/tr>\n<\/tbody>\n<\/table>\n<\/div>\n<\/div>\n<\/div>\n<\/div>\n<\/div>\n<div class=\"answer-action-bar-pgm2JD answer-action-bar flex flex-col justify-end\" data-testid=\"message_action_bar\">\n<div class=\"container-rxM4SW flex flex-row items-start w-full self-center\" data-message-action-bar=\"1\">\n<div class=\"left-Y7jNAM\">\n<div class=\"bp5-overflow-list container-i9_9R9 align-start-BRJcKo inner-K6EVuU\"><\/div>\n<\/div>\n<\/div>\n<\/div>\n<\/div>\n<\/div>\n<\/div>\n<\/div>\n<\/div>\n<\/div>\n<\/div>\n<\/div>","protected":false},"excerpt":{"rendered":"<div>\u00c1cido Val\u00e9rico 0,8%<\/div>\n<div class=\"auto-hide-last-sibling-br paragraph-JOTKXA paragraph-element br-paragraph-space\">Este produto apresenta um\u00a0<strong>Concentra\u00e7\u00e3o de \u00e1cido val\u00e9rico de 0,8%<\/strong>, um \u00e1cido graxo de origem natural conhecido por suas propriedades calmantes e suavizantes. Formulado para uso direcionado, ele foi desenvolvido para liberar o ingrediente ativo suavemente, tornando-o adequado para aplica\u00e7\u00f5es que buscam efeitos suaves e de suporte (por exemplo, em certas formula\u00e7\u00f5es t\u00f3picas ou focadas no bem-estar). A concentra\u00e7\u00e3o balanceada garante efic\u00e1cia, priorizando a compatibilidade com os casos de uso pretendidos.<\/div>","protected":false},"featured_media":9692,"comment_status":"closed","ping_status":"closed","template":"","meta":[],"product_brand":[],"product_cat":[17,23],"product_tag":[35],"class_list":{"0":"post-9691","1":"product","2":"type-product","3":"status-publish","4":"has-post-thumbnail","6":"product_cat-plant-extract","7":"product_cat-standard-extract","8":"product_tag-valeric-acid-0-8","10":"first","11":"instock","12":"shipping-taxable","13":"product-type-simple"},"_links":{"self":[{"href":"https:\/\/www.hvbio.com\/pt\/wp-json\/wp\/v2\/product\/9691","targetHints":{"allow":["GET"]}}],"collection":[{"href":"https:\/\/www.hvbio.com\/pt\/wp-json\/wp\/v2\/product"}],"about":[{"href":"https:\/\/www.hvbio.com\/pt\/wp-json\/wp\/v2\/types\/product"}],"replies":[{"embeddable":true,"href":"https:\/\/www.hvbio.com\/pt\/wp-json\/wp\/v2\/comments?post=9691"}],"wp:featuredmedia":[{"embeddable":true,"href":"https:\/\/www.hvbio.com\/pt\/wp-json\/wp\/v2\/media\/9692"}],"wp:attachment":[{"href":"https:\/\/www.hvbio.com\/pt\/wp-json\/wp\/v2\/media?parent=9691"}],"wp:term":[{"taxonomy":"product_brand","embeddable":true,"href":"https:\/\/www.hvbio.com\/pt\/wp-json\/wp\/v2\/product_brand?post=9691"},{"taxonomy":"product_cat","embeddable":true,"href":"https:\/\/www.hvbio.com\/pt\/wp-json\/wp\/v2\/product_cat?post=9691"},{"taxonomy":"product_tag","embeddable":true,"href":"https:\/\/www.hvbio.com\/pt\/wp-json\/wp\/v2\/product_tag?post=9691"}],"curies":[{"name":"wp","href":"https:\/\/api.w.org\/{rel}","templated":true}]}}