{"id":9696,"date":"2025-08-21T11:51:57","date_gmt":"2025-08-21T03:51:57","guid":{"rendered":"https:\/\/www.hvbio.com\/?post_type=product&#038;p=9696"},"modified":"2025-08-21T11:51:58","modified_gmt":"2025-08-21T03:51:58","slug":"parthenolide-0-8","status":"publish","type":"product","link":"https:\/\/www.hvbio.com\/pt\/produto\/parthenolide-0-8\/","title":{"rendered":"Partenolida 0,8%"},"content":{"rendered":"<table>\n<tbody>\n<tr>\n<td><strong>Nome do produto<\/strong><\/td>\n<td>Partenolida 0,8%<\/td>\n<\/tr>\n<tr>\n<td><strong>Nome latino<\/strong><\/td>\n<td>Cris\u00e2ntemo parthenium<\/td>\n<\/tr>\n<tr>\n<td><strong>M\u00e9todo de teste<\/strong><\/td>\n<td>HPLC<\/td>\n<\/tr>\n<tr>\n<td><strong>Propriedade do produto<\/strong><\/td>\n<td>P\u00f3 marrom<\/td>\n<\/tr>\n<tr>\n<td><strong>M\u00e9todo de embalagem<\/strong><\/td>\n<td>25 kg\/tambor de papel\u00e3o ou saco de papel alum\u00ednio; a embalagem pode ser ajustada conforme necess\u00e1rio<\/td>\n<\/tr>\n<tr>\n<td><strong>Condi\u00e7\u00e3o de armazenamento<\/strong><\/td>\n<td>Deve ser selado e protegido da luz, armazenado em local seco, fresco e bem ventilado<\/td>\n<\/tr>\n<tr>\n<td><strong>Per\u00edodo de validade<\/strong><\/td>\n<td>2 anos (24 meses)<\/td>\n<\/tr>\n<tr>\n<td><strong>Expresso\/Log\u00edstica<\/strong><\/td>\n<td>Expresso ou log\u00edstica. O expresso dom\u00e9stico geralmente chega em at\u00e9 3 dias; o log\u00edstico geralmente chega em at\u00e9 5 dias. Os or\u00e7amentos geralmente incluem os custos de transporte dom\u00e9stico.<\/td>\n<\/tr>\n<tr>\n<td><strong>Provis\u00e3o de amostra<\/strong><\/td>\n<td>Geralmente, amostras de 5-20 g s\u00e3o fornecidas para a maioria dos produtos; taxas de amostra s\u00e3o cobradas para alguns produtos.<\/td>\n<\/tr>\n<tr>\n<td><strong>Prazo de entrega<\/strong><\/td>\n<td>Produtos n\u00e3o personalizados s\u00e3o enviados em at\u00e9 48 horas; o prazo de entrega para produtos personalizados \u00e9 ajustado com base nas necessidades reais.<\/td>\n<\/tr>\n<\/tbody>\n<\/table>","protected":false},"excerpt":{"rendered":"<div class=\"auto-hide-last-sibling-br paragraph-JOTKXA paragraph-element br-paragraph-space\"><strong>Partenolida 0,8% \u2013 Breve Descri\u00e7\u00e3o<\/strong><\/div>\n<div class=\"auto-hide-last-sibling-br paragraph-JOTKXA paragraph-element br-paragraph-space\">Partenolida 0,8% refere-se a uma formula\u00e7\u00e3o (por exemplo, extrato, solu\u00e7\u00e3o ou ingrediente cosm\u00e9tico) contendo 0,8% em peso\/volume de partenolida - uma lactona sesquiterp\u00eanica natural derivada principalmente de\u00a0<em>Tanacetum parthenium<\/em>\u00a0(matric\u00e1ria).<\/div>\n<div class=\"auto-hide-last-sibling-br paragraph-JOTKXA paragraph-element br-paragraph-space\">Essa concentra\u00e7\u00e3o \u00e9 comumente usada em pesquisas ou aplica\u00e7\u00f5es especializadas (por exemplo, cuidados com a pele, suplementos de ervas) para potencializar as propriedades biol\u00f3gicas da partenolida, ao mesmo tempo em que garante o controle da dosagem e minimiza a irrita\u00e7\u00e3o potencial associada a concentra\u00e7\u00f5es mais altas.<\/div>","protected":false},"featured_media":9700,"comment_status":"closed","ping_status":"closed","template":"","meta":[],"product_brand":[],"product_cat":[23,17],"product_tag":[],"class_list":{"0":"post-9696","1":"product","2":"type-product","3":"status-publish","4":"has-post-thumbnail","6":"product_cat-standard-extract","7":"product_cat-plant-extract","9":"first","10":"instock","11":"shipping-taxable","12":"product-type-simple"},"_links":{"self":[{"href":"https:\/\/www.hvbio.com\/pt\/wp-json\/wp\/v2\/product\/9696","targetHints":{"allow":["GET"]}}],"collection":[{"href":"https:\/\/www.hvbio.com\/pt\/wp-json\/wp\/v2\/product"}],"about":[{"href":"https:\/\/www.hvbio.com\/pt\/wp-json\/wp\/v2\/types\/product"}],"replies":[{"embeddable":true,"href":"https:\/\/www.hvbio.com\/pt\/wp-json\/wp\/v2\/comments?post=9696"}],"wp:featuredmedia":[{"embeddable":true,"href":"https:\/\/www.hvbio.com\/pt\/wp-json\/wp\/v2\/media\/9700"}],"wp:attachment":[{"href":"https:\/\/www.hvbio.com\/pt\/wp-json\/wp\/v2\/media?parent=9696"}],"wp:term":[{"taxonomy":"product_brand","embeddable":true,"href":"https:\/\/www.hvbio.com\/pt\/wp-json\/wp\/v2\/product_brand?post=9696"},{"taxonomy":"product_cat","embeddable":true,"href":"https:\/\/www.hvbio.com\/pt\/wp-json\/wp\/v2\/product_cat?post=9696"},{"taxonomy":"product_tag","embeddable":true,"href":"https:\/\/www.hvbio.com\/pt\/wp-json\/wp\/v2\/product_tag?post=9696"}],"curies":[{"name":"wp","href":"https:\/\/api.w.org\/{rel}","templated":true}]}}