{"id":9701,"date":"2025-08-21T11:50:47","date_gmt":"2025-08-21T03:50:47","guid":{"rendered":"https:\/\/www.hvbio.com\/?post_type=product&#038;p=9701"},"modified":"2025-08-21T11:50:47","modified_gmt":"2025-08-21T03:50:47","slug":"astragaloside-iv-1","status":"publish","type":"product","link":"https:\/\/www.hvbio.com\/pt\/produto\/astragaloside-iv-1\/","title":{"rendered":"Astragalos\u00eddeo IV 1%"},"content":{"rendered":"<table style=\"height: 320px;\" width=\"1569\">\n<thead>\n<tr>\n<th>Item<\/th>\n<th>Detalhes<\/th>\n<\/tr>\n<\/thead>\n<tbody>\n<tr>\n<td>Nome do produto<\/td>\n<td>Astragalos\u00eddeo IV 1%<\/td>\n<\/tr>\n<tr>\n<td>Outros nomes<\/td>\n<td>Astragal\u00f3sido IV; Astragal\u00f3sido IV; Astragal\u00f3sido IV; Astragal\u00f3sido IV<\/td>\n<\/tr>\n<tr>\n<td>Solvente de extra\u00e7\u00e3o e parte da planta usada<\/td>\n<td>Solventes de extra\u00e7\u00e3o: solvente de extra\u00e7\u00e3o aquoso, solvente misto \u00e1gua-\u00e1lcool. A fonte \u00e9 a raiz seca de\u00a0<em>Astragalus membranaceus<\/em>\u00a0(Peixe) Bge. ou\u00a0<em>Astragalus membranaceus<\/em>\u00a0(Peixe) Bge. var.\u00a0<em>mongholicus<\/em>\u00a0(Bge.) Hsiao (fam\u00edlia Fabaceae)<\/td>\n<\/tr>\n<tr>\n<td>Apar\u00eancia<\/td>\n<td>P\u00f3 marrom escuro<\/td>\n<\/tr>\n<tr>\n<td>M\u00e9todo de teste<\/td>\n<td>HPLC (Cromatografia L\u00edquida de Alta Efici\u00eancia)<\/td>\n<\/tr>\n<tr>\n<td>Armazenar<\/td>\n<td>Armazene em um recipiente fechado em local fresco, seco e escuro, longe de fontes de calor e umidade<\/td>\n<\/tr>\n<tr>\n<td>Prazo de validade<\/td>\n<td>Dois anos<\/td>\n<\/tr>\n<\/tbody>\n<\/table>","protected":false},"excerpt":{"rendered":"<h4 class=\"header-vfC6AV auto-hide-last-sibling-br\">Nome do produto: Astragalos\u00eddeo IV 1%<\/h4>\n<h4 class=\"auto-hide-last-sibling-br paragraph-JOTKXA paragraph-element br-paragraph-space\">Outros nomes: Astragalos\u00eddeo IV<\/h4>\n<h4 class=\"header-vfC6AV auto-hide-last-sibling-br\">Solvente de extra\u00e7\u00e3o e parte usada:<\/h4>\n<ul class=\"auto-hide-last-sibling-br\">\n<li>\n<h4>Fonte principal: Ra\u00edzes secas de\u00a0<em>Astragalus membranaceus<\/em>\u00a0(uma planta leguminosa).<\/h4>\n<\/li>\n<li>\n<h4>Solventes de extra\u00e7\u00e3o: Solvente de extra\u00e7\u00e3o aquoso, solvente misto \u00e1gua-etanol.<\/h4>\n<\/li>\n<\/ul>\n<h4 class=\"header-vfC6AV auto-hide-last-sibling-br\">Apar\u00eancia:<\/h4>\n<h4 class=\"auto-hide-last-sibling-br paragraph-JOTKXA paragraph-element br-paragraph-space\">P\u00f3 marrom escuro<\/h4>\n<h4 class=\"header-vfC6AV auto-hide-last-sibling-br\">M\u00e9todo de detec\u00e7\u00e3o:<\/h4>\n<h4 class=\"auto-hide-last-sibling-br paragraph-JOTKXA paragraph-element br-paragraph-space\">HPLC (Cromatografia L\u00edquida de Alta Efici\u00eancia)<\/h4>\n<h4 class=\"header-vfC6AV auto-hide-last-sibling-br\">Termos de compra<\/h4>\n<ul class=\"auto-hide-last-sibling-br\">\n<li>\n<h4><strong>M\u00e9todo de embalagem<\/strong>: 25 kg\/tambor de papel\u00e3o ou saco de papel alum\u00ednio.<\/h4>\n<\/li>\n<li>\n<h4><strong>Condi\u00e7\u00f5es de armazenamento<\/strong>: Deve ser selado e protegido da luz; armazenado em local seco, fresco e bem ventilado.<\/h4>\n<\/li>\n<li>\n<h4><strong>Prazo de validade<\/strong>: 2 anos.<\/h4>\n<\/li>\n<li>\n<h4><strong>Provis\u00e3o de amostra<\/strong>: Geralmente, amostras de 5-20 g s\u00e3o fornecidas para a maioria dos produtos; taxas de amostra podem ser aplicadas a alguns produtos.<\/h4>\n<\/li>\n<li>\n<h4><strong>Embalagem do produto<\/strong>: Tambor de papel\u00e3o ou saco de papel alum\u00ednio (personaliz\u00e1vel conforme as necessidades do cliente).<\/h4>\n<\/li>\n<li>\n<h4><strong>Prazo de entrega<\/strong>: Produtos n\u00e3o personalizados s\u00e3o enviados em at\u00e9 48 horas; o prazo de entrega para produtos personalizados \u00e9 ajustado com base nas necessidades reais.<\/h4>\n<\/li>\n<li>\n<h4><strong>M\u00e9todo de transporte<\/strong>:Log\u00edstica expressa nacional; o pre\u00e7o cotado inclui custos de transporte.<\/h4>\n<\/li>\n<\/ul>","protected":false},"featured_media":9702,"comment_status":"closed","ping_status":"closed","template":"","meta":[],"product_brand":[],"product_cat":[17,23],"product_tag":[],"class_list":{"0":"post-9701","1":"product","2":"type-product","3":"status-publish","4":"has-post-thumbnail","6":"product_cat-plant-extract","7":"product_cat-standard-extract","9":"first","10":"instock","11":"shipping-taxable","12":"product-type-simple"},"_links":{"self":[{"href":"https:\/\/www.hvbio.com\/pt\/wp-json\/wp\/v2\/product\/9701","targetHints":{"allow":["GET"]}}],"collection":[{"href":"https:\/\/www.hvbio.com\/pt\/wp-json\/wp\/v2\/product"}],"about":[{"href":"https:\/\/www.hvbio.com\/pt\/wp-json\/wp\/v2\/types\/product"}],"replies":[{"embeddable":true,"href":"https:\/\/www.hvbio.com\/pt\/wp-json\/wp\/v2\/comments?post=9701"}],"wp:featuredmedia":[{"embeddable":true,"href":"https:\/\/www.hvbio.com\/pt\/wp-json\/wp\/v2\/media\/9702"}],"wp:attachment":[{"href":"https:\/\/www.hvbio.com\/pt\/wp-json\/wp\/v2\/media?parent=9701"}],"wp:term":[{"taxonomy":"product_brand","embeddable":true,"href":"https:\/\/www.hvbio.com\/pt\/wp-json\/wp\/v2\/product_brand?post=9701"},{"taxonomy":"product_cat","embeddable":true,"href":"https:\/\/www.hvbio.com\/pt\/wp-json\/wp\/v2\/product_cat?post=9701"},{"taxonomy":"product_tag","embeddable":true,"href":"https:\/\/www.hvbio.com\/pt\/wp-json\/wp\/v2\/product_tag?post=9701"}],"curies":[{"name":"wp","href":"https:\/\/api.w.org\/{rel}","templated":true}]}}