{"id":9720,"date":"2025-08-21T14:07:51","date_gmt":"2025-08-21T06:07:51","guid":{"rendered":"https:\/\/www.hvbio.com\/?post_type=product&#038;p=9720"},"modified":"2025-08-21T14:09:21","modified_gmt":"2025-08-21T06:09:21","slug":"boswellic-acid-90","status":"publish","type":"product","link":"https:\/\/www.hvbio.com\/pt\/produto\/boswellic-acid-90\/","title":{"rendered":"\u00c1cido Bosw\u00e9lico 90%"},"content":{"rendered":"<table style=\"height: 332px;\" width=\"1561\">\n<thead>\n<tr>\n<th><strong>Item<\/strong><\/th>\n<th><strong>Detalhes<\/strong><\/th>\n<\/tr>\n<\/thead>\n<tbody>\n<tr>\n<td><strong>Nome do produto<\/strong><\/td>\n<td>\n<h5 class=\"header-vfC6AV auto-hide-last-sibling-br\">\u00c1cido Bosw\u00e9lico 90%<\/h5>\n<\/td>\n<\/tr>\n<tr>\n<td><strong>Outros nomes<\/strong><\/td>\n<td>Xunluxiang, Maweixiang, Rutouxiang, Taxiang, Xixiang, Tianzexiang, Molexiang (Chinese traditional names); also commonly referred to as Frankincense Resin Acid in international markets<\/td>\n<\/tr>\n<tr>\n<td><strong>Solvente de Extra\u00e7\u00e3o e Parte<\/strong><\/td>\n<td>&#8211;\u00a0<strong>Solvente de Extra\u00e7\u00e3o<\/strong>: Mainly organic solvents such as ethanol, methanol.<br class=\"container-utlnW2 wrapper-d0Cc1k undefined\" \/>&#8211;\u00a0<strong>Extracted Part<\/strong>: Resin exuded from the bark of\u00a0<em>Boswellia carterii<\/em>\u00a0Birdw. and other plants of the same genus (Burseraceae family), usually obtained from the trunk.<\/td>\n<\/tr>\n<tr>\n<td><strong>Apar\u00eancia<\/strong><\/td>\n<td>white powder<\/td>\n<\/tr>\n<tr>\n<td><strong>M\u00e9todo de detec\u00e7\u00e3o<\/strong><\/td>\n<td>Titration method<\/td>\n<\/tr>\n<tr>\n<td><strong>Armazenar<\/strong><\/td>\n<td>Store in a sealed container, keep in a cool, dry and dark place, and away from heat sources and humid environments<\/td>\n<\/tr>\n<tr>\n<td><strong>Prazo de validade<\/strong><\/td>\n<td>2 anos<\/td>\n<\/tr>\n<\/tbody>\n<\/table>","protected":false},"excerpt":{"rendered":"<div class=\"inter-jQQQ8P\">\n<div class=\"container-PrUkKo\">\n<div class=\"item-hGGxLi\">\n<div class=\"container-arOxqB chrome70-container\">\n<div class=\"inner-FyM8gE inner-item-swzCut\" data-target-id=\"message-box-target-id\" data-testid=\"union_message\">\n<div class=\"message-block-container-aFugD6\" data-testid=\"message-block-container\">\n<div class=\"flex flex-row w-full w-full max-w-full s-font-base text-s-color-text-secondary p-0 rounded-s-radius-s bg-transparent group data-[attr=select-mode]:-mt-10 data-[attr=select-mode]:py-10 data-[attr=select-mode]:px-16 data-[attr=select-mode]:sm:p-10 data-[attr=select-mode]:hover:bg-s-color-bg-base data-[attr=select-mode]:hover:rounded-s-radius-xs data-[attr=select-mode]:has-[:checked]:bg-s-color-bg-trans data-[attr=select-mode]:has-[:checked]:rounded-s-radius-xs data-[attr=select-mode]:pointer-events-none\" data-testid=\"receive_message\">\n<div class=\"flex flex-col flex-grow max-w-full min-w-0\">\n<div class=\"flex flex-row w-full\" data-testid=\"message_content\" data-message-id=\"17198572561678082\">\n<div class=\"w-full\" data-plugin-identifier=\"Symbol(infra:receive-message-box:text)\">\n<div class=\"container-ZYIsnH flow-markdown-body theme-samantha-Nbr9UN\" dir=\"ltr\" data-testid=\"message_text_content\" data-show-indicator=\"false\">\n<h4 class=\"header-vfC6AV auto-hide-last-sibling-br\">Product Information: Boswellic Acid 90%<\/h4>\n<ul class=\"auto-hide-last-sibling-br\">\n<li>\n<h4><strong>Outros nomes<\/strong>: Frankincense, Mawei Xiang (Chinese), Rutou Xiang (Chinese), Ta Xiang (Chinese), Xi Xiang (Chinese), Tianze Xiang (Chinese), Mole Xiang (Chinese)<\/h4>\n<\/li>\n<li>\n<h4><strong>Solvente de Extra\u00e7\u00e3o e Parte<\/strong>: The main extraction solvents are organic solvents such as ethanol and methanol. The extraction part is the resin exuded from the bark of\u00a0<em>Boswellia carteri<\/em>\u00a0Birdw. and other plants of the same genus in the Burseraceae family, usually obtained from the trunk.<\/h4>\n<\/li>\n<li>\n<h4><strong>Apar\u00eancia<\/strong>:white powder<\/h4>\n<\/li>\n<li>\n<h4><strong>M\u00e9todo de teste<\/strong>: Titration method<\/h4>\n<\/li>\n<\/ul>\n<h4 class=\"header-vfC6AV auto-hide-last-sibling-br\">Notas de compra<\/h4>\n<ul class=\"auto-hide-last-sibling-br\">\n<li>\n<h4><strong>M\u00e9todo de embalagem<\/strong>: 25 kg\/tambor de papel\u00e3o ou saco de papel alum\u00ednio<\/h4>\n<\/li>\n<li>\n<h4><strong>Condi\u00e7\u00f5es de armazenamento<\/strong>: Deve ser selado e protegido da luz, armazenado em local seco, fresco e bem ventilado<\/h4>\n<\/li>\n<li>\n<h4><strong>Prazo de validade<\/strong>: 2 anos<\/h4>\n<\/li>\n<li>\n<h4><strong>Amostra<\/strong>: Generally, 5-20g samples are provided for most products; a sample fee is charged for some products.<\/h4>\n<\/li>\n<li>\n<h4><strong>Embalagem do produto<\/strong>: Cardboard drum or aluminum foil bag (customizable according to customer requirements)<\/h4>\n<\/li>\n<li>\n<h4><strong>Prazo de entrega<\/strong>: Produtos n\u00e3o personalizados s\u00e3o enviados em at\u00e9 48 horas; o prazo de entrega para produtos personalizados \u00e9 ajustado com base nas necessidades reais.<\/h4>\n<\/li>\n<li>\n<h4><strong>M\u00e9todo de transporte<\/strong>: Domestic express logistics; the quotation includes transportation costs<\/h4>\n<\/li>\n<\/ul>\n<\/div>\n<\/div>\n<\/div>\n<div class=\"answer-action-bar-pgm2JD answer-action-bar flex flex-col justify-end\" data-testid=\"message_action_bar\">\n<div class=\"container-rxM4SW flex flex-row items-start w-full self-center\" data-message-action-bar=\"1\"><\/div>\n<\/div>\n<\/div>\n<\/div>\n<\/div>\n<\/div>\n<\/div>\n<\/div>\n<\/div>\n<\/div>","protected":false},"featured_media":9721,"comment_status":"closed","ping_status":"closed","template":"","meta":[],"product_brand":[],"product_cat":[17,23],"product_tag":[],"class_list":{"0":"post-9720","1":"product","2":"type-product","3":"status-publish","4":"has-post-thumbnail","6":"product_cat-plant-extract","7":"product_cat-standard-extract","9":"first","10":"instock","11":"shipping-taxable","12":"product-type-simple"},"_links":{"self":[{"href":"https:\/\/www.hvbio.com\/pt\/wp-json\/wp\/v2\/product\/9720","targetHints":{"allow":["GET"]}}],"collection":[{"href":"https:\/\/www.hvbio.com\/pt\/wp-json\/wp\/v2\/product"}],"about":[{"href":"https:\/\/www.hvbio.com\/pt\/wp-json\/wp\/v2\/types\/product"}],"replies":[{"embeddable":true,"href":"https:\/\/www.hvbio.com\/pt\/wp-json\/wp\/v2\/comments?post=9720"}],"wp:featuredmedia":[{"embeddable":true,"href":"https:\/\/www.hvbio.com\/pt\/wp-json\/wp\/v2\/media\/9721"}],"wp:attachment":[{"href":"https:\/\/www.hvbio.com\/pt\/wp-json\/wp\/v2\/media?parent=9720"}],"wp:term":[{"taxonomy":"product_brand","embeddable":true,"href":"https:\/\/www.hvbio.com\/pt\/wp-json\/wp\/v2\/product_brand?post=9720"},{"taxonomy":"product_cat","embeddable":true,"href":"https:\/\/www.hvbio.com\/pt\/wp-json\/wp\/v2\/product_cat?post=9720"},{"taxonomy":"product_tag","embeddable":true,"href":"https:\/\/www.hvbio.com\/pt\/wp-json\/wp\/v2\/product_tag?post=9720"}],"curies":[{"name":"wp","href":"https:\/\/api.w.org\/{rel}","templated":true}]}}