{"id":9731,"date":"2025-08-21T14:19:46","date_gmt":"2025-08-21T06:19:46","guid":{"rendered":"https:\/\/www.hvbio.com\/?post_type=product&#038;p=9731"},"modified":"2025-08-21T14:19:47","modified_gmt":"2025-08-21T06:19:47","slug":"rutin-95","status":"publish","type":"product","link":"https:\/\/www.hvbio.com\/pt\/produto\/rutin-95\/","title":{"rendered":"Rutina 95%"},"content":{"rendered":"<table>\n<tbody>\n<tr>\n<td><strong>Nome do produto<\/strong><\/td>\n<td>Rutina 95%<\/td>\n<\/tr>\n<tr>\n<td><strong>Fonte vegetal<\/strong><\/td>\n<td>Bot\u00f5es de flores secas de\u00a0<em>Sophora japonica L.<\/em>\u00a0(uma planta leguminosa); tamb\u00e9m amplamente presente em folhas de arruda, folhas de tabaco, jujubas, damascos, cascas de laranja, tomates, flores de trigo sarraceno e outras plantas.<\/td>\n<\/tr>\n<tr>\n<td><strong>Nomes Alternativos<\/strong><\/td>\n<td>Rutos\u00eddeo, Rutamarina, Vitamina P, Rutina Rutos\u00eddeo, Lutidina, Luotong<\/td>\n<\/tr>\n<tr>\n<td><strong>Ingrediente ativo<\/strong><\/td>\n<td>Rutina, que \u00e9 o glicos\u00eddeo rutinose da quercetina (um composto flavonol) e um tipo de flavonoide.<\/td>\n<\/tr>\n<tr>\n<td><strong>Conte\u00fado do produto<\/strong><\/td>\n<td>95%<\/td>\n<\/tr>\n<tr>\n<td><strong>Caracter\u00edstica do produto<\/strong><\/td>\n<td>P\u00f3 verde claro<\/td>\n<\/tr>\n<tr>\n<td><strong>M\u00e9todo de teste<\/strong><\/td>\n<td>UV (Espectrofotometria Ultravioleta)<\/td>\n<\/tr>\n<tr>\n<td><strong>M\u00e9todo de armazenamento<\/strong><\/td>\n<td>Feche bem e guarde em local fresco e seco; proteja da umidade e das tra\u00e7as.<\/td>\n<\/tr>\n<tr>\n<td><strong>Embalagem do produto<\/strong><\/td>\n<td>Tambor de papel\u00e3o de 25 kg; saco de papel alum\u00ednio de 1 kg; ou personalizado de acordo com as necessidades do cliente.<\/td>\n<\/tr>\n<\/tbody>\n<\/table>","protected":false},"excerpt":{"rendered":"<div class=\"ace-line\" dir=\"auto\" data-node=\"true\"><span data-leaf=\"true\"><span class=\"lb\">O produto Rutina 95% \u00e9 extra\u00eddo de leguminosas. Apresenta-se como um p\u00f3 cristalino acicular verde-claro e possui propriedades antioxidantes. O produto \u00e9 testado por UV com pureza de 95%. O prazo de validade \u00e9 de 24 meses, garantindo qualidade est\u00e1vel e confi\u00e1vel.<\/span><\/span><span data-string=\"true\" data-enter=\"true\" data-leaf=\"true\">\u200b<\/span><\/div>","protected":false},"featured_media":9735,"comment_status":"closed","ping_status":"closed","template":"","meta":[],"product_brand":[],"product_cat":[17,23],"product_tag":[],"class_list":{"0":"post-9731","1":"product","2":"type-product","3":"status-publish","4":"has-post-thumbnail","6":"product_cat-plant-extract","7":"product_cat-standard-extract","9":"first","10":"instock","11":"shipping-taxable","12":"product-type-simple"},"_links":{"self":[{"href":"https:\/\/www.hvbio.com\/pt\/wp-json\/wp\/v2\/product\/9731","targetHints":{"allow":["GET"]}}],"collection":[{"href":"https:\/\/www.hvbio.com\/pt\/wp-json\/wp\/v2\/product"}],"about":[{"href":"https:\/\/www.hvbio.com\/pt\/wp-json\/wp\/v2\/types\/product"}],"replies":[{"embeddable":true,"href":"https:\/\/www.hvbio.com\/pt\/wp-json\/wp\/v2\/comments?post=9731"}],"wp:featuredmedia":[{"embeddable":true,"href":"https:\/\/www.hvbio.com\/pt\/wp-json\/wp\/v2\/media\/9735"}],"wp:attachment":[{"href":"https:\/\/www.hvbio.com\/pt\/wp-json\/wp\/v2\/media?parent=9731"}],"wp:term":[{"taxonomy":"product_brand","embeddable":true,"href":"https:\/\/www.hvbio.com\/pt\/wp-json\/wp\/v2\/product_brand?post=9731"},{"taxonomy":"product_cat","embeddable":true,"href":"https:\/\/www.hvbio.com\/pt\/wp-json\/wp\/v2\/product_cat?post=9731"},{"taxonomy":"product_tag","embeddable":true,"href":"https:\/\/www.hvbio.com\/pt\/wp-json\/wp\/v2\/product_tag?post=9731"}],"curies":[{"name":"wp","href":"https:\/\/api.w.org\/{rel}","templated":true}]}}