{"id":9736,"date":"2025-08-21T14:19:42","date_gmt":"2025-08-21T06:19:42","guid":{"rendered":"https:\/\/www.hvbio.com\/?post_type=product&#038;p=9736"},"modified":"2025-08-21T14:19:42","modified_gmt":"2025-08-21T06:19:42","slug":"caffeic-acid-99","status":"publish","type":"product","link":"https:\/\/www.hvbio.com\/pt\/produto\/caffeic-acid-99\/","title":{"rendered":"\u00c1cido Cafeico 99%"},"content":{"rendered":"<table>\n<thead>\n<tr>\n<th><strong>Item<\/strong><\/th>\n<th><strong>Detalhes<\/strong><\/th>\n<\/tr>\n<\/thead>\n<tbody>\n<tr>\n<td><strong>Nome do produto<\/strong><\/td>\n<td>\u00c1cido Cafeico 99%<\/td>\n<\/tr>\n<tr>\n<td><strong>Outros nomes<\/strong><\/td>\n<td>\u00c1cido 3,4-di-hidroxicin\u00e2mico; \u00c1cido 3,4-di-hidroxifenilacr\u00edlico<\/td>\n<\/tr>\n<tr>\n<td><strong>Solvente de Extra\u00e7\u00e3o e Parte<\/strong><\/td>\n<td>&#8211;\u00a0<strong>Solventes de Extra\u00e7\u00e3o<\/strong>: Solventes de extra\u00e7\u00e3o comuns incluem solventes org\u00e2nicos, como metanol e etanol.<br class=\"container-utlnW2 wrapper-d0Cc1k undefined\" \/>&#8211;\u00a0<strong>Pe\u00e7as de Extra\u00e7\u00e3o<\/strong>:O \u00e1cido cafeico pode ser extra\u00eddo de diferentes partes de v\u00e1rias plantas, incluindo\u00a0<em>Artem\u00edsia capilar<\/em>\u00a0(partes a\u00e9reas), alcachofra (<em>Cynara scolymus<\/em>), bot\u00f5es de madressilva (<em>Lonicera japonica<\/em>), maracuj\u00e1, rizomas de cohosh (<em>Cimicifuga<\/em>\u00a0spp.), ra\u00edzes de valeriana (<em>Valeriana officinalis<\/em>), cascas de lim\u00e3o e toda a erva da vara-de-ouro (<em>Solidago decurrens<\/em>., fam\u00edlia Asteraceae).<\/td>\n<\/tr>\n<tr>\n<td><strong>Apar\u00eancia<\/strong><\/td>\n<td>P\u00f3 amarelo claro<\/td>\n<\/tr>\n<tr>\n<td><strong>M\u00e9todo de teste<\/strong><\/td>\n<td>HPLC (Cromatografia L\u00edquida de Alta Efici\u00eancia)<\/td>\n<\/tr>\n<tr>\n<td><strong>Armazenar<\/strong><\/td>\n<td>Conservar em recipiente fechado, em local fresco, seco e ao abrigo da luz, longe de fontes de calor e ambientes \u00famidos.<\/td>\n<\/tr>\n<tr>\n<td><strong>Prazo de validade<\/strong><\/td>\n<td>Dois anos<\/td>\n<\/tr>\n<\/tbody>\n<\/table>","protected":false},"excerpt":{"rendered":"<h5 class=\"header-vfC6AV auto-hide-last-sibling-br\">Nome do produto: \u00c1cido Cafeico 99%<\/h5>\n<h5 class=\"auto-hide-last-sibling-br paragraph-JOTKXA paragraph-element br-paragraph-space\">Outros nomes: \u00c1cido 3,4-di-hidroxicin\u00e2mico, \u00c1cido 3,4-di-hidroxicin\u00e2mico<\/h5>\n<h5 class=\"header-vfC6AV auto-hide-last-sibling-br\">Solventes de Extra\u00e7\u00e3o e Partes Usadas de Plantas<\/h5>\n<h5 class=\"auto-hide-last-sibling-br paragraph-JOTKXA paragraph-element br-paragraph-space\">Solventes de extra\u00e7\u00e3o comuns incluem solventes org\u00e2nicos, como metanol e etanol. O \u00e1cido cafeico pode ser extra\u00eddo de diferentes partes de diversas plantas, incluindo\u00a0<em>Artem\u00edsia capilar<\/em>\u00a0(Yinchen), alcachofra,\u00a0<em>Lonicera japonica<\/em>\u00a0(Madressilva), maracuj\u00e1, rizomas de\u00a0<em>Cimicifuga foetida<\/em>\u00a0(Shengma), ra\u00edzes de valeriana, cascas de lim\u00e3o e toda a erva de\u00a0<em>Solidago decurrens<\/em>\u00a0(uma planta da fam\u00edlia Asteraceae).<\/h5>\n<h5 class=\"header-vfC6AV auto-hide-last-sibling-br\">Apar\u00eancia: P\u00f3 amarelo claro<\/h5>\n<h5 class=\"header-vfC6AV auto-hide-last-sibling-br\">M\u00e9todo de detec\u00e7\u00e3o: HPLC<\/h5>\n<h5 class=\"header-vfC6AV auto-hide-last-sibling-br\">Instru\u00e7\u00f5es de compra<\/h5>\n<ul class=\"auto-hide-last-sibling-br\">\n<li>\n<h5><strong>M\u00e9todo de embalagem<\/strong>: 25 kg por tambor de papel ou saco de papel alum\u00ednio<\/h5>\n<\/li>\n<li>\n<h5><strong>Condi\u00e7\u00f5es de armazenamento<\/strong>: Deve ser selado e protegido da luz; armazenado em local seco, fresco e bem ventilado<\/h5>\n<\/li>\n<li>\n<h5><strong>Prazo de validade<\/strong>: 2 anos<\/h5>\n<\/li>\n<li>\n<h5><strong>Provis\u00e3o de amostra<\/strong>: Geralmente, amostras de 5-20 g s\u00e3o fornecidas para a maioria dos produtos; taxas de amostra podem ser aplicadas a alguns produtos.<\/h5>\n<\/li>\n<li>\n<h5><strong>Embalagem do produto<\/strong>: Embalado em tambores de papel ou sacos de papel alum\u00ednio (personaliz\u00e1vel de acordo com as necessidades do cliente)<\/h5>\n<\/li>\n<li>\n<h5><strong>Prazo de entrega<\/strong>: Produtos n\u00e3o personalizados ser\u00e3o enviados em at\u00e9 48 horas; o prazo de entrega para produtos personalizados ser\u00e1 ajustado com base nas necessidades reais.<\/h5>\n<\/li>\n<li>\n<h5><strong>M\u00e9todo de transporte<\/strong>:Log\u00edstica expressa nacional; o pre\u00e7o cotado inclui custos de transporte.<\/h5>\n<\/li>\n<\/ul>","protected":false},"featured_media":9742,"comment_status":"closed","ping_status":"closed","template":"","meta":[],"product_brand":[],"product_cat":[17,23],"product_tag":[],"class_list":{"0":"post-9736","1":"product","2":"type-product","3":"status-publish","4":"has-post-thumbnail","6":"product_cat-plant-extract","7":"product_cat-standard-extract","9":"first","10":"instock","11":"shipping-taxable","12":"product-type-simple"},"_links":{"self":[{"href":"https:\/\/www.hvbio.com\/pt\/wp-json\/wp\/v2\/product\/9736","targetHints":{"allow":["GET"]}}],"collection":[{"href":"https:\/\/www.hvbio.com\/pt\/wp-json\/wp\/v2\/product"}],"about":[{"href":"https:\/\/www.hvbio.com\/pt\/wp-json\/wp\/v2\/types\/product"}],"replies":[{"embeddable":true,"href":"https:\/\/www.hvbio.com\/pt\/wp-json\/wp\/v2\/comments?post=9736"}],"wp:featuredmedia":[{"embeddable":true,"href":"https:\/\/www.hvbio.com\/pt\/wp-json\/wp\/v2\/media\/9742"}],"wp:attachment":[{"href":"https:\/\/www.hvbio.com\/pt\/wp-json\/wp\/v2\/media?parent=9736"}],"wp:term":[{"taxonomy":"product_brand","embeddable":true,"href":"https:\/\/www.hvbio.com\/pt\/wp-json\/wp\/v2\/product_brand?post=9736"},{"taxonomy":"product_cat","embeddable":true,"href":"https:\/\/www.hvbio.com\/pt\/wp-json\/wp\/v2\/product_cat?post=9736"},{"taxonomy":"product_tag","embeddable":true,"href":"https:\/\/www.hvbio.com\/pt\/wp-json\/wp\/v2\/product_tag?post=9736"}],"curies":[{"name":"wp","href":"https:\/\/api.w.org\/{rel}","templated":true}]}}