{"id":9746,"date":"2025-08-21T14:31:10","date_gmt":"2025-08-21T06:31:10","guid":{"rendered":"https:\/\/www.hvbio.com\/?post_type=product&#038;p=9746"},"modified":"2025-08-21T14:31:11","modified_gmt":"2025-08-21T06:31:11","slug":"gastrodin-5","status":"publish","type":"product","link":"https:\/\/www.hvbio.com\/pt\/produto\/gastrodin-5\/","title":{"rendered":"Gastrodina 5%"},"content":{"rendered":"<table style=\"height: 328px;\" width=\"1459\">\n<thead>\n<tr>\n<th><strong>Item<\/strong><\/th>\n<th><strong>Detalhes<\/strong><\/th>\n<\/tr>\n<\/thead>\n<tbody>\n<tr>\n<td><strong>Nome do produto<\/strong><\/td>\n<td>Gastrodina 5%<\/td>\n<\/tr>\n<tr>\n<td><strong>Outros nomes<\/strong><\/td>\n<td>Gastrodios\u00eddeo; 4-hidroximetilfenil-\u03b2-D-glucopiranos\u00eddeo<\/td>\n<\/tr>\n<tr>\n<td><strong>Solvente de extra\u00e7\u00e3o e parte da planta usada<\/strong><\/td>\n<td>&#8211;\u00a0<strong>Parte de Extra\u00e7\u00e3o<\/strong>: Ra\u00edzes tuberosas secas de\u00a0<em>Gastrodia elata<\/em>\u00a0Bl. (uma planta da fam\u00edlia Orchidaceae)<br class=\"container-utlnW2 wrapper-d0Cc1k undefined\" \/>&#8211;\u00a0<strong>Solventes de Extra\u00e7\u00e3o<\/strong>:O etanol \u00e9 um dos solventes comumente usados para extrair gastrodina; a \u00e1gua tamb\u00e9m pode ser usada como solvente para extra\u00e7\u00e3o de gastrodina.<\/td>\n<\/tr>\n<tr>\n<td><strong>Apar\u00eancia<\/strong><\/td>\n<td>P\u00f3 amarelo-acastanhado<\/td>\n<\/tr>\n<tr>\n<td><strong>M\u00e9todo de detec\u00e7\u00e3o<\/strong><\/td>\n<td>HPLC\/UV<\/td>\n<\/tr>\n<tr>\n<td><strong>Armazenar<\/strong><\/td>\n<td>Conservar em recipiente fechado, em local fresco, seco e ao abrigo da luz, longe de fontes de calor e ambientes \u00famidos.<\/td>\n<\/tr>\n<tr>\n<td><strong>Prazo de validade<\/strong><\/td>\n<td>Dois anos<\/td>\n<\/tr>\n<\/tbody>\n<\/table>","protected":false},"excerpt":{"rendered":"<h5 class=\"header-vfC6AV auto-hide-last-sibling-br\">Nome do produto: Gastrodin 5%<\/h5>\n<ul class=\"auto-hide-last-sibling-br\">\n<li>\n<h5><strong>Outros nomes<\/strong>: Gastrodios\u00eddeo, 4-hidroximetilfenil-\u03b2-D-glucopiranos\u00eddeo<\/h5>\n<\/li>\n<li>\n<h5><strong>Solvente de Extra\u00e7\u00e3o e Parte Usada<\/strong>:A parte de extra\u00e7\u00e3o \u00e9 o tub\u00e9rculo seco de\u00a0<em>Gastrodia elata<\/em>\u00a0Bl. (uma planta da fam\u00edlia Orchidaceae). O etanol \u00e9 um dos solventes comumente usados para extrair gastrodina, e a \u00e1gua tamb\u00e9m pode ser usada como solvente para extra\u00e7\u00e3o de gastrodina.<\/h5>\n<\/li>\n<li>\n<h5><strong>Apar\u00eancia<\/strong>: P\u00f3 amarelo-acastanhado<\/h5>\n<\/li>\n<li>\n<h5><strong>M\u00e9todo de detec\u00e7\u00e3o<\/strong>: HPLC\/UV<\/h5>\n<\/li>\n<\/ul>\n<h5 class=\"header-vfC6AV auto-hide-last-sibling-br\">Termos de compra<\/h5>\n<ul class=\"auto-hide-last-sibling-br\">\n<li>\n<h5><strong>M\u00e9todo de embalagem<\/strong>: 25 kg por tambor de fibra ou saco de papel alum\u00ednio; a embalagem pode ser ajustada de acordo com as necessidades do cliente.<\/h5>\n<\/li>\n<li>\n<h5><strong>Condi\u00e7\u00f5es de armazenamento<\/strong>: Deve ser selado e protegido da luz e armazenado em local seco, fresco e bem ventilado.<\/h5>\n<\/li>\n<li>\n<h5><strong>Prazo de validade<\/strong>: 2 anos<\/h5>\n<\/li>\n<li>\n<h5><strong>Aquisi\u00e7\u00e3o de amostra<\/strong>: Geralmente, s\u00e3o fornecidas pequenas amostras de 5 a 20 g dos produtos; taxas de amostra s\u00e3o cobradas para alguns produtos.<\/h5>\n<\/li>\n<li>\n<h5><strong>Prazo de entrega<\/strong>: Produtos n\u00e3o personalizados ser\u00e3o enviados em at\u00e9 48 horas; o prazo de entrega de produtos personalizados ser\u00e1 ajustado de acordo com as necessidades reais.<\/h5>\n<\/li>\n<li>\n<h5><strong>M\u00e9todo de transporte<\/strong>:Log\u00edstica expressa nacional; o pre\u00e7o cotado inclui custos de transporte.<\/h5>\n<\/li>\n<\/ul>","protected":false},"featured_media":9748,"comment_status":"closed","ping_status":"closed","template":"","meta":[],"product_brand":[],"product_cat":[17,23],"product_tag":[],"class_list":{"0":"post-9746","1":"product","2":"type-product","3":"status-publish","4":"has-post-thumbnail","6":"product_cat-plant-extract","7":"product_cat-standard-extract","9":"first","10":"instock","11":"shipping-taxable","12":"product-type-simple"},"_links":{"self":[{"href":"https:\/\/www.hvbio.com\/pt\/wp-json\/wp\/v2\/product\/9746","targetHints":{"allow":["GET"]}}],"collection":[{"href":"https:\/\/www.hvbio.com\/pt\/wp-json\/wp\/v2\/product"}],"about":[{"href":"https:\/\/www.hvbio.com\/pt\/wp-json\/wp\/v2\/types\/product"}],"replies":[{"embeddable":true,"href":"https:\/\/www.hvbio.com\/pt\/wp-json\/wp\/v2\/comments?post=9746"}],"wp:featuredmedia":[{"embeddable":true,"href":"https:\/\/www.hvbio.com\/pt\/wp-json\/wp\/v2\/media\/9748"}],"wp:attachment":[{"href":"https:\/\/www.hvbio.com\/pt\/wp-json\/wp\/v2\/media?parent=9746"}],"wp:term":[{"taxonomy":"product_brand","embeddable":true,"href":"https:\/\/www.hvbio.com\/pt\/wp-json\/wp\/v2\/product_brand?post=9746"},{"taxonomy":"product_cat","embeddable":true,"href":"https:\/\/www.hvbio.com\/pt\/wp-json\/wp\/v2\/product_cat?post=9746"},{"taxonomy":"product_tag","embeddable":true,"href":"https:\/\/www.hvbio.com\/pt\/wp-json\/wp\/v2\/product_tag?post=9746"}],"curies":[{"name":"wp","href":"https:\/\/api.w.org\/{rel}","templated":true}]}}