{"id":9762,"date":"2025-08-21T14:40:57","date_gmt":"2025-08-21T06:40:57","guid":{"rendered":"https:\/\/www.hvbio.com\/?post_type=product&#038;p=9762"},"modified":"2025-08-21T14:40:57","modified_gmt":"2025-08-21T06:40:57","slug":"ginsenosides-80","status":"publish","type":"product","link":"https:\/\/www.hvbio.com\/pt\/produto\/ginsenosides-80\/","title":{"rendered":"Ginsenos\u00eddeos 80%"},"content":{"rendered":"<table style=\"height: 340px;\" width=\"1119\">\n<thead>\n<tr>\n<th><strong>Item<\/strong><\/th>\n<th><strong>Detalhes<\/strong><\/th>\n<\/tr>\n<\/thead>\n<tbody>\n<tr>\n<td>Nome do produto<\/td>\n<td>Ginsenos\u00eddeos 80%<\/td>\n<\/tr>\n<tr>\n<td>Outros nomes<\/td>\n<td>Ginsenos\u00eddeos totais 80%, Extrato de Ginseng 80%, Ginsenos\u00eddeos totais 80% (caractere chin\u00eas alternativo para \u201c\u82f7\u201d)<\/td>\n<\/tr>\n<tr>\n<td>Solvente de Extra\u00e7\u00e3o e Parte Usada<\/td>\n<td>&#8211;\u00a0<strong>Pe\u00e7a usada<\/strong>: Ra\u00edzes, caules, folhas e frutos do ginseng (uma planta da fam\u00edlia Araliaceae)<br class=\"container-utlnW2 wrapper-d0Cc1k undefined\" \/>&#8211;\u00a0<strong>Solvente de Extra\u00e7\u00e3o<\/strong>: Geralmente inclui \u00e1gua e etanol<\/td>\n<\/tr>\n<tr>\n<td>Apar\u00eancia<\/td>\n<td>P\u00f3 amarelo claro<\/td>\n<\/tr>\n<tr>\n<td>M\u00e9todo de detec\u00e7\u00e3o<\/td>\n<td>UV (Espectrofotometria Ultravioleta)<\/td>\n<\/tr>\n<tr>\n<td>Condi\u00e7\u00f5es de armazenamento<\/td>\n<td>Conservar em recipiente fechado, em local fresco, seco e ao abrigo da luz; manter afastado de fontes de calor e ambientes h\u00famidos<\/td>\n<\/tr>\n<tr>\n<td>Prazo de validade<\/td>\n<td>2 anos<\/td>\n<\/tr>\n<\/tbody>\n<\/table>","protected":false},"excerpt":{"rendered":"<h4 class=\"header-vfC6AV auto-hide-last-sibling-br\">Nome do produto<\/h4>\n<ul class=\"auto-hide-last-sibling-br\">\n<li>\n<h4>Ginsenoside 80%<\/h4>\n<\/li>\n<\/ul>\n<h4 class=\"header-vfC6AV auto-hide-last-sibling-br\">Outros nomes<\/h4>\n<ul class=\"auto-hide-last-sibling-br\">\n<li>\n<h4>Ginsenos\u00eddeos totais 80%<\/h4>\n<\/li>\n<li>\n<h4>Extrato de Ginseng 80%<\/h4>\n<\/li>\n<li>\n<h4>Ginsenos\u00eddeos totais 80%<\/h4>\n<\/li>\n<\/ul>\n<h4 class=\"header-vfC6AV auto-hide-last-sibling-br\">Solvente de extra\u00e7\u00e3o e pe\u00e7as utilizadas<\/h4>\n<ul class=\"auto-hide-last-sibling-br\">\n<li>\n<h4>Extra\u00eddo das ra\u00edzes, caules, folhas e frutos do ginseng. Os solventes de extra\u00e7\u00e3o geralmente incluem \u00e1gua e etanol.<\/h4>\n<\/li>\n<\/ul>\n<h4 class=\"header-vfC6AV auto-hide-last-sibling-br\">Apar\u00eancia<\/h4>\n<ul class=\"auto-hide-last-sibling-br\">\n<li>\n<h4>P\u00f3 amarelo claro<\/h4>\n<\/li>\n<\/ul>\n<h4 class=\"header-vfC6AV auto-hide-last-sibling-br\">M\u00e9todo de detec\u00e7\u00e3o<\/h4>\n<ul class=\"auto-hide-last-sibling-br\">\n<li>\n<h4>UV<\/h4>\n<\/li>\n<\/ul>\n<h4 class=\"header-vfC6AV auto-hide-last-sibling-br\">Aviso de compra<\/h4>\n<ul class=\"auto-hide-last-sibling-br\">\n<li>\n<h4><strong>M\u00e9todo de embalagem<\/strong>: 25 kg\/tambor ou saco de papel alum\u00ednio<\/h4>\n<\/li>\n<li>\n<h4><strong>Condi\u00e7\u00f5es de armazenamento<\/strong>: Deve ser selado e protegido da luz, armazenado em local seco, fresco e bem ventilado.<\/h4>\n<\/li>\n<li>\n<h4><strong>Per\u00edodo de validade<\/strong>:Dois anos<\/h4>\n<\/li>\n<li>\n<h4><strong>Amostra<\/strong>: Geralmente, 5 a 20 g de amostra s\u00e3o fornecidas gratuitamente, e uma taxa de amostra pode ser cobrada para alguns produtos.<\/h4>\n<\/li>\n<li>\n<h4><strong>Embalagem do produto<\/strong>: Embalagem em tambor ou saco de papel alum\u00ednio (pode ser personalizada de acordo com as necessidades do cliente)<\/h4>\n<\/li>\n<li>\n<h4><strong>Prazo de entrega<\/strong>: Produtos n\u00e3o personalizados ser\u00e3o entregues em at\u00e9 48 horas, e o prazo de entrega de produtos personalizados ser\u00e1 ajustado de acordo com as necessidades reais.<\/h4>\n<\/li>\n<li>\n<h4><strong>M\u00e9todo de embalagem<\/strong>: 25 kg\/tambor, saco de papel alum\u00ednio. A embalagem pode ser ajustada de acordo com a situa\u00e7\u00e3o real.<\/h4>\n<\/li>\n<li>\n<h4><strong>M\u00e9todo de transporte<\/strong>:Log\u00edstica expressa nacional, o or\u00e7amento inclui o custo do transporte.<\/h4>\n<\/li>\n<li>\n<h4><strong>Condi\u00e7\u00f5es de armazenamento<\/strong>: Selado e protegido da luz, local seco, fresco e bem ventilado.<\/h4>\n<\/li>\n<\/ul>","protected":false},"featured_media":9764,"comment_status":"closed","ping_status":"closed","template":"","meta":[],"product_brand":[],"product_cat":[17,23],"product_tag":[],"class_list":{"0":"post-9762","1":"product","2":"type-product","3":"status-publish","4":"has-post-thumbnail","6":"product_cat-plant-extract","7":"product_cat-standard-extract","9":"first","10":"instock","11":"shipping-taxable","12":"product-type-simple"},"_links":{"self":[{"href":"https:\/\/www.hvbio.com\/pt\/wp-json\/wp\/v2\/product\/9762","targetHints":{"allow":["GET"]}}],"collection":[{"href":"https:\/\/www.hvbio.com\/pt\/wp-json\/wp\/v2\/product"}],"about":[{"href":"https:\/\/www.hvbio.com\/pt\/wp-json\/wp\/v2\/types\/product"}],"replies":[{"embeddable":true,"href":"https:\/\/www.hvbio.com\/pt\/wp-json\/wp\/v2\/comments?post=9762"}],"wp:featuredmedia":[{"embeddable":true,"href":"https:\/\/www.hvbio.com\/pt\/wp-json\/wp\/v2\/media\/9764"}],"wp:attachment":[{"href":"https:\/\/www.hvbio.com\/pt\/wp-json\/wp\/v2\/media?parent=9762"}],"wp:term":[{"taxonomy":"product_brand","embeddable":true,"href":"https:\/\/www.hvbio.com\/pt\/wp-json\/wp\/v2\/product_brand?post=9762"},{"taxonomy":"product_cat","embeddable":true,"href":"https:\/\/www.hvbio.com\/pt\/wp-json\/wp\/v2\/product_cat?post=9762"},{"taxonomy":"product_tag","embeddable":true,"href":"https:\/\/www.hvbio.com\/pt\/wp-json\/wp\/v2\/product_tag?post=9762"}],"curies":[{"name":"wp","href":"https:\/\/api.w.org\/{rel}","templated":true}]}}