{"id":9771,"date":"2025-08-21T14:57:18","date_gmt":"2025-08-21T06:57:18","guid":{"rendered":"https:\/\/www.hvbio.com\/?post_type=product&#038;p=9771"},"modified":"2025-08-21T14:57:19","modified_gmt":"2025-08-21T06:57:19","slug":"shikimic-acid-98","status":"publish","type":"product","link":"https:\/\/www.hvbio.com\/pt\/produto\/shikimic-acid-98\/","title":{"rendered":"\u00c1cido chiqu\u00edmico 98%"},"content":{"rendered":"<table>\n<tbody>\n<tr>\n<td><strong>Nome do produto<\/strong><\/td>\n<td>\u00c1cido chiqu\u00edmico 98%<\/td>\n<\/tr>\n<tr>\n<td><strong>Fonte vegetal<\/strong><\/td>\n<td>O \u00e1cido chiqu\u00edmico est\u00e1 presente nos frutos maduros secos de\u00a0<em>Illicium verum<\/em>\u00a0Hook.f. (uma planta da fam\u00edlia Magnoliaceae), comumente conhecida como anis estrelado.<\/td>\n<\/tr>\n<tr>\n<td><strong>Propriedades f\u00edsicas e qu\u00edmicas<\/strong><\/td>\n<td>\u2013 Aspecto: Cristais aciculares incolores ou brancos<br class=\"container-utlnW2 wrapper-d0Cc1k undefined\" \/>\u2013 Solubilidade: 18% sol\u00favel em \u00e1gua a 20\u2103, ligeiramente sol\u00favel em etanol e \u00e9ter, quase insol\u00favel em clorof\u00f3rmio e benzeno<br class=\"container-utlnW2 wrapper-d0Cc1k undefined\" \/>\u2013 Ponto de fus\u00e3o: 185-187\u2103<\/td>\n<\/tr>\n<tr>\n<td><strong>Padr\u00e3o de qualidade<\/strong><\/td>\n<td>Padr\u00e3o Empresarial<\/td>\n<\/tr>\n<tr>\n<td><strong>Especifica\u00e7\u00e3o do produto<\/strong><\/td>\n<td>98%<\/td>\n<\/tr>\n<tr>\n<td><strong>Principais usos<\/strong><\/td>\n<td>1. Afeta o metabolismo do \u00e1cido araquid\u00f4nico para inibir a agrega\u00e7\u00e3o plaquet\u00e1ria, trombose arterial\/venosa e forma\u00e7\u00e3o de trombose cerebral<br class=\"container-utlnW2 wrapper-d0Cc1k undefined\" \/>2. Tem efeitos anti-inflamat\u00f3rios e analg\u00e9sicos<br class=\"container-utlnW2 wrapper-d0Cc1k undefined\" \/>3. Serve como intermedi\u00e1rio para medicamentos antivirais e anticancer\u00edgenos<br class=\"container-utlnW2 wrapper-d0Cc1k undefined\" \/>4. Usado principalmente como intermedi\u00e1rio farmac\u00eautico (apresenta certa irrita\u00e7\u00e3o, n\u00e3o \u00e9 adequado para uso direto)<\/td>\n<\/tr>\n<tr>\n<td><strong>Embalagem e Armazenamento<\/strong><\/td>\n<td>\u2013 Embalagem: 25kg\/tambor<br class=\"container-utlnW2 wrapper-d0Cc1k undefined\" \/>\u2013 Armazenamento: Armazene em local fechado e seco<\/td>\n<\/tr>\n<\/tbody>\n<\/table>","protected":false},"excerpt":{"rendered":"<div class=\"inter-jQQQ8P\">\n<div class=\"container-PrUkKo\">\n<div class=\"item-hGGxLi\">\n<div class=\"container-arOxqB chrome70-container\">\n<div class=\"inner-FyM8gE inner-item-swzCut\" data-target-id=\"message-box-target-id\" data-testid=\"union_message\">\n<div class=\"message-block-container-aFugD6\" data-testid=\"message-block-container\">\n<div class=\"flex flex-row w-full w-full max-w-full s-font-base text-s-color-text-secondary p-0 rounded-s-radius-s bg-transparent group data-[attr=select-mode]:-mt-10 data-[attr=select-mode]:py-10 data-[attr=select-mode]:px-16 data-[attr=select-mode]:sm:p-10 data-[attr=select-mode]:hover:bg-s-color-bg-base data-[attr=select-mode]:hover:rounded-s-radius-xs data-[attr=select-mode]:has-[:checked]:bg-s-color-bg-trans data-[attr=select-mode]:has-[:checked]:rounded-s-radius-xs data-[attr=select-mode]:pointer-events-none\" data-testid=\"receive_message\">\n<div class=\"flex flex-col flex-grow max-w-full min-w-0\">\n<div class=\"flex flex-row w-full\" data-testid=\"message_content\" data-message-id=\"17201421380261890\">\n<div class=\"w-full\" data-plugin-identifier=\"Symbol(receive-write-text-content)\">\n<div class=\"container-ZYIsnH flow-markdown-body theme-samantha-Nbr9UN\" dir=\"ltr\" data-testid=\"message_text_content\" data-show-indicator=\"false\">\n<div class=\"auto-hide-last-sibling-br paragraph-JOTKXA paragraph-element br-paragraph-space\">Nosso produto, \u00c1cido Chiqu\u00edmico 98%, apresenta alta pureza de 98% e se apresenta como um p\u00f3 branco a esbranqui\u00e7ado. \u00c9 extra\u00eddo principalmente dos frutos maduros secos de Illicium verum Hook.f., da fam\u00edlia Magnoliaceae. O \u00e1cido chiqu\u00edmico atua como um intermedi\u00e1rio crucial na bioss\u00edntese de amino\u00e1cidos arom\u00e1ticos em plantas e microrganismos. Devido \u00e0 sua estrutura \u00fanica e papel na via do chiquimato, tem atra\u00eddo aten\u00e7\u00e3o significativa no campo da pesquisa bioqu\u00edmica, especialmente no desenvolvimento de antibi\u00f3ticos e herbicidas. Possui efeitos anti-inflamat\u00f3rios e analg\u00e9sicos e tamb\u00e9m pode ser usado como intermedi\u00e1rio para medicamentos antivirais e anticancer\u00edgenos, sendo de grande valor na pesquisa farmac\u00eautica e em outras \u00e1reas.<\/div>\n<\/div>\n<\/div>\n<\/div>\n<div class=\"answer-action-bar-pgm2JD answer-action-bar flex flex-col justify-end\" data-testid=\"message_action_bar\">\n<div class=\"container-rxM4SW flex flex-row items-start w-full self-center\" data-message-action-bar=\"1\">\n<div class=\"left-Y7jNAM\">\n<div class=\"bp5-overflow-list container-i9_9R9 align-start-BRJcKo inner-K6EVuU\"><button class=\"semi-button semi-button-primary semi-button-light container-ESWhjk size-small-jTps3E background-white-v4rjV_ color-grey-deep-pHDbUa semi-button-with-icon semi-button-with-icon-only\" tabindex=\"0\" type=\"button\" data-testid=\"message_action_copy\" aria-disabled=\"false\" aria-describedby=\"0ggv32g\" data-popupid=\"0ggv32g\">\u00a0<\/button><\/div>\n<\/div>\n<\/div>\n<\/div>\n<\/div>\n<\/div>\n<\/div>\n<\/div>\n<\/div>\n<\/div>\n<\/div>\n<\/div>","protected":false},"featured_media":9775,"comment_status":"closed","ping_status":"closed","template":"","meta":[],"product_brand":[],"product_cat":[17,23],"product_tag":[],"class_list":{"0":"post-9771","1":"product","2":"type-product","3":"status-publish","4":"has-post-thumbnail","6":"product_cat-plant-extract","7":"product_cat-standard-extract","9":"first","10":"instock","11":"shipping-taxable","12":"product-type-simple"},"_links":{"self":[{"href":"https:\/\/www.hvbio.com\/pt\/wp-json\/wp\/v2\/product\/9771","targetHints":{"allow":["GET"]}}],"collection":[{"href":"https:\/\/www.hvbio.com\/pt\/wp-json\/wp\/v2\/product"}],"about":[{"href":"https:\/\/www.hvbio.com\/pt\/wp-json\/wp\/v2\/types\/product"}],"replies":[{"embeddable":true,"href":"https:\/\/www.hvbio.com\/pt\/wp-json\/wp\/v2\/comments?post=9771"}],"wp:featuredmedia":[{"embeddable":true,"href":"https:\/\/www.hvbio.com\/pt\/wp-json\/wp\/v2\/media\/9775"}],"wp:attachment":[{"href":"https:\/\/www.hvbio.com\/pt\/wp-json\/wp\/v2\/media?parent=9771"}],"wp:term":[{"taxonomy":"product_brand","embeddable":true,"href":"https:\/\/www.hvbio.com\/pt\/wp-json\/wp\/v2\/product_brand?post=9771"},{"taxonomy":"product_cat","embeddable":true,"href":"https:\/\/www.hvbio.com\/pt\/wp-json\/wp\/v2\/product_cat?post=9771"},{"taxonomy":"product_tag","embeddable":true,"href":"https:\/\/www.hvbio.com\/pt\/wp-json\/wp\/v2\/product_tag?post=9771"}],"curies":[{"name":"wp","href":"https:\/\/api.w.org\/{rel}","templated":true}]}}