{"id":9793,"date":"2025-08-22T11:32:10","date_gmt":"2025-08-22T03:32:10","guid":{"rendered":"https:\/\/www.hvbio.com\/?post_type=product&#038;p=9793"},"modified":"2025-08-22T11:32:10","modified_gmt":"2025-08-22T03:32:10","slug":"hawthorn-leaf-flavonoids-80","status":"publish","type":"product","link":"https:\/\/www.hvbio.com\/pt\/produto\/hawthorn-leaf-flavonoids-80\/","title":{"rendered":"Flavonoides de folhas de espinheiro 80%"},"content":{"rendered":"<table style=\"height: 390px;\" width=\"1218\">\n<thead>\n<tr>\n<th><strong>Item<\/strong><\/th>\n<th><strong>Descri\u00e7\u00e3o<\/strong><\/th>\n<\/tr>\n<\/thead>\n<tbody>\n<tr>\n<td>Nome do produto<\/td>\n<td>Flavonoides de folhas de espinheiro 80%<\/td>\n<\/tr>\n<tr>\n<td>Ingredientes principais<\/td>\n<td>Flavonoides, Vitexina Rhamnos\u00eddeo<\/td>\n<\/tr>\n<tr>\n<td>Fonte de Extra\u00e7\u00e3o<\/td>\n<td>Extrato de folhas secas de\u00a0<em>Crataegus pinnatifida<\/em>\u00a0Bge. var.\u00a0<em>principal<\/em>\u00a0NEBr. ou\u00a0<em>Crataegus pinnatifida<\/em>\u00a0Bge. (fam\u00edlia Rosaceae)<\/td>\n<\/tr>\n<tr>\n<td>Apar\u00eancia<\/td>\n<td>P\u00f3 marrom<\/td>\n<\/tr>\n<tr>\n<td>M\u00e9todo de detec\u00e7\u00e3o<\/td>\n<td>HPLC\/UV<\/td>\n<\/tr>\n<tr>\n<td>Formul\u00e1rio de aplica\u00e7\u00e3o de dosagem<\/td>\n<td>Extrato vegetal<\/td>\n<\/tr>\n<tr>\n<td>Tempo de fornecimento<\/td>\n<td>Durante todo o ano<\/td>\n<\/tr>\n<tr>\n<td>Condi\u00e7\u00e3o de armazenamento<\/td>\n<td>Conservar em recipiente fechado, em local fresco, seco e escuro, longe de fontes de calor e ambientes \u00famidos.<\/td>\n<\/tr>\n<tr>\n<td>Prazo de validade<\/td>\n<td>Dois anos<\/td>\n<\/tr>\n<\/tbody>\n<\/table>","protected":false},"excerpt":{"rendered":"<h3 class=\"header-vfC6AV auto-hide-last-sibling-br\">Nome do produto: Flavonoides de folhas de espinheiro 80%<\/h3>\n<ul class=\"auto-hide-last-sibling-br\">\n<li><strong>Ingredientes principais<\/strong>: Flavonoides, Vitexina Rhamnos\u00eddeo<\/li>\n<li><strong>Fonte de Extra\u00e7\u00e3o<\/strong>: Extrato de folha de espinheiro, derivado das folhas secas de\u00a0<em>Crataegus pinnatifida<\/em>\u00a0Bge. var.\u00a0<em>principal<\/em>\u00a0NEBr. ou\u00a0<em>Crataegus pinnatifida<\/em>\u00a0Bge. (fam\u00edlia Rosaceae)<\/li>\n<li><strong>Apar\u00eancia<\/strong>: P\u00f3 marrom<\/li>\n<li><strong>M\u00e9todo de teste<\/strong>: HPLC\/UV<\/li>\n<li><strong>Formul\u00e1rio de aplica\u00e7\u00e3o de dosagem<\/strong>: Extrato vegetal<\/li>\n<li><strong>Tempo de fornecimento<\/strong>: Dispon\u00edvel o ano todo<\/li>\n<\/ul>\n<h3 class=\"header-vfC6AV auto-hide-last-sibling-br\">Termos de compra<\/h3>\n<ul class=\"auto-hide-last-sibling-br\">\n<li><strong>M\u00e9todo de embalagem<\/strong>: 25 kg\/tambor de papel\u00e3o ou saco de papel alum\u00ednio<\/li>\n<li><strong>Condi\u00e7\u00f5es de armazenamento<\/strong>: Deve ser selado e protegido da luz; armazenado em local seco, fresco e bem ventilado<\/li>\n<li><strong>Prazo de validade<\/strong>: 2 anos<\/li>\n<li><strong>Provis\u00e3o de amostra<\/strong>: Geralmente, 5-20 g de pequenas amostras s\u00e3o fornecidas para a maioria dos produtos; taxas de amostra podem ser aplicadas a alguns produtos.<\/li>\n<li><strong>Embalagem do produto<\/strong>: Tambor de papel\u00e3o ou saco de papel alum\u00ednio (embalagem personaliz\u00e1vel dispon\u00edvel mediante solicita\u00e7\u00e3o do cliente)<\/li>\n<li><strong>Prazo de entrega<\/strong>: Produtos n\u00e3o personalizados ser\u00e3o enviados em at\u00e9 48 horas; o prazo de entrega para produtos personalizados ser\u00e1 ajustado com base nos requisitos reais.<\/li>\n<li><strong>M\u00e9todo de transporte<\/strong>:Log\u00edstica expressa nacional; o pre\u00e7o cotado inclui custos de transporte.<\/li>\n<\/ul>","protected":false},"featured_media":9794,"comment_status":"closed","ping_status":"closed","template":"","meta":[],"product_brand":[],"product_cat":[17,23],"product_tag":[],"class_list":{"0":"post-9793","1":"product","2":"type-product","3":"status-publish","4":"has-post-thumbnail","6":"product_cat-plant-extract","7":"product_cat-standard-extract","9":"first","10":"instock","11":"shipping-taxable","12":"product-type-simple"},"_links":{"self":[{"href":"https:\/\/www.hvbio.com\/pt\/wp-json\/wp\/v2\/product\/9793","targetHints":{"allow":["GET"]}}],"collection":[{"href":"https:\/\/www.hvbio.com\/pt\/wp-json\/wp\/v2\/product"}],"about":[{"href":"https:\/\/www.hvbio.com\/pt\/wp-json\/wp\/v2\/types\/product"}],"replies":[{"embeddable":true,"href":"https:\/\/www.hvbio.com\/pt\/wp-json\/wp\/v2\/comments?post=9793"}],"wp:featuredmedia":[{"embeddable":true,"href":"https:\/\/www.hvbio.com\/pt\/wp-json\/wp\/v2\/media\/9794"}],"wp:attachment":[{"href":"https:\/\/www.hvbio.com\/pt\/wp-json\/wp\/v2\/media?parent=9793"}],"wp:term":[{"taxonomy":"product_brand","embeddable":true,"href":"https:\/\/www.hvbio.com\/pt\/wp-json\/wp\/v2\/product_brand?post=9793"},{"taxonomy":"product_cat","embeddable":true,"href":"https:\/\/www.hvbio.com\/pt\/wp-json\/wp\/v2\/product_cat?post=9793"},{"taxonomy":"product_tag","embeddable":true,"href":"https:\/\/www.hvbio.com\/pt\/wp-json\/wp\/v2\/product_tag?post=9793"}],"curies":[{"name":"wp","href":"https:\/\/api.w.org\/{rel}","templated":true}]}}