{"id":9798,"date":"2025-08-22T11:46:05","date_gmt":"2025-08-22T03:46:05","guid":{"rendered":"https:\/\/www.hvbio.com\/?post_type=product&#038;p=9798"},"modified":"2025-08-22T11:46:05","modified_gmt":"2025-08-22T03:46:05","slug":"hypericin-0-3","status":"publish","type":"product","link":"https:\/\/www.hvbio.com\/pt\/produto\/hypericin-0-3\/","title":{"rendered":"Hipericina 0,3%"},"content":{"rendered":"<table style=\"height: 353px;\" width=\"1062\">\n<thead>\n<tr>\n<th>Item<\/th>\n<th>Detalhes<\/th>\n<\/tr>\n<\/thead>\n<tbody>\n<tr>\n<td>Nome do produto<\/td>\n<td>Hipericina 0,3%<\/td>\n<\/tr>\n<tr>\n<td>Ingrediente principal<\/td>\n<td>Hipericina<\/td>\n<\/tr>\n<tr>\n<td>Fonte de Extra\u00e7\u00e3o<\/td>\n<td>Hypericum perforatum (erva de S\u00e3o Jo\u00e3o)<\/td>\n<\/tr>\n<tr>\n<td>Apar\u00eancia<\/td>\n<td>P\u00f3 marrom escuro<\/td>\n<\/tr>\n<tr>\n<td>M\u00e9todo de detec\u00e7\u00e3o<\/td>\n<td>HPLC<\/td>\n<\/tr>\n<tr>\n<td>Formul\u00e1rio de aplica\u00e7\u00e3o de dosagem<\/td>\n<td>Extenso<\/td>\n<\/tr>\n<tr>\n<td>Tempo de fornecimento<\/td>\n<td>Durante todo o ano<\/td>\n<\/tr>\n<tr>\n<td>Armazenar<\/td>\n<td>Conservar em recipiente fechado, em local fresco, seco e escuro, longe de fontes de calor e ambientes \u00famidos.<\/td>\n<\/tr>\n<tr>\n<td>Prazo de validade<\/td>\n<td>Dois anos<\/td>\n<\/tr>\n<\/tbody>\n<\/table>","protected":false},"excerpt":{"rendered":"<h4 class=\"header-vfC6AV auto-hide-last-sibling-br\">Nome do produto: Hipericina 0,3%<\/h4>\n<ul class=\"auto-hide-last-sibling-br\">\n<li><strong>Ingrediente principal<\/strong>:Hipericina<\/li>\n<li><strong>Fonte de Extra\u00e7\u00e3o<\/strong>:Erva de S\u00e3o Jo\u00e3o (Hypericum perforatum L.)<\/li>\n<li><strong>Apar\u00eancia<\/strong>: P\u00f3 marrom escuro<\/li>\n<li><strong>M\u00e9todo de detec\u00e7\u00e3o<\/strong>: HPLC (Cromatografia L\u00edquida de Alta Efici\u00eancia)<\/li>\n<li><strong>Formas de dosagem de aplica\u00e7\u00e3o<\/strong>: Ampla gama de aplica\u00e7\u00f5es<\/li>\n<li><strong>Tempo de fornecimento<\/strong>: Dispon\u00edvel durante todo o ano<\/li>\n<\/ul>\n<h4 class=\"header-vfC6AV auto-hide-last-sibling-br\">Notas de compra<\/h4>\n<ul class=\"auto-hide-last-sibling-br\">\n<li><strong>M\u00e9todo de embalagem<\/strong>: 25 kg por tambor de fibra ou saco de papel alum\u00ednio<\/li>\n<li><strong>Condi\u00e7\u00f5es de armazenamento<\/strong>: Deve ser selado e protegido da luz; armazenado em local seco, fresco e bem ventilado<\/li>\n<li><strong>Prazo de validade<\/strong>: 2 anos<\/li>\n<li><strong>Provis\u00e3o de amostra<\/strong>: Geralmente, 5-20 g de amostra s\u00e3o fornecidas para a maioria dos produtos; uma taxa de amostra \u00e9 cobrada para alguns produtos.<\/li>\n<li><strong>Embalagem do produto<\/strong>: Embalado em tambores de fibra ou sacos de papel alum\u00ednio (personaliz\u00e1vel de acordo com as necessidades do cliente)<\/li>\n<li><strong>Prazo de entrega<\/strong>: Produtos n\u00e3o personalizados s\u00e3o enviados em at\u00e9 48 horas; o prazo de entrega para produtos personalizados \u00e9 ajustado com base nas necessidades reais.<\/li>\n<li><strong>M\u00e9todo de transporte<\/strong>:Log\u00edstica expressa nacional; o pre\u00e7o cotado inclui custos de transporte.<\/li>\n<\/ul>","protected":false},"featured_media":9799,"comment_status":"closed","ping_status":"closed","template":"","meta":[],"product_brand":[],"product_cat":[17,23],"product_tag":[],"class_list":{"0":"post-9798","1":"product","2":"type-product","3":"status-publish","4":"has-post-thumbnail","6":"product_cat-plant-extract","7":"product_cat-standard-extract","9":"first","10":"instock","11":"shipping-taxable","12":"product-type-simple"},"_links":{"self":[{"href":"https:\/\/www.hvbio.com\/pt\/wp-json\/wp\/v2\/product\/9798","targetHints":{"allow":["GET"]}}],"collection":[{"href":"https:\/\/www.hvbio.com\/pt\/wp-json\/wp\/v2\/product"}],"about":[{"href":"https:\/\/www.hvbio.com\/pt\/wp-json\/wp\/v2\/types\/product"}],"replies":[{"embeddable":true,"href":"https:\/\/www.hvbio.com\/pt\/wp-json\/wp\/v2\/comments?post=9798"}],"wp:featuredmedia":[{"embeddable":true,"href":"https:\/\/www.hvbio.com\/pt\/wp-json\/wp\/v2\/media\/9799"}],"wp:attachment":[{"href":"https:\/\/www.hvbio.com\/pt\/wp-json\/wp\/v2\/media?parent=9798"}],"wp:term":[{"taxonomy":"product_brand","embeddable":true,"href":"https:\/\/www.hvbio.com\/pt\/wp-json\/wp\/v2\/product_brand?post=9798"},{"taxonomy":"product_cat","embeddable":true,"href":"https:\/\/www.hvbio.com\/pt\/wp-json\/wp\/v2\/product_cat?post=9798"},{"taxonomy":"product_tag","embeddable":true,"href":"https:\/\/www.hvbio.com\/pt\/wp-json\/wp\/v2\/product_tag?post=9798"}],"curies":[{"name":"wp","href":"https:\/\/api.w.org\/{rel}","templated":true}]}}