{"id":9811,"date":"2025-08-22T14:19:31","date_gmt":"2025-08-22T06:19:31","guid":{"rendered":"https:\/\/www.hvbio.com\/?post_type=product&#038;p=9811"},"modified":"2025-08-22T14:19:31","modified_gmt":"2025-08-22T06:19:31","slug":"ligustilide-1","status":"publish","type":"product","link":"https:\/\/www.hvbio.com\/pt\/produto\/ligustilide-1\/","title":{"rendered":"\u00a0Ligustilida 1%"},"content":{"rendered":"<table style=\"height: 394px;\" width=\"965\">\n<tbody>\n<tr>\n<td>Nome do produto<\/td>\n<td>\u00a0Ligustilida 1%<\/td>\n<\/tr>\n<tr>\n<td>Componente principal<\/td>\n<td>Ligustilida<\/td>\n<\/tr>\n<tr>\n<td>Fonte de Extra\u00e7\u00e3o<\/td>\n<td>As ra\u00edzes secas de Angelica sinensis, uma planta da fam\u00edlia das umbel\u00edferas<\/td>\n<\/tr>\n<tr>\n<td>Apar\u00eancia<\/td>\n<td>P\u00f3 marrom-amarelado<\/td>\n<\/tr>\n<tr>\n<td>M\u00e9todo de detec\u00e7\u00e3o<\/td>\n<td>HPLC<\/td>\n<\/tr>\n<tr>\n<td>Formul\u00e1rios de inscri\u00e7\u00e3o<\/td>\n<td>Difundido<\/td>\n<\/tr>\n<tr>\n<td>Tempo de fornecimento<\/td>\n<td>Ao longo do ano<\/td>\n<\/tr>\n<tr>\n<td>Armazenar<\/td>\n<td>Manter em recipiente fechado, em local fresco, seco e escuro, longe de fontes de calor e ambientes \u00famidos<\/td>\n<\/tr>\n<tr>\n<td>Prazo de validade<\/td>\n<td>Dois anos<\/td>\n<\/tr>\n<\/tbody>\n<\/table>","protected":false},"excerpt":{"rendered":"<h4 class=\"header-vfC6AV auto-hide-last-sibling-br\">Nome do produto: Ligustilide 1%<\/h4>\n<ul class=\"auto-hide-last-sibling-br\">\n<li><strong>Ingrediente principal<\/strong>: Ligustilida<\/li>\n<li><strong>Fonte de Extra\u00e7\u00e3o<\/strong>:Extra\u00eddo principalmente das ra\u00edzes secas de\u00a0<em>Ang\u00e9lica sinensis<\/em>\u00a0(Oliv.) Diels, uma planta da fam\u00edlia Apiaceae.<\/li>\n<li><strong>Apar\u00eancia<\/strong>:P\u00f3 amarelo-gengibre<\/li>\n<li><strong>M\u00e9todo de detec\u00e7\u00e3o<\/strong>: HPLC<\/li>\n<li><strong>Formas de dosagem de aplica\u00e7\u00e3o<\/strong>: Ampla gama de aplica\u00e7\u00f5es<\/li>\n<li><strong>Tempo de fornecimento<\/strong>: Dispon\u00edvel o ano todo<\/li>\n<\/ul>\n<h4 class=\"header-vfC6AV auto-hide-last-sibling-br\">Instru\u00e7\u00f5es de compra<\/h4>\n<ul class=\"auto-hide-last-sibling-br\">\n<li><strong>M\u00e9todo de embalagem<\/strong>: 25 kg por tambor de fibra ou saco de papel alum\u00ednio<\/li>\n<li><strong>Condi\u00e7\u00f5es de armazenamento<\/strong>: Deve ser selado e protegido da luz, armazenado em local seco, fresco e bem ventilado<\/li>\n<li><strong>Prazo de validade<\/strong>: 2 anos<\/li>\n<li><strong>Provis\u00e3o de amostra<\/strong>: Geralmente, amostras de 5-20 g s\u00e3o fornecidas para a maioria dos produtos; taxas de amostra podem ser aplicadas a alguns produtos.<\/li>\n<li><strong>Embalagem do produto<\/strong>: Embalado em tambores de fibra ou sacos de papel alum\u00ednio (embalagem personalizada dispon\u00edvel mediante solicita\u00e7\u00e3o do cliente)<\/li>\n<li><strong>Prazo de entrega<\/strong>: Produtos n\u00e3o personalizados ser\u00e3o enviados em at\u00e9 48 horas; o prazo de entrega para produtos personalizados ser\u00e1 ajustado com base nos requisitos reais.<\/li>\n<li><strong>M\u00e9todo de transporte<\/strong>: Entrega expressa nacional\/log\u00edstica; o pre\u00e7o cotado inclui custos de transporte.<\/li>\n<\/ul>","protected":false},"featured_media":9812,"comment_status":"closed","ping_status":"closed","template":"","meta":[],"product_brand":[],"product_cat":[17,23],"product_tag":[],"class_list":{"0":"post-9811","1":"product","2":"type-product","3":"status-publish","4":"has-post-thumbnail","6":"product_cat-plant-extract","7":"product_cat-standard-extract","9":"first","10":"instock","11":"shipping-taxable","12":"product-type-simple"},"_links":{"self":[{"href":"https:\/\/www.hvbio.com\/pt\/wp-json\/wp\/v2\/product\/9811","targetHints":{"allow":["GET"]}}],"collection":[{"href":"https:\/\/www.hvbio.com\/pt\/wp-json\/wp\/v2\/product"}],"about":[{"href":"https:\/\/www.hvbio.com\/pt\/wp-json\/wp\/v2\/types\/product"}],"replies":[{"embeddable":true,"href":"https:\/\/www.hvbio.com\/pt\/wp-json\/wp\/v2\/comments?post=9811"}],"wp:featuredmedia":[{"embeddable":true,"href":"https:\/\/www.hvbio.com\/pt\/wp-json\/wp\/v2\/media\/9812"}],"wp:attachment":[{"href":"https:\/\/www.hvbio.com\/pt\/wp-json\/wp\/v2\/media?parent=9811"}],"wp:term":[{"taxonomy":"product_brand","embeddable":true,"href":"https:\/\/www.hvbio.com\/pt\/wp-json\/wp\/v2\/product_brand?post=9811"},{"taxonomy":"product_cat","embeddable":true,"href":"https:\/\/www.hvbio.com\/pt\/wp-json\/wp\/v2\/product_cat?post=9811"},{"taxonomy":"product_tag","embeddable":true,"href":"https:\/\/www.hvbio.com\/pt\/wp-json\/wp\/v2\/product_tag?post=9811"}],"curies":[{"name":"wp","href":"https:\/\/api.w.org\/{rel}","templated":true}]}}