{"id":9817,"date":"2025-08-22T14:35:02","date_gmt":"2025-08-22T06:35:02","guid":{"rendered":"https:\/\/www.hvbio.com\/?post_type=product&#038;p=9817"},"modified":"2025-08-22T14:35:02","modified_gmt":"2025-08-22T06:35:02","slug":"tribulus-terrestris-saponins-40","status":"publish","type":"product","link":"https:\/\/www.hvbio.com\/pt\/produto\/tribulus-terrestris-saponins-40\/","title":{"rendered":"Saponinas 40% de Tribulus Terrestris"},"content":{"rendered":"<table style=\"height: 326px;\" width=\"1095\">\n<thead>\n<tr>\n<th><strong>Item<\/strong><\/th>\n<th><strong>Descri\u00e7\u00e3o<\/strong><\/th>\n<\/tr>\n<\/thead>\n<tbody>\n<tr>\n<td>Nome do produto<\/td>\n<td>Saponinas 40% de Tribulus Terrestris<\/td>\n<\/tr>\n<tr>\n<td>Ingrediente principal<\/td>\n<td>Compostos de saponinas esteroidais<\/td>\n<\/tr>\n<tr>\n<td>Fonte de Extra\u00e7\u00e3o<\/td>\n<td>Principalmente a partir dos frutos maduros secos de\u00a0<em>Tribulus terrestris<\/em>\u00a0L. (fam\u00edlia Zygophyllaceae)<\/td>\n<\/tr>\n<tr>\n<td>Apar\u00eancia<\/td>\n<td>P\u00f3 marrom<\/td>\n<\/tr>\n<tr>\n<td>M\u00e9todo de detec\u00e7\u00e3o<\/td>\n<td>HPLC\/UV<\/td>\n<\/tr>\n<tr>\n<td>Formas de dosagem de aplica\u00e7\u00e3o<\/td>\n<td>Ampla gama de aplica\u00e7\u00f5es<\/td>\n<\/tr>\n<tr>\n<td>Tempo de fornecimento<\/td>\n<td>Dispon\u00edvel o ano todo<\/td>\n<\/tr>\n<tr>\n<td>Condi\u00e7\u00f5es de armazenamento<\/td>\n<td>Conservar em recipiente fechado, em local fresco, seco e ao abrigo da luz, longe de fontes de calor e ambientes h\u00famidos.<\/td>\n<\/tr>\n<tr>\n<td>Prazo de validade<\/td>\n<td>Dois anos<\/td>\n<\/tr>\n<\/tbody>\n<\/table>","protected":false},"excerpt":{"rendered":"<h3 class=\"header-vfC6AV auto-hide-last-sibling-br\">Nome do produto: Tribulus Terrestris Saponinas 40%<\/h3>\n<ul class=\"auto-hide-last-sibling-br\">\n<li><strong>Ingredientes principais<\/strong>: Compostos de saponina esteroidal<\/li>\n<li><strong>Fonte de Extra\u00e7\u00e3o<\/strong>:Principalmente os frutos secos e maduros de\u00a0<em>Tribulus terrestris<\/em>\u00a0L. (uma planta da fam\u00edlia Zygophyllaceae)<\/li>\n<li><strong>Apar\u00eancia<\/strong>: P\u00f3 marrom<\/li>\n<li><strong>M\u00e9todo de teste<\/strong>: HPLC\/UV<\/li>\n<li><strong>Formas de dosagem de aplica\u00e7\u00e3o<\/strong>: Ampla gama<\/li>\n<li><strong>Tempo de fornecimento<\/strong>: Durante todo o ano<\/li>\n<\/ul>\n<h1 class=\"header-vfC6AV auto-hide-last-sibling-br\">Notas de compra<\/h1>\n<ul class=\"auto-hide-last-sibling-br\">\n<li><strong>M\u00e9todo de embalagem<\/strong>: 25 kg por tambor de papel ou saco de papel alum\u00ednio<\/li>\n<li><strong>Condi\u00e7\u00f5es de armazenamento<\/strong>: Deve ser selado e protegido da luz; armazenado em local seco, fresco e bem ventilado<\/li>\n<li><strong>Prazo de validade<\/strong>: 2 anos<\/li>\n<li><strong>Provis\u00e3o de amostra<\/strong>: Geralmente, 5-20 g de pequenas amostras s\u00e3o fornecidas para a maioria dos produtos; taxas de amostra s\u00e3o cobradas para alguns produtos.<\/li>\n<li><strong>Embalagem do produto<\/strong>: Embalado em tambores de papel ou sacos de papel alum\u00ednio (personaliz\u00e1vel de acordo com as necessidades do cliente)<\/li>\n<li><strong>Prazo de entrega<\/strong>: Produtos n\u00e3o personalizados s\u00e3o enviados em at\u00e9 48 horas; o prazo de entrega para produtos personalizados \u00e9 ajustado com base nas necessidades reais.<\/li>\n<li><strong>M\u00e9todo de transporte<\/strong>:Log\u00edstica expressa nacional; o or\u00e7amento inclui custos de transporte.<\/li>\n<\/ul>","protected":false},"featured_media":9819,"comment_status":"closed","ping_status":"closed","template":"","meta":[],"product_brand":[],"product_cat":[17,23],"product_tag":[],"class_list":{"0":"post-9817","1":"product","2":"type-product","3":"status-publish","4":"has-post-thumbnail","6":"product_cat-plant-extract","7":"product_cat-standard-extract","9":"first","10":"instock","11":"shipping-taxable","12":"product-type-simple"},"_links":{"self":[{"href":"https:\/\/www.hvbio.com\/pt\/wp-json\/wp\/v2\/product\/9817","targetHints":{"allow":["GET"]}}],"collection":[{"href":"https:\/\/www.hvbio.com\/pt\/wp-json\/wp\/v2\/product"}],"about":[{"href":"https:\/\/www.hvbio.com\/pt\/wp-json\/wp\/v2\/types\/product"}],"replies":[{"embeddable":true,"href":"https:\/\/www.hvbio.com\/pt\/wp-json\/wp\/v2\/comments?post=9817"}],"wp:featuredmedia":[{"embeddable":true,"href":"https:\/\/www.hvbio.com\/pt\/wp-json\/wp\/v2\/media\/9819"}],"wp:attachment":[{"href":"https:\/\/www.hvbio.com\/pt\/wp-json\/wp\/v2\/media?parent=9817"}],"wp:term":[{"taxonomy":"product_brand","embeddable":true,"href":"https:\/\/www.hvbio.com\/pt\/wp-json\/wp\/v2\/product_brand?post=9817"},{"taxonomy":"product_cat","embeddable":true,"href":"https:\/\/www.hvbio.com\/pt\/wp-json\/wp\/v2\/product_cat?post=9817"},{"taxonomy":"product_tag","embeddable":true,"href":"https:\/\/www.hvbio.com\/pt\/wp-json\/wp\/v2\/product_tag?post=9817"}],"curies":[{"name":"wp","href":"https:\/\/api.w.org\/{rel}","templated":true}]}}