{"id":9840,"date":"2025-08-26T15:00:59","date_gmt":"2025-08-26T07:00:59","guid":{"rendered":"https:\/\/www.hvbio.com\/?post_type=product&#038;p=9840"},"modified":"2025-08-26T15:01:18","modified_gmt":"2025-08-26T07:01:18","slug":"zucchini-powder","status":"publish","type":"product","link":"https:\/\/www.hvbio.com\/pt\/produto\/zucchini-powder\/","title":{"rendered":"P\u00f3 de abobrinha"},"content":{"rendered":"<table>\n<tbody>\n<tr>\n<td>Nome do produto<\/td>\n<td>P\u00f3 de abobrinha<\/td>\n<\/tr>\n<tr>\n<td>Fonte vegetal<\/td>\n<td>O fruto tenro de\u00a0<em>Cucurbita pepo<\/em>\u00a0L. (abobrinha), uma planta do g\u00eanero\u00a0<em>Cuc\u00farbita<\/em>\u00a0na fam\u00edlia Cucurbitaceae.<\/td>\n<\/tr>\n<tr>\n<td>Ingredientes ativos<\/td>\n<td>Cont\u00e9m caroteno, pot\u00e1ssio, vitamina C, f\u00f3sforo, c\u00e1lcio, bem como pequenas quantidades de riboflavina, niacina, tiamina, carboidratos e outros nutrientes.<\/td>\n<\/tr>\n<tr>\n<td>Caracter\u00edstica do produto<\/td>\n<td>P\u00f3 fino amarelo<\/td>\n<\/tr>\n<tr>\n<td>M\u00e9todo de detec\u00e7\u00e3o<\/td>\n<td>TLC<\/td>\n<\/tr>\n<tr>\n<td>M\u00e9todo de armazenamento<\/td>\n<td>Feche bem e guarde em local fresco e seco, protegido da umidade e de tra\u00e7as.<\/td>\n<\/tr>\n<tr>\n<td>Embalagem do produto<\/td>\n<td>25 kg\/tambor de papel\u00e3o; 1 kg\/saco de papel alum\u00ednio<\/td>\n<\/tr>\n<\/tbody>\n<\/table>","protected":false},"excerpt":{"rendered":"<p>O p\u00f3 de abobrinha \u00e9 derivado do fruto jovem da planta abobrinha, que pertence \u00e0 fam\u00edlia Cucurbitaceae e ao g\u00eanero Cucurbita. Cont\u00e9m v\u00e1rios nutrientes, como betacaroteno, pot\u00e1ssio, vitamina C, f\u00f3sforo, c\u00e1lcio, riboflavina, \u00e1cido clor\u00eddrico, tiamina e carboidratos.<\/p>\n<p>&nbsp;<\/p>","protected":false},"featured_media":9845,"comment_status":"closed","ping_status":"closed","template":"","meta":[],"product_brand":[],"product_cat":[18,19],"product_tag":[39],"class_list":{"0":"post-9840","1":"product","2":"type-product","3":"status-publish","4":"has-post-thumbnail","6":"product_cat-fruit-and-vegetable-powder","7":"product_cat-vegetable-powders","8":"product_tag-zucchini-powder","10":"first","11":"instock","12":"shipping-taxable","13":"product-type-simple"},"_links":{"self":[{"href":"https:\/\/www.hvbio.com\/pt\/wp-json\/wp\/v2\/product\/9840","targetHints":{"allow":["GET"]}}],"collection":[{"href":"https:\/\/www.hvbio.com\/pt\/wp-json\/wp\/v2\/product"}],"about":[{"href":"https:\/\/www.hvbio.com\/pt\/wp-json\/wp\/v2\/types\/product"}],"replies":[{"embeddable":true,"href":"https:\/\/www.hvbio.com\/pt\/wp-json\/wp\/v2\/comments?post=9840"}],"wp:featuredmedia":[{"embeddable":true,"href":"https:\/\/www.hvbio.com\/pt\/wp-json\/wp\/v2\/media\/9845"}],"wp:attachment":[{"href":"https:\/\/www.hvbio.com\/pt\/wp-json\/wp\/v2\/media?parent=9840"}],"wp:term":[{"taxonomy":"product_brand","embeddable":true,"href":"https:\/\/www.hvbio.com\/pt\/wp-json\/wp\/v2\/product_brand?post=9840"},{"taxonomy":"product_cat","embeddable":true,"href":"https:\/\/www.hvbio.com\/pt\/wp-json\/wp\/v2\/product_cat?post=9840"},{"taxonomy":"product_tag","embeddable":true,"href":"https:\/\/www.hvbio.com\/pt\/wp-json\/wp\/v2\/product_tag?post=9840"}],"curies":[{"name":"wp","href":"https:\/\/api.w.org\/{rel}","templated":true}]}}