{"id":9854,"date":"2025-08-26T16:05:57","date_gmt":"2025-08-26T08:05:57","guid":{"rendered":"https:\/\/www.hvbio.com\/?post_type=product&#038;p=9854"},"modified":"2025-08-26T16:05:57","modified_gmt":"2025-08-26T08:05:57","slug":"stellera-chamaejasme-extract","status":"publish","type":"product","link":"https:\/\/www.hvbio.com\/pt\/produto\/stellera-chamaejasme-extract\/","title":{"rendered":"Extrato de Stellera Chamaejasme"},"content":{"rendered":"<table>\n<thead>\n<tr>\n<th>Item<\/th>\n<th>Detalhes<\/th>\n<\/tr>\n<\/thead>\n<tbody>\n<tr>\n<td><strong>Nome do produto<\/strong><\/td>\n<td>Extrato de Stellera Chamaejasme<\/td>\n<\/tr>\n<tr>\n<td><strong>Pseud\u00f4nimos<\/strong><\/td>\n<td>Langdu Geda, Langdu, Maoyanjing (olho de gato), Shan Hongluo (cenoura da montanha)<\/td>\n<\/tr>\n<tr>\n<td><strong>Apar\u00eancia do produto<\/strong><\/td>\n<td>P\u00f3 fino marrom<\/td>\n<\/tr>\n<tr>\n<td><strong>Embalagem<\/strong><\/td>\n<td>\u2013 Para \u22645KG: Embalagem dupla de pl\u00e1stico com envolt\u00f3rio externo de papel alum\u00ednio.<br class=\"container-utlnW2 wrapper-d0Cc1k undefined\" \/>\u2013 Para \u226525KG: Embalagem em tambor de papel.<br class=\"container-utlnW2 wrapper-d0Cc1k undefined\" \/>\u2013 Embalagem padr\u00e3o: 25KG\/tambor<\/td>\n<\/tr>\n<tr>\n<td><strong>Condi\u00e7\u00f5es de armazenamento<\/strong><\/td>\n<td>Deve ser selado e protegido da luz; armazenado em local seco, fresco e bem ventilado.<br class=\"container-utlnW2 wrapper-d0Cc1k undefined\" \/>Prazo de validade: 2 anos<\/td>\n<\/tr>\n<\/tbody>\n<\/table>","protected":false},"excerpt":{"rendered":"<p>Nome do produto\u3011Extrato de Euphorbia Fischeriana<\/p>\n<p>\u3010Aliases\u3011Langdu Geda, Langdu, Maoyanjing (olho de gato), Shan Hongluo (cenoura da montanha)<br class=\"container-utlnW2 wrapper-d0Cc1k undefined\" \/>Descri\u00e7\u00e3o: P\u00f3 amarelo-acastanhado. Testado por TLC (Cromatografia em Camada Delgada).<\/p>","protected":false},"featured_media":9855,"comment_status":"closed","ping_status":"closed","template":"","meta":[],"product_brand":[],"product_cat":[17,24],"product_tag":[40],"class_list":{"0":"post-9854","1":"product","2":"type-product","3":"status-publish","4":"has-post-thumbnail","6":"product_cat-plant-extract","7":"product_cat-ratio-extract","8":"product_tag-stellera-chamaejasme-extract","10":"first","11":"instock","12":"shipping-taxable","13":"product-type-simple"},"_links":{"self":[{"href":"https:\/\/www.hvbio.com\/pt\/wp-json\/wp\/v2\/product\/9854","targetHints":{"allow":["GET"]}}],"collection":[{"href":"https:\/\/www.hvbio.com\/pt\/wp-json\/wp\/v2\/product"}],"about":[{"href":"https:\/\/www.hvbio.com\/pt\/wp-json\/wp\/v2\/types\/product"}],"replies":[{"embeddable":true,"href":"https:\/\/www.hvbio.com\/pt\/wp-json\/wp\/v2\/comments?post=9854"}],"wp:featuredmedia":[{"embeddable":true,"href":"https:\/\/www.hvbio.com\/pt\/wp-json\/wp\/v2\/media\/9855"}],"wp:attachment":[{"href":"https:\/\/www.hvbio.com\/pt\/wp-json\/wp\/v2\/media?parent=9854"}],"wp:term":[{"taxonomy":"product_brand","embeddable":true,"href":"https:\/\/www.hvbio.com\/pt\/wp-json\/wp\/v2\/product_brand?post=9854"},{"taxonomy":"product_cat","embeddable":true,"href":"https:\/\/www.hvbio.com\/pt\/wp-json\/wp\/v2\/product_cat?post=9854"},{"taxonomy":"product_tag","embeddable":true,"href":"https:\/\/www.hvbio.com\/pt\/wp-json\/wp\/v2\/product_tag?post=9854"}],"curies":[{"name":"wp","href":"https:\/\/api.w.org\/{rel}","templated":true}]}}