{"id":9864,"date":"2025-08-26T15:55:52","date_gmt":"2025-08-26T07:55:52","guid":{"rendered":"https:\/\/www.hvbio.com\/?post_type=product&#038;p=9864"},"modified":"2025-08-26T15:55:53","modified_gmt":"2025-08-26T07:55:53","slug":"chrysophanol-0-5","status":"publish","type":"product","link":"https:\/\/www.hvbio.com\/pt\/produto\/chrysophanol-0-5\/","title":{"rendered":"Crisofanol 0,5%"},"content":{"rendered":"<table style=\"height: 412px;\" width=\"1172\">\n<thead>\n<tr>\n<th><strong>Atributo<\/strong><\/th>\n<th><strong>Descri\u00e7\u00e3o<\/strong><\/th>\n<\/tr>\n<\/thead>\n<tbody>\n<tr>\n<td><strong>Nome do produto<\/strong><\/td>\n<td>Crisofanol 0,5%<\/td>\n<\/tr>\n<tr>\n<td><strong>Ingrediente principal<\/strong><\/td>\n<td>Crisofanol (Nome qu\u00edmico: 1,8-Diidroxi-3-metilantraquinona; F\u00f3rmula molecular: C\u2081\u2085H\u2081\u2080O\u2084)<\/td>\n<\/tr>\n<tr>\n<td><strong>Fonte de Extra\u00e7\u00e3o<\/strong><\/td>\n<td>Derivado principalmente de ra\u00edzes secas e rizomas de plantas Polygonaceae, incluindo:<br class=\"container-utlnW2 wrapper-d0Cc1k undefined\" \/>&#8211;\u00a0<em>Rheum palmatum<\/em>\u00a0L. (Ruibarbo de folhas de palmeira)<br class=\"container-utlnW2 wrapper-d0Cc1k undefined\" \/>&#8211;\u00a0<em>Rheum tanguticum<\/em>\u00a0M\u00e1xima. ex Balf. (Ruibarbo Tangut)<br class=\"container-utlnW2 wrapper-d0Cc1k undefined\" \/>&#8211;\u00a0<em>Rheum officinale<\/em>\u00a0Baill. (Ruibarbo Oficial)<\/td>\n<\/tr>\n<tr>\n<td><strong>Apar\u00eancia<\/strong><\/td>\n<td>P\u00f3 marrom<\/td>\n<\/tr>\n<tr>\n<td><strong>M\u00e9todo de detec\u00e7\u00e3o<\/strong><\/td>\n<td>HPLC (Cromatografia L\u00edquida de Alta Efici\u00eancia)<\/td>\n<\/tr>\n<tr>\n<td><strong>Formas de dosagem de aplica\u00e7\u00e3o<\/strong><\/td>\n<td>Amplo alcance<\/td>\n<\/tr>\n<tr>\n<td><strong>Tempo de fornecimento<\/strong><\/td>\n<td>Durante todo o ano<\/td>\n<\/tr>\n<tr>\n<td><strong>Condi\u00e7\u00f5es de armazenamento<\/strong><\/td>\n<td>Armazene em recipiente fechado, mantenha em local fresco, seco e protegido da luz, longe de fontes de calor e ambientes \u00famidos.<\/td>\n<\/tr>\n<tr>\n<td><strong>Prazo de validade<\/strong><\/td>\n<td>Dois anos<\/td>\n<\/tr>\n<\/tbody>\n<\/table>","protected":false},"excerpt":{"rendered":"<h4 class=\"header-vfC6AV auto-hide-last-sibling-br\">Nome do produto: Crisofanol 0,5%<\/h4>\n<h4 class=\"header-vfC6AV auto-hide-last-sibling-br\">Ingrediente principal: Crisofanol<\/h4>\n<h4 class=\"header-vfC6AV auto-hide-last-sibling-br\">Fonte de extra\u00e7\u00e3o: Derivado principalmente de ra\u00edzes secas e rizomas de plantas Polygonaceae, incluindo\u00a0<em>Rheum palmatum<\/em>\u00a0L. (Ruibarbo de folhas de palmeira),\u00a0<em>Rheum tanguticum<\/em>\u00a0Maxim. ex Balf. (Ruibarbo Tangut) e\u00a0<em>Rheum officinale<\/em>\u00a0Baill. (Ruibarbo oficial).<\/h4>\n<h4 class=\"header-vfC6AV auto-hide-last-sibling-br\">Apar\u00eancia: P\u00f3 marrom<\/h4>\n<h4 class=\"header-vfC6AV auto-hide-last-sibling-br\">M\u00e9todo de detec\u00e7\u00e3o: HPLC (Cromatografia L\u00edquida de Alta Efici\u00eancia)<\/h4>\n<h4 class=\"header-vfC6AV auto-hide-last-sibling-br\">Formas de dosagem de aplica\u00e7\u00e3o: ampla variedade<\/h4>\n<h4 class=\"header-vfC6AV auto-hide-last-sibling-br\">Per\u00edodo de fornecimento: durante todo o ano<\/h4>\n<h4 class=\"header-vfC6AV auto-hide-last-sibling-br\">Instru\u00e7\u00f5es de compra<\/h4>\n<ul class=\"auto-hide-last-sibling-br\">\n<li>\n<h4>\u3010M\u00e9todo de embalagem\u301125 kg por tambor de papel\u00e3o ou saco de papel alum\u00ednio<\/h4>\n<\/li>\n<li>\n<h4>\u3010Condi\u00e7\u00f5es de armazenamento\u3011Deve ser selado e protegido da luz, armazenado em local seco, fresco e bem ventilado<\/h4>\n<\/li>\n<li>\n<h4>\u3010Validade\u30112 anos<\/h4>\n<\/li>\n<li>\n<h4>\u3010Fornecimento de amostras\u3011Geralmente, 5-20 g de pequenas amostras s\u00e3o fornecidas para os produtos; taxas de amostra s\u00e3o cobradas para alguns produtos.<\/h4>\n<\/li>\n<li>\n<h4>\u3010Embalagem do produto\u3011Embalado em tambores de papel\u00e3o ou sacos de papel alum\u00ednio (embalagem personalizada dispon\u00edvel mediante solicita\u00e7\u00e3o do cliente)<\/h4>\n<\/li>\n<li>\n<h4>\u3010Prazo de entrega\u3011Produtos n\u00e3o personalizados ser\u00e3o enviados em at\u00e9 48 horas; o prazo de entrega para produtos personalizados ser\u00e1 ajustado de acordo com as necessidades reais.<\/h4>\n<\/li>\n<li>\n<h4>\u3010M\u00e9todo de embalagem\u301125 kg por tambor de papel\u00e3o ou saco de papel alum\u00ednio; a embalagem pode ser ajustada com base nas circunst\u00e2ncias reais.<\/h4>\n<\/li>\n<li>\n<h4>\u3010M\u00e9todo de transporte\u3011Entrega expressa nacional ou log\u00edstica; o pre\u00e7o cotado inclui custos de transporte.<\/h4>\n<\/li>\n<li>\n<h4>\u3010Condi\u00e7\u00f5es de armazenamento\u3011Selado e protegido da luz, armazenado em local seco, fresco e bem ventilado<\/h4>\n<\/li>\n<\/ul>","protected":false},"featured_media":9865,"comment_status":"closed","ping_status":"closed","template":"","meta":[],"product_brand":[],"product_cat":[17,23],"product_tag":[],"class_list":{"0":"post-9864","1":"product","2":"type-product","3":"status-publish","4":"has-post-thumbnail","6":"product_cat-plant-extract","7":"product_cat-standard-extract","9":"first","10":"instock","11":"shipping-taxable","12":"product-type-simple"},"_links":{"self":[{"href":"https:\/\/www.hvbio.com\/pt\/wp-json\/wp\/v2\/product\/9864","targetHints":{"allow":["GET"]}}],"collection":[{"href":"https:\/\/www.hvbio.com\/pt\/wp-json\/wp\/v2\/product"}],"about":[{"href":"https:\/\/www.hvbio.com\/pt\/wp-json\/wp\/v2\/types\/product"}],"replies":[{"embeddable":true,"href":"https:\/\/www.hvbio.com\/pt\/wp-json\/wp\/v2\/comments?post=9864"}],"wp:featuredmedia":[{"embeddable":true,"href":"https:\/\/www.hvbio.com\/pt\/wp-json\/wp\/v2\/media\/9865"}],"wp:attachment":[{"href":"https:\/\/www.hvbio.com\/pt\/wp-json\/wp\/v2\/media?parent=9864"}],"wp:term":[{"taxonomy":"product_brand","embeddable":true,"href":"https:\/\/www.hvbio.com\/pt\/wp-json\/wp\/v2\/product_brand?post=9864"},{"taxonomy":"product_cat","embeddable":true,"href":"https:\/\/www.hvbio.com\/pt\/wp-json\/wp\/v2\/product_cat?post=9864"},{"taxonomy":"product_tag","embeddable":true,"href":"https:\/\/www.hvbio.com\/pt\/wp-json\/wp\/v2\/product_tag?post=9864"}],"curies":[{"name":"wp","href":"https:\/\/api.w.org\/{rel}","templated":true}]}}