{"id":9884,"date":"2025-08-27T10:21:21","date_gmt":"2025-08-27T02:21:21","guid":{"rendered":"https:\/\/www.hvbio.com\/?post_type=product&#038;p=9884"},"modified":"2025-08-27T10:21:21","modified_gmt":"2025-08-27T02:21:21","slug":"dandelion-flavonoids-5","status":"publish","type":"product","link":"https:\/\/www.hvbio.com\/pt\/produto\/dandelion-flavonoids-5\/","title":{"rendered":"Flavonoides de dente-de-le\u00e3o 5%"},"content":{"rendered":"<table style=\"height: 403px;\" width=\"1027\">\n<thead>\n<tr>\n<th><strong>Item<\/strong><\/th>\n<th><strong>Descri\u00e7\u00e3o<\/strong><\/th>\n<\/tr>\n<\/thead>\n<tbody>\n<tr>\n<td>Nome do produto<\/td>\n<td>Flavonoides de dente-de-le\u00e3o 5%<\/td>\n<\/tr>\n<tr>\n<td>Ingrediente principal<\/td>\n<td>Dandelion Flavonoids<\/td>\n<\/tr>\n<tr>\n<td>Fonte de Extra\u00e7\u00e3o<\/td>\n<td>The extract is mainly derived from dandelion (Taraxacum mongolicum Hand.-Mazz. or related species)<\/td>\n<\/tr>\n<tr>\n<td>Apar\u00eancia<\/td>\n<td>P\u00f3 marrom<\/td>\n<\/tr>\n<tr>\n<td>M\u00e9todo de detec\u00e7\u00e3o<\/td>\n<td>HPLC (Cromatografia L\u00edquida de Alta Efici\u00eancia)<\/td>\n<\/tr>\n<tr>\n<td>Formas de dosagem de aplica\u00e7\u00e3o<\/td>\n<td>Wide range of applications (e.g., health care products, dietary supplements, herbal preparations, etc.)<\/td>\n<\/tr>\n<tr>\n<td>Tempo de fornecimento<\/td>\n<td>Dispon\u00edvel durante todo o ano<\/td>\n<\/tr>\n<tr>\n<td>Condi\u00e7\u00f5es de armazenamento<\/td>\n<td>Conservar em recipiente fechado, em local fresco, seco e escuro, longe de fontes de calor e ambientes \u00famidos.<\/td>\n<\/tr>\n<tr>\n<td>Prazo de validade<\/td>\n<td>Dois anos<\/td>\n<\/tr>\n<\/tbody>\n<\/table>","protected":false},"excerpt":{"rendered":"<h4 class=\"header-vfC6AV auto-hide-last-sibling-br\">Product Name: Dandelion Flavone 5%<\/h4>\n<ul class=\"auto-hide-last-sibling-br\">\n<li>\n<h4><strong>Ingrediente principal<\/strong>: Dandelion Flavone<\/h4>\n<\/li>\n<li>\n<h4><strong>Fonte de Extra\u00e7\u00e3o<\/strong>: The extract is mainly derived from dandelion<\/h4>\n<\/li>\n<li>\n<h4><strong>Apar\u00eancia<\/strong>: P\u00f3 marrom<\/h4>\n<\/li>\n<li>\n<h4><strong>M\u00e9todo de detec\u00e7\u00e3o<\/strong>: HPLC (Cromatografia L\u00edquida de Alta Efici\u00eancia)<\/h4>\n<\/li>\n<li>\n<h4><strong>Formas de dosagem de aplica\u00e7\u00e3o<\/strong>: Ampla gama de aplica\u00e7\u00f5es<\/h4>\n<\/li>\n<li>\n<h4><strong>Tempo de fornecimento<\/strong>: Dispon\u00edvel durante todo o ano<\/h4>\n<\/li>\n<\/ul>\n<h4 class=\"header-vfC6AV auto-hide-last-sibling-br\">Instru\u00e7\u00f5es de compra<\/h4>\n<ul class=\"auto-hide-last-sibling-br\">\n<li>\n<h4><strong>M\u00e9todo de embalagem<\/strong>: 25 kg por tambor de papel\u00e3o ou saco de papel alum\u00ednio<\/h4>\n<\/li>\n<li>\n<h4><strong>Condi\u00e7\u00f5es de armazenamento<\/strong>: Deve ser selado e protegido da luz, armazenado em local seco, fresco e bem ventilado<\/h4>\n<\/li>\n<li>\n<h4><strong>Prazo de validade<\/strong>: 2 anos<\/h4>\n<\/li>\n<li>\n<h4><strong>Provis\u00e3o de amostra<\/strong>: Generally, 5-20g small samples are provided for products; sample fees may be charged for some products.<\/h4>\n<\/li>\n<li>\n<h4><strong>Embalagem do produto<\/strong>: Embalado em tambores de papel\u00e3o ou sacos de papel alum\u00ednio (embalagem personaliz\u00e1vel dispon\u00edvel mediante solicita\u00e7\u00e3o do cliente)<\/h4>\n<\/li>\n<li>\n<h4><strong>Prazo de entrega<\/strong>: Produtos n\u00e3o personalizados ser\u00e3o enviados em at\u00e9 48 horas; o prazo de entrega para produtos personalizados ser\u00e1 ajustado de acordo com as necessidades reais.<\/h4>\n<\/li>\n<li>\n<h4><strong>Ajuste de embalagem<\/strong>: 25kg per cardboard drum or aluminum foil bag; packaging can be adjusted based on actual circumstances.<\/h4>\n<\/li>\n<li>\n<h4><strong>M\u00e9todo de transporte<\/strong>: Entrega expressa nacional ou log\u00edstica; o pre\u00e7o cotado inclui custos de transporte.<\/h4>\n<\/li>\n<li>\n<h4><strong>Repeated Storage Note<\/strong>: Seal and protect from light, and store in a dry, cool, and well-ventilated place.<\/h4>\n<\/li>\n<\/ul>","protected":false},"featured_media":9885,"comment_status":"closed","ping_status":"closed","template":"","meta":[],"product_brand":[],"product_cat":[17,23],"product_tag":[],"class_list":{"0":"post-9884","1":"product","2":"type-product","3":"status-publish","4":"has-post-thumbnail","6":"product_cat-plant-extract","7":"product_cat-standard-extract","9":"first","10":"instock","11":"shipping-taxable","12":"product-type-simple"},"_links":{"self":[{"href":"https:\/\/www.hvbio.com\/pt\/wp-json\/wp\/v2\/product\/9884","targetHints":{"allow":["GET"]}}],"collection":[{"href":"https:\/\/www.hvbio.com\/pt\/wp-json\/wp\/v2\/product"}],"about":[{"href":"https:\/\/www.hvbio.com\/pt\/wp-json\/wp\/v2\/types\/product"}],"replies":[{"embeddable":true,"href":"https:\/\/www.hvbio.com\/pt\/wp-json\/wp\/v2\/comments?post=9884"}],"wp:featuredmedia":[{"embeddable":true,"href":"https:\/\/www.hvbio.com\/pt\/wp-json\/wp\/v2\/media\/9885"}],"wp:attachment":[{"href":"https:\/\/www.hvbio.com\/pt\/wp-json\/wp\/v2\/media?parent=9884"}],"wp:term":[{"taxonomy":"product_brand","embeddable":true,"href":"https:\/\/www.hvbio.com\/pt\/wp-json\/wp\/v2\/product_brand?post=9884"},{"taxonomy":"product_cat","embeddable":true,"href":"https:\/\/www.hvbio.com\/pt\/wp-json\/wp\/v2\/product_cat?post=9884"},{"taxonomy":"product_tag","embeddable":true,"href":"https:\/\/www.hvbio.com\/pt\/wp-json\/wp\/v2\/product_tag?post=9884"}],"curies":[{"name":"wp","href":"https:\/\/api.w.org\/{rel}","templated":true}]}}