{"id":9895,"date":"2025-08-27T10:45:32","date_gmt":"2025-08-27T02:45:32","guid":{"rendered":"https:\/\/www.hvbio.com\/?post_type=product&#038;p=9895"},"modified":"2025-08-27T10:45:32","modified_gmt":"2025-08-27T02:45:32","slug":"polydatin-5","status":"publish","type":"product","link":"https:\/\/www.hvbio.com\/pt\/produto\/polydatin-5\/","title":{"rendered":"Polidatina 5%"},"content":{"rendered":"<table>\n<tbody>\n<tr>\n<td><strong>Nome do produto<\/strong><\/td>\n<td>Polidatina 5%<\/td>\n<\/tr>\n<tr>\n<td><strong>Fonte vegetal<\/strong><\/td>\n<td>Dried rhizomes and roots of\u00a0<em>Polygonum cuspidatum<\/em>\u00a0Sieb. et Zucc. (a plant of the Polygonaceae family)<\/td>\n<\/tr>\n<tr>\n<td><strong>Nomes Alternativos<\/strong><\/td>\n<td>Resveratrol glycoside, Piceid<\/td>\n<\/tr>\n<tr>\n<td><strong>Ingrediente ativo<\/strong><\/td>\n<td>Polydatin<\/td>\n<\/tr>\n<tr>\n<td><strong>Conte\u00fado do produto<\/strong><\/td>\n<td>5%<\/td>\n<\/tr>\n<tr>\n<td><strong>Caracter\u00edstica do produto<\/strong><\/td>\n<td>P\u00f3 branco<\/td>\n<\/tr>\n<tr>\n<td><strong>M\u00e9todo de detec\u00e7\u00e3o<\/strong><\/td>\n<td>Cromatografia L\u00edquida de Alta Efici\u00eancia (CLAE)<\/td>\n<\/tr>\n<tr>\n<td><strong>M\u00e9todo de armazenamento<\/strong><\/td>\n<td>Seal tightly, store in a cool and dry place, protect from moisture and moths<\/td>\n<\/tr>\n<tr>\n<td><strong>Embalagem do produto<\/strong><\/td>\n<td>25 kg\/cardboard drum; 1 kg\/aluminum foil bag; or customized according to customer requirements<\/td>\n<\/tr>\n<\/tbody>\n<\/table>","protected":false},"excerpt":{"rendered":"<h1 class=\"header-iWP5WJ auto-hide-last-sibling-br\">Polidatina 5%<\/h1>\n<ul class=\"auto-hide-last-sibling-br\">\n<li><strong>Cor<\/strong>: Typically appears as a light yellow to yellowish-brown fine powder.<\/li>\n<li><strong>Prazo de validade<\/strong>: Generally 24 months when stored in a cool, dry, and dark place, sealed to avoid moisture and light.<\/li>\n<li><strong>M\u00e9todo de detec\u00e7\u00e3o<\/strong>: High Performance Liquid Chromatography (HPLC) \u2014 used to accurately determine the content of polydatin, ensuring it meets the 5% specification by separating, identifying, and quantifying the active component in the sample.<\/li>\n<\/ul>","protected":false},"featured_media":9896,"comment_status":"closed","ping_status":"closed","template":"","meta":[],"product_brand":[],"product_cat":[17,23],"product_tag":[],"class_list":{"0":"post-9895","1":"product","2":"type-product","3":"status-publish","4":"has-post-thumbnail","6":"product_cat-plant-extract","7":"product_cat-standard-extract","9":"first","10":"instock","11":"shipping-taxable","12":"product-type-simple"},"_links":{"self":[{"href":"https:\/\/www.hvbio.com\/pt\/wp-json\/wp\/v2\/product\/9895","targetHints":{"allow":["GET"]}}],"collection":[{"href":"https:\/\/www.hvbio.com\/pt\/wp-json\/wp\/v2\/product"}],"about":[{"href":"https:\/\/www.hvbio.com\/pt\/wp-json\/wp\/v2\/types\/product"}],"replies":[{"embeddable":true,"href":"https:\/\/www.hvbio.com\/pt\/wp-json\/wp\/v2\/comments?post=9895"}],"wp:featuredmedia":[{"embeddable":true,"href":"https:\/\/www.hvbio.com\/pt\/wp-json\/wp\/v2\/media\/9896"}],"wp:attachment":[{"href":"https:\/\/www.hvbio.com\/pt\/wp-json\/wp\/v2\/media?parent=9895"}],"wp:term":[{"taxonomy":"product_brand","embeddable":true,"href":"https:\/\/www.hvbio.com\/pt\/wp-json\/wp\/v2\/product_brand?post=9895"},{"taxonomy":"product_cat","embeddable":true,"href":"https:\/\/www.hvbio.com\/pt\/wp-json\/wp\/v2\/product_cat?post=9895"},{"taxonomy":"product_tag","embeddable":true,"href":"https:\/\/www.hvbio.com\/pt\/wp-json\/wp\/v2\/product_tag?post=9895"}],"curies":[{"name":"wp","href":"https:\/\/api.w.org\/{rel}","templated":true}]}}