{"id":9918,"date":"2025-08-27T11:01:44","date_gmt":"2025-08-27T03:01:44","guid":{"rendered":"https:\/\/www.hvbio.com\/?post_type=product&#038;p=9918"},"modified":"2025-08-27T11:01:44","modified_gmt":"2025-08-27T03:01:44","slug":"mimosa-pudica-root-extract","status":"publish","type":"product","link":"https:\/\/www.hvbio.com\/pt\/produto\/mimosa-pudica-root-extract\/","title":{"rendered":"Extrato de raiz de Mimosa Pudica"},"content":{"rendered":"<table>\n<tbody>\n<tr>\n<td><strong>Nome do produto<\/strong><\/td>\n<td>Extrato de raiz de Mimosa Pudica<\/td>\n<\/tr>\n<tr>\n<td><strong>Nomes Alternativos<\/strong><\/td>\n<td>Extrato de Planta Sens\u00edvel, Extrato de Planta da Vergonha, Extrato de Planta Humilde, Extrato de Planta T\u00edmida<\/td>\n<\/tr>\n<tr>\n<td><strong>Nome cient\u00edfico latino<\/strong><\/td>\n<td>Mimosa pudica Linn.<\/td>\n<\/tr>\n<tr>\n<td><strong>Fonte vegetal<\/strong><\/td>\n<td>Casca de raiz de ervas perenes ou subarbustos pertencentes a\u00a0<em>Mimosa<\/em>\u00a0g\u00eanero, subfam\u00edlia Mimosoideae, fam\u00edlia Fabaceae<\/td>\n<\/tr>\n<tr>\n<td><strong>Origem da mat\u00e9ria-prima<\/strong><\/td>\n<td>Nativa das regi\u00f5es tropicais da Am\u00e9rica do Sul; cultivada em v\u00e1rias regi\u00f5es da China<\/td>\n<\/tr>\n<tr>\n<td><strong>Especifica\u00e7\u00e3o<\/strong><\/td>\n<td>1:1. Para outras especifica\u00e7\u00f5es, entre em contato com o atendimento ao cliente para consulta.<\/td>\n<\/tr>\n<tr>\n<td><strong>Propriedades<\/strong><\/td>\n<td>P\u00f3 marrom-avermelhado, f\u00e1cil de absorver umidade, sol\u00favel em \u00e1gua, testado por TLC (Cromatografia em Camada Fina)<\/td>\n<\/tr>\n<tr>\n<td><strong>Cor e Car\u00e1ter<\/strong><\/td>\n<td>P\u00f3 marrom<\/td>\n<\/tr>\n<tr>\n<td><strong>Tamanho da malha do produto<\/strong><\/td>\n<td>98% passa por peneira de 80 malhas<\/td>\n<\/tr>\n<tr>\n<td><strong>M\u00e9todo de embalagem<\/strong><\/td>\n<td>25 kg\/tambor de papel\u00e3o ou saco de papel alum\u00ednio<\/td>\n<\/tr>\n<tr>\n<td><strong>Condi\u00e7\u00f5es de armazenamento<\/strong><\/td>\n<td>Deve ser selado e protegido da luz; armazenado em local seco, fresco e bem ventilado<\/td>\n<\/tr>\n<tr>\n<td><strong>Prazo de validade<\/strong><\/td>\n<td>24 meses<\/td>\n<\/tr>\n<tr>\n<td><strong>Expresso e Log\u00edstica<\/strong><\/td>\n<td>Entrega expressa ou log\u00edstica. A entrega expressa dom\u00e9stica geralmente chega em at\u00e9 3 dias; a log\u00edstica geralmente chega em at\u00e9 5 dias. Os or\u00e7amentos geralmente incluem os custos de transporte dom\u00e9stico.<\/td>\n<\/tr>\n<tr>\n<td><strong>Provis\u00e3o de amostra<\/strong><\/td>\n<td>Geralmente, pequenas amostras de 5-20 g s\u00e3o fornecidas para a maioria dos produtos; taxas de amostra s\u00e3o cobradas para alguns produtos.<\/td>\n<\/tr>\n<tr>\n<td><strong>Embalagem do produto<\/strong><\/td>\n<td>Embalado em tambores de papel\u00e3o ou sacos de papel alum\u00ednio (embalagem personalizada dispon\u00edvel de acordo com as necessidades do cliente)<\/td>\n<\/tr>\n<\/tbody>\n<\/table>","protected":false},"excerpt":{"rendered":"<p>Product Name Mimosa Pudica Root Extract Alternative Names Sensitive Plant Extract, Shameplant Extract, Humble Plant Extract, Bashful Plant Extract Latin<\/p>","protected":false},"featured_media":9919,"comment_status":"closed","ping_status":"closed","template":"","meta":[],"product_brand":[],"product_cat":[17,24],"product_tag":[],"class_list":{"0":"post-9918","1":"product","2":"type-product","3":"status-publish","4":"has-post-thumbnail","6":"product_cat-plant-extract","7":"product_cat-ratio-extract","9":"first","10":"instock","11":"shipping-taxable","12":"product-type-simple"},"_links":{"self":[{"href":"https:\/\/www.hvbio.com\/pt\/wp-json\/wp\/v2\/product\/9918","targetHints":{"allow":["GET"]}}],"collection":[{"href":"https:\/\/www.hvbio.com\/pt\/wp-json\/wp\/v2\/product"}],"about":[{"href":"https:\/\/www.hvbio.com\/pt\/wp-json\/wp\/v2\/types\/product"}],"replies":[{"embeddable":true,"href":"https:\/\/www.hvbio.com\/pt\/wp-json\/wp\/v2\/comments?post=9918"}],"wp:featuredmedia":[{"embeddable":true,"href":"https:\/\/www.hvbio.com\/pt\/wp-json\/wp\/v2\/media\/9919"}],"wp:attachment":[{"href":"https:\/\/www.hvbio.com\/pt\/wp-json\/wp\/v2\/media?parent=9918"}],"wp:term":[{"taxonomy":"product_brand","embeddable":true,"href":"https:\/\/www.hvbio.com\/pt\/wp-json\/wp\/v2\/product_brand?post=9918"},{"taxonomy":"product_cat","embeddable":true,"href":"https:\/\/www.hvbio.com\/pt\/wp-json\/wp\/v2\/product_cat?post=9918"},{"taxonomy":"product_tag","embeddable":true,"href":"https:\/\/www.hvbio.com\/pt\/wp-json\/wp\/v2\/product_tag?post=9918"}],"curies":[{"name":"wp","href":"https:\/\/api.w.org\/{rel}","templated":true}]}}