{"id":9950,"date":"2025-09-01T15:23:01","date_gmt":"2025-09-01T07:23:01","guid":{"rendered":"https:\/\/www.hvbio.com\/?post_type=product&#038;p=9950"},"modified":"2025-09-01T15:26:46","modified_gmt":"2025-09-01T07:26:46","slug":"agaricus-blazei-murill-polysaccharides-30","status":"publish","type":"product","link":"https:\/\/www.hvbio.com\/pt\/produto\/agaricus-blazei-murill-polysaccharides-30\/","title":{"rendered":"Polissacar\u00eddeos 30% de Agaricus blazei Murill"},"content":{"rendered":"<table style=\"height: 381px;\" width=\"1453\">\n<thead>\n<tr>\n<th>Item<\/th>\n<th>Descri\u00e7\u00e3o<\/th>\n<\/tr>\n<\/thead>\n<tbody>\n<tr>\n<td>Nome do produto<\/td>\n<td>Polissacar\u00eddeos 30% de Agaricus blazei Murill<\/td>\n<\/tr>\n<tr>\n<td>Ingredientes principais<\/td>\n<td>Principais ingredientes ativos (polissacar\u00eddeos de Agaricus blazei Murill, \u226530%) e tra\u00e7os de ingredientes auxiliares<\/td>\n<\/tr>\n<tr>\n<td>Fonte de Extra\u00e7\u00e3o<\/td>\n<td>Derivado dos corpos de frutifica\u00e7\u00e3o maduros de\u00a0<em>Agaricus blazei Murill<\/em>\u00a0(ABM), que pertence ao reino Fungi (Basidiomycota, Agaricales, Tricholomataceae, Tricholoma)<\/td>\n<\/tr>\n<tr>\n<td>Apar\u00eancia<\/td>\n<td>P\u00f3 marrom escuro<\/td>\n<\/tr>\n<tr>\n<td>M\u00e9todo de teste<\/td>\n<td>HPLC\/UV<\/td>\n<\/tr>\n<tr>\n<td>Formas de dosagem de aplica\u00e7\u00e3o<\/td>\n<td>Amplamente aplic\u00e1vel a v\u00e1rias formas de dosagem (por exemplo, c\u00e1psulas, comprimidos, p\u00f3s, l\u00edquidos orais)<\/td>\n<\/tr>\n<tr>\n<td>Tempo de fornecimento<\/td>\n<td>Dispon\u00edvel durante todo o ano<\/td>\n<\/tr>\n<tr>\n<td>Armazenar<\/td>\n<td>Conservar em recipiente fechado, em local fresco, seco e escuro, longe de fontes de calor e ambientes \u00famidos.<\/td>\n<\/tr>\n<tr>\n<td>Prazo de validade<\/td>\n<td>2 anos<\/td>\n<\/tr>\n<\/tbody>\n<\/table>","protected":false},"excerpt":{"rendered":"<h4 class=\"header-vfC6AV auto-hide-last-sibling-br\">Nome do produto: Polissacar\u00eddeos Murill 30% de Agaricus blazei<\/h4>\n<h4 class=\"header-vfC6AV auto-hide-last-sibling-br\">Ingredientes principais: ingredientes ativos essenciais e ingredientes auxiliares vestigiais<\/h4>\n<h4 class=\"header-vfC6AV auto-hide-last-sibling-br\">Fonte de extra\u00e7\u00e3o: Reino f\u00fangico<\/h4>\n<h4 class=\"header-vfC6AV auto-hide-last-sibling-br\">Apar\u00eancia: P\u00f3 marrom escuro<\/h4>\n<h4 class=\"header-vfC6AV auto-hide-last-sibling-br\">M\u00e9todo de detec\u00e7\u00e3o: HPLC\/UV<\/h4>\n<h4 class=\"header-vfC6AV auto-hide-last-sibling-br\">Forma de dosagem de aplica\u00e7\u00e3o: Ampla gama de aplica\u00e7\u00f5es<\/h4>\n<h4 class=\"header-vfC6AV auto-hide-last-sibling-br\">Tempo de fornecimento: Ano inteiro<\/h4>\n<h4 class=\"header-vfC6AV auto-hide-last-sibling-br\">Instru\u00e7\u00f5es de compra<\/h4>\n<ul class=\"auto-hide-last-sibling-br\">\n<li>\n<h4>\u3010M\u00e9todo de embalagem\u301125 kg por tambor de papel ou saco de papel alum\u00ednio<\/h4>\n<\/li>\n<li>\n<h4>\u3010Condi\u00e7\u00f5es de armazenamento\u3011Deve ser selado e protegido da luz, armazenado em local seco, fresco e bem ventilado<\/h4>\n<\/li>\n<li>\n<h4>\u3010Validade\u3011Dois anos<\/h4>\n<\/li>\n<li>\n<h4>\u3010Fornecimento de amostras\u3011Geralmente, amostras de 5-20 g s\u00e3o fornecidas para os produtos; taxas de amostra s\u00e3o cobradas para alguns produtos.<\/h4>\n<\/li>\n<li>\n<h4>\u3010Embalagem do produto\u3011Embalado em tambores de papel ou sacos de papel alum\u00ednio (embalagem personalizada dispon\u00edvel mediante solicita\u00e7\u00e3o do cliente)<\/h4>\n<\/li>\n<li>\n<h4>\u3010Prazo de entrega\u3011Produtos n\u00e3o personalizados ser\u00e3o enviados em at\u00e9 48 horas; o prazo de entrega para produtos personalizados ser\u00e1 ajustado de acordo com as necessidades reais.<\/h4>\n<\/li>\n<li>\n<h4>\u3010M\u00e9todo de embalagem\u301125 kg por tambor de papel ou saco de papel alum\u00ednio; a embalagem pode ser ajustada de acordo com as condi\u00e7\u00f5es reais.<\/h4>\n<\/li>\n<li>\n<h4>\u3010M\u00e9todo de transporte\u3011Log\u00edstica expressa nacional; o pre\u00e7o cotado inclui custos de transporte.<\/h4>\n<\/li>\n<li>\n<h4>\u3010Condi\u00e7\u00f5es de armazenamento\u3011Selado e protegido da luz, armazenado em local seco, fresco e bem ventilado.<\/h4>\n<\/li>\n<\/ul>","protected":false},"featured_media":9951,"comment_status":"closed","ping_status":"closed","template":"","meta":[],"product_brand":[],"product_cat":[17,23],"product_tag":[],"class_list":{"0":"post-9950","1":"product","2":"type-product","3":"status-publish","4":"has-post-thumbnail","6":"product_cat-plant-extract","7":"product_cat-standard-extract","9":"first","10":"instock","11":"shipping-taxable","12":"product-type-simple"},"_links":{"self":[{"href":"https:\/\/www.hvbio.com\/pt\/wp-json\/wp\/v2\/product\/9950","targetHints":{"allow":["GET"]}}],"collection":[{"href":"https:\/\/www.hvbio.com\/pt\/wp-json\/wp\/v2\/product"}],"about":[{"href":"https:\/\/www.hvbio.com\/pt\/wp-json\/wp\/v2\/types\/product"}],"replies":[{"embeddable":true,"href":"https:\/\/www.hvbio.com\/pt\/wp-json\/wp\/v2\/comments?post=9950"}],"wp:featuredmedia":[{"embeddable":true,"href":"https:\/\/www.hvbio.com\/pt\/wp-json\/wp\/v2\/media\/9951"}],"wp:attachment":[{"href":"https:\/\/www.hvbio.com\/pt\/wp-json\/wp\/v2\/media?parent=9950"}],"wp:term":[{"taxonomy":"product_brand","embeddable":true,"href":"https:\/\/www.hvbio.com\/pt\/wp-json\/wp\/v2\/product_brand?post=9950"},{"taxonomy":"product_cat","embeddable":true,"href":"https:\/\/www.hvbio.com\/pt\/wp-json\/wp\/v2\/product_cat?post=9950"},{"taxonomy":"product_tag","embeddable":true,"href":"https:\/\/www.hvbio.com\/pt\/wp-json\/wp\/v2\/product_tag?post=9950"}],"curies":[{"name":"wp","href":"https:\/\/api.w.org\/{rel}","templated":true}]}}