{"id":9961,"date":"2025-09-01T15:46:41","date_gmt":"2025-09-01T07:46:41","guid":{"rendered":"https:\/\/www.hvbio.com\/?post_type=product&#038;p=9961"},"modified":"2025-09-01T15:46:42","modified_gmt":"2025-09-01T07:46:42","slug":"tuber-fleeceflower-vine-extract","status":"publish","type":"product","link":"https:\/\/www.hvbio.com\/pt\/produto\/tuber-fleeceflower-vine-extract\/","title":{"rendered":"Extrato de videira de flor de l\u00e3 tuberosa"},"content":{"rendered":"<table>\n<thead>\n<tr>\n<th>Item<\/th>\n<th>Descri\u00e7\u00e3o<\/th>\n<\/tr>\n<\/thead>\n<tbody>\n<tr>\n<td><strong>Nome do produto<\/strong><\/td>\n<td>Extrato de videira de flor de l\u00e3 tuberosa<\/td>\n<\/tr>\n<tr>\n<td><strong>Pseud\u00f4nimo<\/strong><\/td>\n<td>Ye Jiaoteng (Night-Blooming Creeper Vine)<\/td>\n<\/tr>\n<tr>\n<td><strong>Fonte<\/strong><\/td>\n<td>This product is the dried vine stem of\u00a0<em>Polygonum multiflorum<\/em>\u00a0Thunb., a plant belonging to the Polygonaceae family. It is harvested in autumn and winter, with residual leaves removed, bundled into sheaves, and then dried.<\/td>\n<\/tr>\n<tr>\n<td><strong>Propriedades<\/strong><\/td>\n<td>Brown powder, hygroscopic (easily absorbs moisture), soluble in water, tested by Thin Layer Chromatography (TLC).<\/td>\n<\/tr>\n<tr>\n<td><strong>Tamanho da malha do produto<\/strong><\/td>\n<td>98% do produto passa por uma peneira de 80 mesh.<\/td>\n<\/tr>\n<tr>\n<td><strong>M\u00e9todo de embalagem<\/strong><\/td>\n<td>25 kg per paper drum or aluminum foil bag.<\/td>\n<\/tr>\n<tr>\n<td><strong>Condi\u00e7\u00f5es de armazenamento<\/strong><\/td>\n<td>Should be sealed and protected from light, stored in a dry, cool, and well-ventilated place.<\/td>\n<\/tr>\n<tr>\n<td><strong>Prazo de validade<\/strong><\/td>\n<td>24 meses<\/td>\n<\/tr>\n<tr>\n<td><strong>Expresso e Log\u00edstica<\/strong><\/td>\n<td>Entrega expressa ou log\u00edstica. A entrega expressa dom\u00e9stica geralmente chega em at\u00e9 3 dias, e a log\u00edstica geralmente chega em at\u00e9 5 dias. Os or\u00e7amentos geralmente incluem os custos de transporte dom\u00e9stico.<\/td>\n<\/tr>\n<\/tbody>\n<\/table>","protected":false},"excerpt":{"rendered":"<p>Item Description Product Name Tuber Fleeceflower Vine Extract Alias Ye Jiaoteng (Night-Blooming Creeper Vine) Source This product is the dried<\/p>","protected":false},"featured_media":9962,"comment_status":"closed","ping_status":"closed","template":"","meta":[],"product_brand":[],"product_cat":[24,17],"product_tag":[],"class_list":{"0":"post-9961","1":"product","2":"type-product","3":"status-publish","4":"has-post-thumbnail","6":"product_cat-ratio-extract","7":"product_cat-plant-extract","9":"first","10":"instock","11":"shipping-taxable","12":"product-type-simple"},"_links":{"self":[{"href":"https:\/\/www.hvbio.com\/pt\/wp-json\/wp\/v2\/product\/9961","targetHints":{"allow":["GET"]}}],"collection":[{"href":"https:\/\/www.hvbio.com\/pt\/wp-json\/wp\/v2\/product"}],"about":[{"href":"https:\/\/www.hvbio.com\/pt\/wp-json\/wp\/v2\/types\/product"}],"replies":[{"embeddable":true,"href":"https:\/\/www.hvbio.com\/pt\/wp-json\/wp\/v2\/comments?post=9961"}],"wp:featuredmedia":[{"embeddable":true,"href":"https:\/\/www.hvbio.com\/pt\/wp-json\/wp\/v2\/media\/9962"}],"wp:attachment":[{"href":"https:\/\/www.hvbio.com\/pt\/wp-json\/wp\/v2\/media?parent=9961"}],"wp:term":[{"taxonomy":"product_brand","embeddable":true,"href":"https:\/\/www.hvbio.com\/pt\/wp-json\/wp\/v2\/product_brand?post=9961"},{"taxonomy":"product_cat","embeddable":true,"href":"https:\/\/www.hvbio.com\/pt\/wp-json\/wp\/v2\/product_cat?post=9961"},{"taxonomy":"product_tag","embeddable":true,"href":"https:\/\/www.hvbio.com\/pt\/wp-json\/wp\/v2\/product_tag?post=9961"}],"curies":[{"name":"wp","href":"https:\/\/api.w.org\/{rel}","templated":true}]}}