{"id":9968,"date":"2025-09-01T15:59:54","date_gmt":"2025-09-01T07:59:54","guid":{"rendered":"https:\/\/www.hvbio.com\/?post_type=product&#038;p=9968"},"modified":"2025-09-01T15:59:54","modified_gmt":"2025-09-01T07:59:54","slug":"coleus-forskohlii-extract","status":"publish","type":"product","link":"https:\/\/www.hvbio.com\/pt\/produto\/coleus-forskohlii-extract\/","title":{"rendered":"Extrato de Coleus Forskohlii"},"content":{"rendered":"<table style=\"height: 376px;\" width=\"1037\">\n<thead>\n<tr>\n<th><strong>Item<\/strong><\/th>\n<th><strong>Descri\u00e7\u00e3o<\/strong><\/th>\n<\/tr>\n<\/thead>\n<tbody>\n<tr>\n<td>Nome do produto<\/td>\n<td>Extrato de Coleus Forskohlii<\/td>\n<\/tr>\n<tr>\n<td>Ingrediente principal<\/td>\n<td>Forskolin<\/td>\n<\/tr>\n<tr>\n<td>Fonte de Extra\u00e7\u00e3o<\/td>\n<td>Derived from\u00a0<em>Coleus forskohlii<\/em>\u00a0(a plant belonging to the genus\u00a0<em>Coleus<\/em>\u00a0in the Lamiaceae family)<\/td>\n<\/tr>\n<tr>\n<td>Apar\u00eancia<\/td>\n<td>P\u00f3 marrom<\/td>\n<\/tr>\n<tr>\n<td>M\u00e9todo de detec\u00e7\u00e3o<\/td>\n<td>TLC (Cromatografia em Camada Delgada)<\/td>\n<\/tr>\n<tr>\n<td>Formas de dosagem de aplica\u00e7\u00e3o<\/td>\n<td>Ampla gama de aplica\u00e7\u00f5es<\/td>\n<\/tr>\n<tr>\n<td>Tempo de fornecimento<\/td>\n<td>Dispon\u00edvel durante todo o ano<\/td>\n<\/tr>\n<tr>\n<td>Condi\u00e7\u00f5es de armazenamento<\/td>\n<td>Conservar em recipiente fechado, em local fresco, seco e ao abrigo da luz, longe de fontes de calor e ambientes h\u00famidos.<\/td>\n<\/tr>\n<tr>\n<td>Prazo de validade<\/td>\n<td>2 anos<\/td>\n<\/tr>\n<\/tbody>\n<\/table>","protected":false},"excerpt":{"rendered":"<h4 class=\"header-vfC6AV auto-hide-last-sibling-br\">Product Name: Coleus Forskohlii Extract<\/h4>\n<h4 class=\"header-vfC6AV auto-hide-last-sibling-br\">Main Ingredient: Forskolin<\/h4>\n<h4 class=\"header-vfC6AV auto-hide-last-sibling-br\">Extraction Source: Derived from\u00a0<em>Coleus forskohlii<\/em>\u00a0(a plant of the genus\u00a0<em>Coleus<\/em>\u00a0in the Lamiaceae family)<\/h4>\n<h4 class=\"header-vfC6AV auto-hide-last-sibling-br\">Apar\u00eancia: P\u00f3 marrom<\/h4>\n<h4 class=\"header-vfC6AV auto-hide-last-sibling-br\">M\u00e9todo de detec\u00e7\u00e3o: TLC (Cromatografia em camada fina)<\/h4>\n<h4 class=\"header-vfC6AV auto-hide-last-sibling-br\">Formas de dosagem de aplica\u00e7\u00e3o: Ampla gama de aplica\u00e7\u00f5es<\/h4>\n<h4 class=\"header-vfC6AV auto-hide-last-sibling-br\">Prazo de fornecimento: Dispon\u00edvel durante todo o ano<\/h4>\n<h4 class=\"header-vfC6AV auto-hide-last-sibling-br\">Instru\u00e7\u00f5es de compra<\/h4>\n<ul class=\"auto-hide-last-sibling-br\">\n<li>\n<h4>\u3010Packaging Method\u301125 kg per cardboard drum or aluminum foil bag; packaging can be adjusted according to actual conditions.<\/h4>\n<\/li>\n<li>\n<h4>\u3010Storage Conditions\u3011Should be sealed and protected from light, stored in a dry, cool and well-ventilated place.<\/h4>\n<\/li>\n<li>\n<h4>\u3010Validade\u30112 anos<\/h4>\n<\/li>\n<li>\n<h4>\u3010Sample Provision\u3011Generally, 5-20g of sample is provided for each product; a sample fee is charged for some products.<\/h4>\n<\/li>\n<li>\n<h4>\u3010Product Packaging\u3011Packaged in cardboard drums or aluminum foil bags (customizable according to customer requirements).<\/h4>\n<\/li>\n<li>\n<h4>\u3010Prazo de entrega\u3011Produtos n\u00e3o personalizados ser\u00e3o enviados em at\u00e9 48 horas; o prazo de entrega para produtos personalizados ser\u00e1 ajustado de acordo com as necessidades reais.<\/h4>\n<\/li>\n<li>\n<h4>\u3010M\u00e9todo de transporte\u3011Entrega expressa nacional e log\u00edstica; o pre\u00e7o cotado inclui custos de transporte.<\/h4>\n<\/li>\n<\/ul>","protected":false},"featured_media":9969,"comment_status":"closed","ping_status":"closed","template":"","meta":[],"product_brand":[],"product_cat":[17,24],"product_tag":[],"class_list":{"0":"post-9968","1":"product","2":"type-product","3":"status-publish","4":"has-post-thumbnail","6":"product_cat-plant-extract","7":"product_cat-ratio-extract","9":"first","10":"instock","11":"shipping-taxable","12":"product-type-simple"},"_links":{"self":[{"href":"https:\/\/www.hvbio.com\/pt\/wp-json\/wp\/v2\/product\/9968","targetHints":{"allow":["GET"]}}],"collection":[{"href":"https:\/\/www.hvbio.com\/pt\/wp-json\/wp\/v2\/product"}],"about":[{"href":"https:\/\/www.hvbio.com\/pt\/wp-json\/wp\/v2\/types\/product"}],"replies":[{"embeddable":true,"href":"https:\/\/www.hvbio.com\/pt\/wp-json\/wp\/v2\/comments?post=9968"}],"wp:featuredmedia":[{"embeddable":true,"href":"https:\/\/www.hvbio.com\/pt\/wp-json\/wp\/v2\/media\/9969"}],"wp:attachment":[{"href":"https:\/\/www.hvbio.com\/pt\/wp-json\/wp\/v2\/media?parent=9968"}],"wp:term":[{"taxonomy":"product_brand","embeddable":true,"href":"https:\/\/www.hvbio.com\/pt\/wp-json\/wp\/v2\/product_brand?post=9968"},{"taxonomy":"product_cat","embeddable":true,"href":"https:\/\/www.hvbio.com\/pt\/wp-json\/wp\/v2\/product_cat?post=9968"},{"taxonomy":"product_tag","embeddable":true,"href":"https:\/\/www.hvbio.com\/pt\/wp-json\/wp\/v2\/product_tag?post=9968"}],"curies":[{"name":"wp","href":"https:\/\/api.w.org\/{rel}","templated":true}]}}