{"id":9979,"date":"2025-09-01T16:08:17","date_gmt":"2025-09-01T08:08:17","guid":{"rendered":"https:\/\/www.hvbio.com\/?post_type=product&#038;p=9979"},"modified":"2025-09-01T16:08:18","modified_gmt":"2025-09-01T08:08:18","slug":"psoralea-corylifolia-extract","status":"publish","type":"product","link":"https:\/\/www.hvbio.com\/pt\/produto\/psoralea-corylifolia-extract\/","title":{"rendered":"Extrato de Psoralea corylifolia"},"content":{"rendered":"<table>\n<thead>\n<tr>\n<th>Item<\/th>\n<th>Descri\u00e7\u00e3o<\/th>\n<\/tr>\n<\/thead>\n<tbody>\n<tr>\n<td>Nome do produto<\/td>\n<td>Psoralea Corylifolia Extract<br class=\"container-Uxvbjy wrapper-GYqxgQ undefined\" \/><br class=\"container-Uxvbjy wrapper-GYqxgQ undefined\" \/>Psoralea corylifolia Linn. (scientific name), also known as Poguzhi, Poguzhi (alternative Chinese names), or Hujiezi. It belongs to the Rosales order, Fabaceae family, an annual upright herb, 60-150cm tall. The leaves are simple leaves, 7-8mm long; petioles are 2-4.5cm long, leaves are broadly ovate. Inflorescences are axillary, with 10-30 flowers, corollas are yellow or blue, petals have obvious claw, and standard petals are obovate. The legumes are ovate.<\/td>\n<\/tr>\n<tr>\n<td>Nome em ingl\u00eas<\/td>\n<td>Fructus psoraleae extract<\/td>\n<\/tr>\n<tr>\n<td>Especifica\u00e7\u00e3o<\/td>\n<td>1:1<\/td>\n<\/tr>\n<tr>\n<td>Apar\u00eancia<\/td>\n<td>P\u00f3 marrom-amarelado<\/td>\n<\/tr>\n<tr>\n<td>Fonte de Extra\u00e7\u00e3o<\/td>\n<td>Mature seeds<\/td>\n<\/tr>\n<tr>\n<td>Prazo de validade<\/td>\n<td>24 meses<\/td>\n<\/tr>\n<tr>\n<td>Expresso e Log\u00edstica<\/td>\n<td>Entrega expressa ou log\u00edstica. A entrega expressa dom\u00e9stica geralmente chega em at\u00e9 3 dias, e a log\u00edstica geralmente chega em at\u00e9 5 dias. O or\u00e7amento geralmente inclui os custos de transporte dom\u00e9stico.<\/td>\n<\/tr>\n<tr>\n<td>Provis\u00e3o de amostra<\/td>\n<td>Geralmente, s\u00e3o fornecidas pequenas amostras de 5 a 20 g dos produtos; alguns produtos cobram uma taxa de amostra.<\/td>\n<\/tr>\n<tr>\n<td>Embalagem do produto<\/td>\n<td>Embalagem em tambor de papel ou saco de papel alum\u00ednio (a embalagem pode ser personalizada de acordo com as necessidades do cliente)<\/td>\n<\/tr>\n<\/tbody>\n<\/table>","protected":false},"excerpt":{"rendered":"<p>Item Description Product Name Psoralea Corylifolia ExtractPsoralea corylifolia Linn. (scientific name), also known as Poguzhi, Poguzhi (alternative Chinese names), or<\/p>","protected":false},"featured_media":9980,"comment_status":"closed","ping_status":"closed","template":"","meta":[],"product_brand":[],"product_cat":[17,24],"product_tag":[],"class_list":{"0":"post-9979","1":"product","2":"type-product","3":"status-publish","4":"has-post-thumbnail","6":"product_cat-plant-extract","7":"product_cat-ratio-extract","9":"first","10":"instock","11":"shipping-taxable","12":"product-type-simple"},"_links":{"self":[{"href":"https:\/\/www.hvbio.com\/pt\/wp-json\/wp\/v2\/product\/9979","targetHints":{"allow":["GET"]}}],"collection":[{"href":"https:\/\/www.hvbio.com\/pt\/wp-json\/wp\/v2\/product"}],"about":[{"href":"https:\/\/www.hvbio.com\/pt\/wp-json\/wp\/v2\/types\/product"}],"replies":[{"embeddable":true,"href":"https:\/\/www.hvbio.com\/pt\/wp-json\/wp\/v2\/comments?post=9979"}],"wp:featuredmedia":[{"embeddable":true,"href":"https:\/\/www.hvbio.com\/pt\/wp-json\/wp\/v2\/media\/9980"}],"wp:attachment":[{"href":"https:\/\/www.hvbio.com\/pt\/wp-json\/wp\/v2\/media?parent=9979"}],"wp:term":[{"taxonomy":"product_brand","embeddable":true,"href":"https:\/\/www.hvbio.com\/pt\/wp-json\/wp\/v2\/product_brand?post=9979"},{"taxonomy":"product_cat","embeddable":true,"href":"https:\/\/www.hvbio.com\/pt\/wp-json\/wp\/v2\/product_cat?post=9979"},{"taxonomy":"product_tag","embeddable":true,"href":"https:\/\/www.hvbio.com\/pt\/wp-json\/wp\/v2\/product_tag?post=9979"}],"curies":[{"name":"wp","href":"https:\/\/api.w.org\/{rel}","templated":true}]}}