{"id":9986,"date":"2025-09-01T16:20:45","date_gmt":"2025-09-01T08:20:45","guid":{"rendered":"https:\/\/www.hvbio.com\/?post_type=product&#038;p=9986"},"modified":"2025-09-01T16:20:46","modified_gmt":"2025-09-01T08:20:46","slug":"fenugreek-extract","status":"publish","type":"product","link":"https:\/\/www.hvbio.com\/pt\/produto\/fenugreek-extract\/","title":{"rendered":"Extrato de feno-grego"},"content":{"rendered":"<table>\n<thead>\n<tr>\n<th><strong>Item<\/strong><\/th>\n<th><strong>Detalhes<\/strong><\/th>\n<\/tr>\n<\/thead>\n<tbody>\n<tr>\n<td>Nome do produto<\/td>\n<td>Extrato de feno-grego<\/td>\n<\/tr>\n<tr>\n<td>Ingredientes principais<\/td>\n<td>Alcaloides, saponinas, flavonoides<\/td>\n<\/tr>\n<tr>\n<td>Fonte de Extra\u00e7\u00e3o<\/td>\n<td>O extrato \u00e9 derivado das sementes maduras de\u00a0<em>Trigonella foenum-graecum<\/em>\u00a0L. (uma planta do g\u00eanero\u00a0<em>Trigonela<\/em>\u00a0(na fam\u00edlia Fabaceae)<\/td>\n<\/tr>\n<tr>\n<td>Apar\u00eancia<\/td>\n<td>P\u00f3 amarelo-acastanhado claro<\/td>\n<\/tr>\n<tr>\n<td>M\u00e9todo de detec\u00e7\u00e3o<\/td>\n<td>TLC (Cromatografia em Camada Delgada)<\/td>\n<\/tr>\n<tr>\n<td>Formas de dosagem de aplica\u00e7\u00e3o<\/td>\n<td>Ampla gama de aplica\u00e7\u00f5es<\/td>\n<\/tr>\n<tr>\n<td>Tempo de fornecimento<\/td>\n<td>Dispon\u00edvel durante todo o ano<\/td>\n<\/tr>\n<tr>\n<td>Condi\u00e7\u00f5es de armazenamento<\/td>\n<td>Conservar em recipiente fechado, em local fresco, seco e ao abrigo da luz, longe de fontes de calor e ambientes h\u00famidos.<\/td>\n<\/tr>\n<tr>\n<td>Prazo de validade<\/td>\n<td>Dois anos<\/td>\n<\/tr>\n<\/tbody>\n<\/table>","protected":false},"excerpt":{"rendered":"<h3 class=\"header-vfC6AV auto-hide-last-sibling-br\">Nome do produto: Extrato de feno-grego<\/h3>\n<h3 class=\"header-vfC6AV auto-hide-last-sibling-br\">Ingredientes principais: Alcaloides, saponinas, flavonoides<\/h3>\n<h3 class=\"header-vfC6AV auto-hide-last-sibling-br\">Fonte de extra\u00e7\u00e3o: O extrato \u00e9 derivado das sementes maduras de\u00a0<em>Trigonella foenum-graecum<\/em>\u00a0L. (uma planta do g\u00eanero\u00a0<em>Trigonela<\/em>\u00a0(na fam\u00edlia Fabaceae)<\/h3>\n<h3 class=\"header-vfC6AV auto-hide-last-sibling-br\">Apar\u00eancia: P\u00f3 amarelo-acastanhado claro<\/h3>\n<h3 class=\"header-vfC6AV auto-hide-last-sibling-br\">M\u00e9todo de detec\u00e7\u00e3o: TLC (Cromatografia em camada fina)<\/h3>\n<h3 class=\"header-vfC6AV auto-hide-last-sibling-br\">Formas de dosagem de aplica\u00e7\u00e3o: Ampla gama de aplica\u00e7\u00f5es<\/h3>\n<h3 class=\"header-vfC6AV auto-hide-last-sibling-br\">Prazo de fornecimento: Dispon\u00edvel durante todo o ano<\/h3>\n<h3 class=\"header-vfC6AV auto-hide-last-sibling-br\">Notas de compra<\/h3>\n<ul class=\"auto-hide-last-sibling-br\">\n<li>\n<h3><strong>M\u00e9todo de embalagem<\/strong>: 25 kg por tambor de papel\u00e3o ou saco de papel alum\u00ednio<\/h3>\n<\/li>\n<li>\n<h3><strong>Condi\u00e7\u00f5es de armazenamento<\/strong>: Deve ser selado e protegido da luz e armazenado em local seco, fresco e bem ventilado<\/h3>\n<\/li>\n<li>\n<h3><strong>Prazo de validade<\/strong>: 2 anos<\/h3>\n<\/li>\n<li>\n<h3><strong>Provis\u00e3o de amostra<\/strong>: Geralmente, 5-20 g de amostra s\u00e3o fornecidas para o produto; uma taxa de amostra \u00e9 cobrada para alguns produtos.<\/h3>\n<\/li>\n<li>\n<h3><strong>Embalagem do produto<\/strong>: Embalado em tambores de papel\u00e3o ou sacos de papel alum\u00ednio (a embalagem pode ser personalizada de acordo com as necessidades do cliente)<\/h3>\n<\/li>\n<li>\n<h3><strong>Prazo de entrega<\/strong>: Produtos n\u00e3o personalizados ser\u00e3o enviados em at\u00e9 48 horas; o prazo de entrega para produtos personalizados ser\u00e1 ajustado com base nas necessidades reais.<\/h3>\n<\/li>\n<li>\n<h3><strong>M\u00e9todo de embalagem<\/strong>: 25 kg por tambor de papel\u00e3o ou saco de papel alum\u00ednio; a embalagem pode ser ajustada de acordo com as condi\u00e7\u00f5es reais.<\/h3>\n<\/li>\n<li>\n<h3><strong>M\u00e9todo de transporte<\/strong>: Entrega expressa nacional ou log\u00edstica; o pre\u00e7o cotado inclui custos de transporte.<\/h3>\n<\/li>\n<li>\n<h3><strong>Condi\u00e7\u00f5es de armazenamento<\/strong>: Selado e protegido da luz, armazenado em local seco, fresco e bem ventilado<\/h3>\n<\/li>\n<\/ul>","protected":false},"featured_media":9987,"comment_status":"closed","ping_status":"closed","template":"","meta":[],"product_brand":[],"product_cat":[17,24],"product_tag":[],"class_list":{"0":"post-9986","1":"product","2":"type-product","3":"status-publish","4":"has-post-thumbnail","6":"product_cat-plant-extract","7":"product_cat-ratio-extract","9":"first","10":"instock","11":"shipping-taxable","12":"product-type-simple"},"_links":{"self":[{"href":"https:\/\/www.hvbio.com\/pt\/wp-json\/wp\/v2\/product\/9986","targetHints":{"allow":["GET"]}}],"collection":[{"href":"https:\/\/www.hvbio.com\/pt\/wp-json\/wp\/v2\/product"}],"about":[{"href":"https:\/\/www.hvbio.com\/pt\/wp-json\/wp\/v2\/types\/product"}],"replies":[{"embeddable":true,"href":"https:\/\/www.hvbio.com\/pt\/wp-json\/wp\/v2\/comments?post=9986"}],"wp:featuredmedia":[{"embeddable":true,"href":"https:\/\/www.hvbio.com\/pt\/wp-json\/wp\/v2\/media\/9987"}],"wp:attachment":[{"href":"https:\/\/www.hvbio.com\/pt\/wp-json\/wp\/v2\/media?parent=9986"}],"wp:term":[{"taxonomy":"product_brand","embeddable":true,"href":"https:\/\/www.hvbio.com\/pt\/wp-json\/wp\/v2\/product_brand?post=9986"},{"taxonomy":"product_cat","embeddable":true,"href":"https:\/\/www.hvbio.com\/pt\/wp-json\/wp\/v2\/product_cat?post=9986"},{"taxonomy":"product_tag","embeddable":true,"href":"https:\/\/www.hvbio.com\/pt\/wp-json\/wp\/v2\/product_tag?post=9986"}],"curies":[{"name":"wp","href":"https:\/\/api.w.org\/{rel}","templated":true}]}}