{"id":9991,"date":"2025-09-01T16:25:06","date_gmt":"2025-09-01T08:25:06","guid":{"rendered":"https:\/\/www.hvbio.com\/?post_type=product&#038;p=9991"},"modified":"2025-09-01T16:25:06","modified_gmt":"2025-09-01T08:25:06","slug":"prickly-pear-powder","status":"publish","type":"product","link":"https:\/\/www.hvbio.com\/pt\/produto\/prickly-pear-powder\/","title":{"rendered":"P\u00f3 de pera espinhosa"},"content":{"rendered":"<div class=\"inter-H_fm37\">\n<div class=\"container-PvPoAn\">\n<div class=\"item-kDun2N\">\n<div class=\"container-SrVXPg chrome70-container\">\n<div class=\"inner-Qo5lJS inner-item-Nz3mG4\" data-target-id=\"message-box-target-id\" data-testid=\"union_message\">\n<div class=\"message-block-container-PggqdK\" data-testid=\"message-block-container\">\n<div class=\"flex flex-row w-full w-full max-w-full s-font-base text-s-color-text-secondary p-0 rounded-s-radius-s bg-transparent group data-[attr=select-mode]:-mt-10 data-[attr=select-mode]:py-10 data-[attr=select-mode]:px-16 data-[attr=select-mode]:sm:p-10 data-[attr=select-mode]:hover:bg-s-color-bg-base data-[attr=select-mode]:hover:rounded-s-radius-xs data-[attr=select-mode]:has-[:checked]:bg-s-color-bg-trans data-[attr=select-mode]:has-[:checked]:rounded-s-radius-xs data-[attr=select-mode]:pointer-events-none\" data-testid=\"receive_message\">\n<div class=\"flex flex-col flex-grow max-w-full min-w-0\">\n<div class=\"flex flex-row w-full\" data-testid=\"message_content\" data-message-id=\"18846103985642242\">\n<div class=\"w-full\" data-plugin-identifier=\"Symbol(infra:receive-message-box:text)\">\n<div class=\"container-P2rR72 flow-markdown-body theme-samantha-uDexJL\" dir=\"ltr\" data-testid=\"message_text_content\" data-show-indicator=\"false\">\n<div class=\"auto-hide-last-sibling-br mdbox-table-root table-container-cYf_5N\" data-scroll-inline-overflow=\"false\" data-scroll-inline-at-start=\"true\" data-scroll-inline-start-overflow=\"false\" data-scroll-inline-at-end=\"true\" data-scroll-inline-end-overflow=\"false\">\n<div class=\"table-scroll-container-Gyf4hQ mdbox-table-scroll-container\">\n<table>\n<thead>\n<tr>\n<th>Item<\/th>\n<th>Descri\u00e7\u00e3o<\/th>\n<\/tr>\n<\/thead>\n<tbody>\n<tr>\n<td>Nome do produto<\/td>\n<td>P\u00f3 de pera espinhosa<\/td>\n<\/tr>\n<tr>\n<td>Nome latino da planta<\/td>\n<td>Opuntia dilenini<\/td>\n<\/tr>\n<tr>\n<td>Nomes alternativos de produtos<\/td>\n<td>Xianbazhang (Palma de Fada), Bawangshu (\u00c1rvore Overlord), Huoyan (Chama), Huozhang (Palma de Fogo)<\/td>\n<\/tr>\n<tr>\n<td>Fonte de uso<\/td>\n<td>Ra\u00edzes e caules de\u00a0<em>Opuntia dillenii<\/em>\u00a0Haw, uma planta da fam\u00edlia Cactaceae<\/td>\n<\/tr>\n<tr>\n<td>Distribui\u00e7\u00e3o geogr\u00e1fica<\/td>\n<td>Nativa da costa leste do M\u00e9xico, das \u00e1reas costeiras do sul e sudeste dos Estados Unidos, das \u00cdndias Ocidentais, das Ilhas Bermudas e do norte da Am\u00e9rica do Sul, naturalizou-se nas Ilhas Can\u00e1rias, na \u00cdndia e no leste da Austr\u00e1lia. Foi introduzida na China no final da Dinastia Ming e \u00e9 comumente cultivada nas \u00e1reas costeiras do sul da China, tendo-se naturalizado no sul de Guangdong, no sul de Guangxi e nas \u00e1reas costeiras de Hainan.<\/td>\n<\/tr>\n<tr>\n<td>Componente principal<\/td>\n<td>Polissacar\u00eddeos<\/td>\n<\/tr>\n<tr>\n<td>Especifica\u00e7\u00e3o do produto<\/td>\n<td>Este produto \u00e9 suco de cacto em p\u00f3. Para outras especifica\u00e7\u00f5es, entre em contato com o atendimento ao cliente.<\/td>\n<\/tr>\n<tr>\n<td>Caracter\u00edstica do produto<\/td>\n<td>P\u00f3 vermelho<\/td>\n<\/tr>\n<tr>\n<td>Tamanho da malha do produto<\/td>\n<td>98% passa por peneira de 80 malhas<\/td>\n<\/tr>\n<tr>\n<td>M\u00e9todo de embalagem<\/td>\n<td>25 kg por tambor de papel ou saco de papel alum\u00ednio<\/td>\n<\/tr>\n<tr>\n<td>Condi\u00e7\u00f5es de armazenamento<\/td>\n<td>Deve ser selado e protegido da luz, armazenado em local seco, fresco e bem ventilado<\/td>\n<\/tr>\n<tr>\n<td>Prazo de validade<\/td>\n<td>24 meses<\/td>\n<\/tr>\n<tr>\n<td>Expresso e Log\u00edstica<\/td>\n<td>Entrega expressa ou log\u00edstica. A entrega expressa dom\u00e9stica geralmente chega em at\u00e9 3 dias, e a log\u00edstica geralmente chega em at\u00e9 5 dias. O or\u00e7amento geralmente inclui os custos de transporte dom\u00e9stico.<\/td>\n<\/tr>\n<tr>\n<td>Provis\u00e3o de amostra<\/td>\n<td>Geralmente, s\u00e3o fornecidas pequenas amostras de 5 a 20 g dos produtos; alguns produtos cobram uma taxa de amostra.<\/td>\n<\/tr>\n<tr>\n<td>Embalagem do produto<\/td>\n<td>Embalagem em tambor de papel ou saco de papel alum\u00ednio (a embalagem pode ser personalizada de acordo com as necessidades do cliente)<\/td>\n<\/tr>\n<\/tbody>\n<\/table>\n<\/div>\n<\/div>\n<\/div>\n<\/div>\n<\/div>\n<div class=\"suggest-message-list-wrapper-QLdGFg\" data-testid=\"suggest_message_list\"><\/div>\n<\/div>\n<\/div>\n<\/div>\n<\/div>\n<\/div>\n<\/div>\n<\/div>\n<\/div>\n<div class=\"top-FLPRDF\">\n<div class=\"container-SrVXPg chrome70-container\"><\/div>\n<\/div>","protected":false},"excerpt":{"rendered":"<p>Item Description Product Name Prickly Pear Powder Plant Latin Name Opuntia dilenini Product Alternative Names Xianbazhang (Fairy Palm), Bawangshu (Overlord<\/p>","protected":false},"featured_media":9992,"comment_status":"closed","ping_status":"closed","template":"","meta":[],"product_brand":[],"product_cat":[20,18],"product_tag":[],"class_list":{"0":"post-9991","1":"product","2":"type-product","3":"status-publish","4":"has-post-thumbnail","6":"product_cat-fruit-powder","7":"product_cat-fruit-and-vegetable-powder","9":"first","10":"instock","11":"shipping-taxable","12":"product-type-simple"},"_links":{"self":[{"href":"https:\/\/www.hvbio.com\/pt\/wp-json\/wp\/v2\/product\/9991","targetHints":{"allow":["GET"]}}],"collection":[{"href":"https:\/\/www.hvbio.com\/pt\/wp-json\/wp\/v2\/product"}],"about":[{"href":"https:\/\/www.hvbio.com\/pt\/wp-json\/wp\/v2\/types\/product"}],"replies":[{"embeddable":true,"href":"https:\/\/www.hvbio.com\/pt\/wp-json\/wp\/v2\/comments?post=9991"}],"wp:featuredmedia":[{"embeddable":true,"href":"https:\/\/www.hvbio.com\/pt\/wp-json\/wp\/v2\/media\/9992"}],"wp:attachment":[{"href":"https:\/\/www.hvbio.com\/pt\/wp-json\/wp\/v2\/media?parent=9991"}],"wp:term":[{"taxonomy":"product_brand","embeddable":true,"href":"https:\/\/www.hvbio.com\/pt\/wp-json\/wp\/v2\/product_brand?post=9991"},{"taxonomy":"product_cat","embeddable":true,"href":"https:\/\/www.hvbio.com\/pt\/wp-json\/wp\/v2\/product_cat?post=9991"},{"taxonomy":"product_tag","embeddable":true,"href":"https:\/\/www.hvbio.com\/pt\/wp-json\/wp\/v2\/product_tag?post=9991"}],"curies":[{"name":"wp","href":"https:\/\/api.w.org\/{rel}","templated":true}]}}